{"id":8078,"date":"2021-06-15T14:12:08","date_gmt":"2021-06-15T14:12:08","guid":{"rendered":"https:\/\/beedle.co\/ecoles-et-districts\/"},"modified":"2021-07-02T14:04:00","modified_gmt":"2021-07-02T14:04:00","slug":"ecoles-et-districts","status":"publish","type":"page","link":"https:\/\/beedle.co\/fr\/ecoles-et-districts\/","title":{"rendered":"\u00c9coles et districts"},"content":{"rendered":"<p>[et_pb_section fb_built=\u00a0\u00bb1&Prime; _builder_version=\u00a0\u00bb4.7.7&Prime; background_image=\u00a0\u00bbhttps:\/\/beedle.co\/wp-content\/uploads\/2021\/06\/Vector.png\u00a0\u00bb background_blend=\u00a0\u00bbsoft-light\u00a0\u00bb module_alignment=\u00a0\u00bbcenter\u00a0\u00bb custom_padding=\u00a0\u00bb30px||20px||false|false\u00a0\u00bb box_shadow_style=\u00a0\u00bbpreset1&Prime; box_shadow_vertical=\u00a0\u00bb12px\u00a0\u00bb][et_pb_row column_structure=\u00a0\u00bb1_2,1_4,1_4&Prime; module_id=\u00a0\u00bbmm-5&Prime; module_class=\u00a0\u00bb et_pb_row_fullwidth\u00a0\u00bb _builder_version=\u00a0\u00bb4.7.7&Prime; width=\u00a0\u00bb90%\u00a0\u00bb width_tablet=\u00a0\u00bb80%\u00a0\u00bb width_phone=\u00a0\u00bb\u00a0\u00bb width_last_edited=\u00a0\u00bbon|desktop\u00a0\u00bb max_width=\u00a0\u00bb1920px\u00a0\u00bb max_width_tablet=\u00a0\u00bb80%\u00a0\u00bb max_width_phone=\u00a0\u00bb\u00a0\u00bb max_width_last_edited=\u00a0\u00bbon|desktop\u00a0\u00bb module_alignment=\u00a0\u00bbcenter\u00a0\u00bb min_height=\u00a0\u00bb570.6px\u00a0\u00bb custom_margin=\u00a0\u00bb0px|0px|0px|0px\u00a0\u00bb custom_padding=\u00a0\u00bb0px|0px|0px|0px||\u00a0\u00bb custom_css_main_element=\u00a0\u00bbwidth: 100%;||max-width: 100%;||}||#mm-5 h3{margin-bottom:15px;}||#mm-5 ul li{margin-bottom:10px;}||#mm-5-1{}||#mm-5-2{}||#mm-5-3{}||#mm-5-4{}\u00a0\u00bb make_fullwidth=\u00a0\u00bbon\u00a0\u00bb width_unit=\u00a0\u00bboff\u00a0\u00bb custom_width_percent=\u00a0\u00bb100%\u00a0\u00bb][et_pb_column type=\u00a0\u00bb1_2&Prime; module_id=\u00a0\u00bbmm-5-1&Prime; module_class=\u00a0\u00bbpa-inline-buttons\u00a0\u00bb _builder_version=\u00a0\u00bb4.7.7&Prime; custom_padding=\u00a0\u00bb|||\u00a0\u00bb custom_padding__hover=\u00a0\u00bb|||\u00a0\u00bb][et_pb_text _builder_version=\u00a0\u00bb4.7.7&Prime; _module_preset=\u00a0\u00bbdefault\u00a0\u00bb text_text_color=\u00a0\u00bb#000000&Prime; text_font_size=\u00a0\u00bb16px\u00a0\u00bb custom_margin=\u00a0\u00bb||50px||false|false\u00a0\u00bb]<\/p>\n<h3>Beedle transforme Microsoft Teams en une solution de gestion de classe et d&rsquo;apprentissage<\/h3>\n<p>Beedle rend Microsoft Teams familier et productif pour les enseignants, tout en rendant l\u2019environnement informatique moins complexe et plus robuste.<\/p>\n<p>\u00c9liminer les duplications de donn\u00e9es ou la synchronisation entre les syst\u00e8mes &#8211; Beedle fonctionne pleinement avec la configuration et la gestion des donn\u00e9es de votre \u00e9cole.<\/p>\n<p>[\/et_pb_text][et_pb_image src=\u00a0\u00bbhttps:\/\/beedle.co\/wp-content\/uploads\/2021\/05\/IT-teacher-stock.png\u00a0\u00bb title_text=\u00a0\u00bbStock d\u2019enseignants informatiques\u00a0\u00bb _builder_version=\u00a0\u00bb4.7.7&Prime; _module_preset=\u00a0\u00bbdefault\u00a0\u00bb custom_margin=\u00a0\u00bb|20px|||false|false\u00a0\u00bb custom_padding=\u00a0\u00bb||||false|false\u00a0\u00bb hover_enabled=\u00a0\u00bb0&Prime; custom_css_main_element=\u00a0\u00bbdisplay: inline-block; float: left;\u00a0\u00bb width=\u00a0\u00bb400px\u00a0\u00bb sticky_enabled=\u00a0\u00bb0&Prime;][\/et_pb_image][et_pb_button button_url=\u00a0\u00bbmailto:support@beedle.co\u00a0\u00bb button_text=\u00a0\u00bbContactez-nous\u00a0\u00bb _builder_version=\u00a0\u00bb4.7.7&Prime; _module_preset=\u00a0\u00bbdefault\u00a0\u00bb custom_margin=\u00a0\u00bb||||false|false\u00a0\u00bb custom_padding=\u00a0\u00bb|47px||47px|false|false\u00a0\u00bb][\/et_pb_button][et_pb_button button_url=\u00a0\u00bbmailto:support@beedle.co?subject=Request%20for%20Live%20Demo%20-%20Schools%20and%20Districts&amp;body=Hi!%20I%20would%20like%20to%20request%20a%20live%20demonstration%20of%20Beedle.\u00a0\u00bb button_text=\u00a0\u00bbDemander une d\u00e9mo\u00a0\u00bb module_class=\u00a0\u00bba\u00a0\u00bb _builder_version=\u00a0\u00bb4.7.7&Prime; _module_preset=\u00a0\u00bbdefault\u00a0\u00bb custom_margin=\u00a0\u00bb||||false|false\u00a0\u00bb][\/et_pb_button][\/et_pb_column][et_pb_column type=\u00a0\u00bb1_4&Prime; module_id=\u00a0\u00bbmm-5-2&Prime; _builder_version=\u00a0\u00bb3.25&Prime; custom_padding=\u00a0\u00bb|||\u00a0\u00bb custom_padding__hover=\u00a0\u00bb|||\u00a0\u00bb][et_pb_text _builder_version=\u00a0\u00bb4.7.7&Prime; text_text_color=\u00a0\u00bb#000000&Prime; link_text_color=\u00a0\u00bb#000000&Prime; link_font_size=\u00a0\u00bb16px\u00a0\u00bb ul_text_color=\u00a0\u00bb#000000&Prime; ul_font_size=\u00a0\u00bb16px\u00a0\u00bb header_3_font=\u00a0\u00bb|600|||||||\u00a0\u00bb header_3_text_color=\u00a0\u00bb#000000&Prime; custom_margin=\u00a0\u00bb||||false|false\u00a0\u00bb custom_padding=\u00a0\u00bb||0px|||\u00a0\u00bb locked=\u00a0\u00bboff\u00a0\u00bb]<\/p>\n<h3><span style=\"color: #00d3a3\"><strong>Les enseignants adoptent Microsoft Teams dans leur travail quotidien<\/strong><\/span><\/h3>\n<p>Beedle est construit directement dans Microsoft Teams et pr\u00e9sente un environnement familier et intuitif pour la planification, l\u2019enseignement et l\u2019engagement des \u00e9l\u00e8ves et des familles dans la fa\u00e7on dont les enseignants travaillent naturellement. Avec Beedle et Microsoft Teams, les enseignants trouvent une solution compl\u00e8te pour toutes les activit\u00e9s quotidiennes en classe.<\/p>\n<p>[\/et_pb_text][et_pb_text _builder_version=\u00a0\u00bb4.7.7&Prime; text_text_color=\u00a0\u00bb#000000&Prime; link_text_color=\u00a0\u00bb#000000&Prime; link_font_size=\u00a0\u00bb16px\u00a0\u00bb ul_text_color=\u00a0\u00bb#000000&Prime; ul_font_size=\u00a0\u00bb16px\u00a0\u00bb header_3_font=\u00a0\u00bb|600|||||||\u00a0\u00bb header_3_text_color=\u00a0\u00bb#000000&Prime; custom_margin=\u00a0\u00bb||||false|false\u00a0\u00bb custom_padding=\u00a0\u00bb||0px|||\u00a0\u00bb locked=\u00a0\u00bboff\u00a0\u00bb]<\/p>\n<h3><span style=\"color: #00d3a3\"><strong>Prot\u00e9g\u00e9 derri\u00e8re les op\u00e9rations de cyberd\u00e9fense de Microsoft<\/strong><\/span><\/h3>\n<p>Beedle est h\u00e9berg\u00e9 et ex\u00e9cut\u00e9 en toute s\u00e9curit\u00e9 dans Microsoft Azure o\u00f9 toutes les donn\u00e9es et le contenu sont stock\u00e9s, les documents suppl\u00e9mentaires sont enregistr\u00e9s dans votre propre environnement scolaire de SharePoint. Beedle s&rsquo;int\u00e8gre \u00e0 Microsoft Teams et s&rsquo;adapte aux param\u00e8tres de configuration, de confidentialit\u00e9 et de s\u00e9curit\u00e9 d&rsquo;Office 365 de votre \u00e9cole. La confidentialit\u00e9 des \u00e9tudiants peut \u00eatre assur\u00e9e. La vie priv\u00e9e des \u00e9tudiants peut \u00eatre assur\u00e9e. <\/p>\n<p>[\/et_pb_text][\/et_pb_column][et_pb_column type=\u00a0\u00bb1_4&Prime; module_id=\u00a0\u00bbmm-5-3&Prime; _builder_version=\u00a0\u00bb3.25&Prime; custom_padding=\u00a0\u00bb|||\u00a0\u00bb custom_padding__hover=\u00a0\u00bb|||\u00a0\u00bb][et_pb_text _builder_version=\u00a0\u00bb4.7.7&Prime; text_text_color=\u00a0\u00bb#000000&Prime; link_text_color=\u00a0\u00bb#000000&Prime; link_font_size=\u00a0\u00bb16px\u00a0\u00bb ul_text_color=\u00a0\u00bb#000000&Prime; ul_font_size=\u00a0\u00bb16px\u00a0\u00bb header_3_font=\u00a0\u00bb|600|||||||\u00a0\u00bb header_3_text_color=\u00a0\u00bb#000000&Prime; custom_margin=\u00a0\u00bb||||false|false\u00a0\u00bb custom_padding=\u00a0\u00bb||||false|false\u00a0\u00bb locked=\u00a0\u00bboff\u00a0\u00bb]<\/p>\n<h3><span style=\"color: #00d3a3\"><strong>Optimisez votre environnement informatique Microsoft<\/strong><\/span><\/h3>\n<p>Maintenez une plate-forme technologique unique, s\u00e9curis\u00e9e et g\u00e9rable avec Beedle dans le cadre de votre environnement Microsoft Teams.Maintain a single, secure, and manageable technology platform with Beedle as part of your Microsoft Teams environment. Sans syst\u00e8me externe \u00e0 g\u00e9rer ou \u00e0 int\u00e9grer, Beedle travaille avec la configuration et les donn\u00e9es de votre \u00e9cole et s\u2019appuie sur le dessus; pas de duplication de donn\u00e9es ou de synchronisation entre les syst\u00e8mes.<\/p>\n<p>[\/et_pb_text][et_pb_text _builder_version=\u00a0\u00bb4.7.7&Prime; text_text_color=\u00a0\u00bb#000000&Prime; link_text_color=\u00a0\u00bb#000000&Prime; link_font_size=\u00a0\u00bb16px\u00a0\u00bb ul_text_color=\u00a0\u00bb#000000&Prime; ul_font_size=\u00a0\u00bb16px\u00a0\u00bb header_3_font=\u00a0\u00bb|600|||||||\u00a0\u00bb header_3_text_color=\u00a0\u00bb#000000&Prime; custom_margin=\u00a0\u00bb||||false|false\u00a0\u00bb custom_padding=\u00a0\u00bb||0px|||\u00a0\u00bb locked=\u00a0\u00bboff\u00a0\u00bb]<\/p>\n<h3><span style=\"color: #00d3a3\"><strong>Installez et essayez Beedle rapidement et en toute s\u00e9curit\u00e9, c\u2019est gratuit!<\/strong><\/span><\/h3>\n<p>Avec une conception transparente, une exp\u00e9rience utilisateur et des flux de travail intuitifs; l\u2019enseignant appr\u00e9ciera Beedle en quelques minutes. Commencez d\u00e8s aujourd\u2019hui en installant simplement Beedle directement \u00e0 partir de votre magasin d\u2019applications Microsoft Teams de votre \u00e9cole.<\/p>\n<p>[\/et_pb_text][\/et_pb_column][\/et_pb_row][\/et_pb_section][et_pb_section fb_built=\u00a0\u00bb1&Prime; _builder_version=\u00a0\u00bb4.7.7&Prime; _module_preset=\u00a0\u00bbdefault\u00a0\u00bb background_color=\u00a0\u00bb#262942&Prime; custom_padding=\u00a0\u00bb||153px|||\u00a0\u00bb global_module=\u00a0\u00bb7713&Prime; saved_tabs=\u00a0\u00bball\u00a0\u00bb][et_pb_row column_structure=\u00a0\u00bb1_4,1_4,1_4,1_4&Prime; _builder_version=\u00a0\u00bb4.7.7&Prime; _module_preset=\u00a0\u00bbdefault\u00a0\u00bb max_width=\u00a0\u00bb1920px\u00a0\u00bb][et_pb_column type=\u00a0\u00bb1_4&Prime; _builder_version=\u00a0\u00bb4.7.7&Prime; _module_preset=\u00a0\u00bbdefault\u00a0\u00bb][et_pb_text _builder_version=\u00a0\u00bb4.7.7&Prime; _module_preset=\u00a0\u00bbdefault\u00a0\u00bb]<\/p>\n<h3><span style=\"color: #ffffff\">produit<\/span><\/h3>\n<p><span style=\"color: #ffffff\"><a href=\"https:\/\/beedle.co\/fr\/solutions\/\" style=\"color: #ffffff\">solution<\/a><\/span><br \/><span style=\"color: #ffffff\"><a href=\"https:\/\/beedle.co\/fr\/enseignant\/\" style=\"color: #ffffff\"> enseignant<\/a><\/span><br \/><span style=\"color: #ffffff\"><a href=\"https:\/\/beedle.co\/fr\/gardiens\/\" style=\"color: #ffffff\"> Gardiens<\/a><\/span><br \/><span style=\"color: #ffffff\"><a href=\"https:\/\/beedle.co\/fr\/demarrer\/\" style=\"color: #ffffff\"> Obtenez Beedle<\/a><\/span><br \/><span style=\"color: #ffffff\"><a href=\"mailto:support@beedle.co\" style=\"color: #ffffff\"> soutien<\/a><\/span><\/p>\n<p>[\/et_pb_text][\/et_pb_column][et_pb_column type=\u00a0\u00bb1_4&Prime; _builder_version=\u00a0\u00bb4.7.7&Prime; _module_preset=\u00a0\u00bbdefault\u00a0\u00bb][et_pb_text _builder_version=\u00a0\u00bb4.7.7&Prime; _module_preset=\u00a0\u00bbdefault\u00a0\u00bb custom_margin=\u00a0\u00bb||-2px|||\u00a0\u00bb]<\/p>\n<h3><span style=\"color: #ffffff\">M\u00e9dias sociaux<\/span><\/h3>\n<p><span style=\"color: #ffffff\"> <\/span><\/p>\n<p>[\/et_pb_text][et_pb_social_media_follow _builder_version=\u00a0\u00bb3.29.3&Prime; text_orientation=\u00a0\u00bbleft\u00a0\u00bb locked=\u00a0\u00bboff\u00a0\u00bb][et_pb_social_media_follow_network social_network=\u00a0\u00bblinkedin\u00a0\u00bb url=\u00a0\u00bbhttps:\/\/www.linkedin.com\/company\/beedle-co\/\u00a0\u00bb _builder_version=\u00a0\u00bb3.29.3&Prime; background_color=\u00a0\u00bb#007bb6&Prime; follow_button=\u00a0\u00bboff\u00a0\u00bb url_new_window=\u00a0\u00bbon\u00a0\u00bb]linkedin[\/et_pb_social_media_follow_network][et_pb_social_media_follow_network social_network=\u00a0\u00bbtwitter\u00a0\u00bb url=\u00a0\u00bbhttps:\/\/twitter.com\/Beedle_co\u00a0\u00bb _builder_version=\u00a0\u00bb3.29.3&Prime; background_color=\u00a0\u00bb#00aced\u00a0\u00bb follow_button=\u00a0\u00bboff\u00a0\u00bb url_new_window=\u00a0\u00bbon\u00a0\u00bb]twitter[\/et_pb_social_media_follow_network][et_pb_social_media_follow_network social_network=\u00a0\u00bbfacebook\u00a0\u00bb url=\u00a0\u00bbhttps:\/\/www.facebook.com\/beedle.co\u00a0\u00bb _builder_version=\u00a0\u00bb3.29.3&Prime; background_color=\u00a0\u00bb#3b5998&Prime; follow_button=\u00a0\u00bboff\u00a0\u00bb url_new_window=\u00a0\u00bbon\u00a0\u00bb]facebook[\/et_pb_social_media_follow_network][\/et_pb_social_media_follow][\/et_pb_column][et_pb_column type=\u00a0\u00bb1_4&Prime; _builder_version=\u00a0\u00bb4.7.7&Prime; _module_preset=\u00a0\u00bbdefault\u00a0\u00bb][et_pb_text _builder_version=\u00a0\u00bb4.7.7&Prime; _module_preset=\u00a0\u00bbdefault\u00a0\u00bb]<\/p>\n<h3><span style=\"color: #ffffff\">compagnie<\/span><\/h3>\n<p><span style=\"color: #ffffff\"><a href=\"https:\/\/beedle.co\/fr\/a-propos-de-nous\/\" style=\"color: #ffffff\">Qui sommes-nous<\/a><br \/> <a href=\"https:\/\/beedle.co\/terms-of-use\/\" style=\"color: #ffffff\">Conditions d\u2019utilisation<\/a><\/span><br \/> <span style=\"color: #ffffff\"><a href=\"https:\/\/beedle.co\/privacy-policy\/\" style=\"color: #ffffff\">  politique de confidentialit\u00e9<\/a><\/span><br \/> <span style=\"color: #ffffff\"><a href=\"https:\/\/beedle.co\/data-processing-agreement\/\" style=\"color: #ffffff\">  Accord de traitement des donn\u00e9es<\/a><\/span><br \/> <span style=\"color: #ffffff\"><a href=\"mailto:support@beedle.co?subject=Request%20from%20press&amp;body=Please%20write%20your%20press%20request%20here%20below.\" style=\"color: #ffffff\">  presser<\/a><\/span><\/p>\n<p>[\/et_pb_text][\/et_pb_column][et_pb_column type=\u00a0\u00bb1_4&Prime; _builder_version=\u00a0\u00bb4.7.7&Prime; _module_preset=\u00a0\u00bbdefault\u00a0\u00bb][et_pb_image src=\u00a0\u00bbhttps:\/\/beedle.co\/wp-content\/uploads\/2021\/06\/MS_badge_white-removebg-preview.png\u00a0\u00bb title_text=\u00a0\u00bbMS_badge_white-removebg-preview\u00a0\u00bb _builder_version=\u00a0\u00bb4.7.7&Prime; _module_preset=\u00a0\u00bbdefault\u00a0\u00bb][\/et_pb_image][\/et_pb_column][\/et_pb_row][\/et_pb_section]<\/p>\n","protected":false},"excerpt":{"rendered":"<p>Beedle transforme Microsoft Teams en une solution de gestion de classe et d&rsquo;apprentissage Beedle rend Microsoft Teams familier et productif pour les enseignants, tout en rendant l\u2019environnement informatique moins complexe et plus robuste. \u00c9liminer les duplications de donn\u00e9es ou la synchronisation entre les syst\u00e8mes &#8211; Beedle fonctionne pleinement avec la configuration et la gestion des [&hellip;]<\/p>\n","protected":false},"author":8,"featured_media":0,"parent":0,"menu_order":0,"comment_status":"closed","ping_status":"closed","template":"","meta":{"_acf_changed":false,"_et_pb_use_builder":"on","_et_pb_old_content":"","_et_gb_content_width":"","content-type":"","footnotes":""},"acf":[],"yoast_head":"<!-- This site is optimized with the Yoast SEO plugin v23.0 - https:\/\/yoast.com\/wordpress\/plugins\/seo\/ -->\n<title>\u00c9coles et districts | Beedle<\/title>\n<meta name=\"description\" content=\"Beedle is a tool for teachers using Microsoft Teams. Supercharge your Microsoft Teams with all of the unique possibilities Beedle provides.\" \/>\n<meta name=\"robots\" content=\"index, follow, max-snippet:-1, max-image-preview:large, max-video-preview:-1\" \/>\n<link rel=\"canonical\" href=\"https:\/\/beedle.co\/fr\/ecoles-et-districts\/\" \/>\n<meta property=\"og:locale\" content=\"fr_FR\" \/>\n<meta property=\"og:type\" content=\"article\" \/>\n<meta property=\"og:title\" content=\"\u00c9coles et districts | Beedle\" \/>\n<meta property=\"og:description\" content=\"Beedle is a tool for teachers using Microsoft Teams. Supercharge your Microsoft Teams with all of the unique possibilities Beedle provides.\" \/>\n<meta property=\"og:url\" content=\"https:\/\/beedle.co\/fr\/ecoles-et-districts\/\" \/>\n<meta property=\"og:site_name\" content=\"Beedle\" \/>\n<meta property=\"article:publisher\" content=\"https:\/\/www.facebook.com\/beedle.co\" \/>\n<meta property=\"article:modified_time\" content=\"2021-07-02T14:04:00+00:00\" \/>\n<meta name=\"twitter:card\" content=\"summary_large_image\" \/>\n<meta name=\"twitter:site\" content=\"@Beedle_co\" \/>\n<meta name=\"twitter:label1\" content=\"Dur\u00e9e de lecture estim\u00e9e\" \/>\n\t<meta name=\"twitter:data1\" content=\"6 minutes\" \/>\n<script type=\"application\/ld+json\" class=\"yoast-schema-graph\">{\"@context\":\"https:\/\/schema.org\",\"@graph\":[{\"@type\":\"WebPage\",\"@id\":\"https:\/\/beedle.co\/fr\/ecoles-et-districts\/\",\"url\":\"https:\/\/beedle.co\/fr\/ecoles-et-districts\/\",\"name\":\"\u00c9coles et districts | Beedle\",\"isPartOf\":{\"@id\":\"https:\/\/beedle.co\/#website\"},\"datePublished\":\"2021-06-15T14:12:08+00:00\",\"dateModified\":\"2021-07-02T14:04:00+00:00\",\"description\":\"Beedle is a tool for teachers using Microsoft Teams. Supercharge your Microsoft Teams with all of the unique possibilities Beedle provides.\",\"breadcrumb\":{\"@id\":\"https:\/\/beedle.co\/fr\/ecoles-et-districts\/#breadcrumb\"},\"inLanguage\":\"fr-FR\",\"potentialAction\":[{\"@type\":\"ReadAction\",\"target\":[\"https:\/\/beedle.co\/fr\/ecoles-et-districts\/\"]}]},{\"@type\":\"BreadcrumbList\",\"@id\":\"https:\/\/beedle.co\/fr\/ecoles-et-districts\/#breadcrumb\",\"itemListElement\":[{\"@type\":\"ListItem\",\"position\":1,\"name\":\"Home\",\"item\":\"https:\/\/beedle.co\/fr\/\"},{\"@type\":\"ListItem\",\"position\":2,\"name\":\"\u00c9coles et districts\"}]},{\"@type\":\"WebSite\",\"@id\":\"https:\/\/beedle.co\/#website\",\"url\":\"https:\/\/beedle.co\/\",\"name\":\"Beedle\",\"description\":\"Tools for Teachers in Microsoft Teams.\",\"publisher\":{\"@id\":\"https:\/\/beedle.co\/#organization\"},\"potentialAction\":[{\"@type\":\"SearchAction\",\"target\":{\"@type\":\"EntryPoint\",\"urlTemplate\":\"https:\/\/beedle.co\/?s={search_term_string}\"},\"query-input\":\"required name=search_term_string\"}],\"inLanguage\":\"fr-FR\"},{\"@type\":\"Organization\",\"@id\":\"https:\/\/beedle.co\/#organization\",\"name\":\"Beedle\",\"url\":\"https:\/\/beedle.co\/\",\"logo\":{\"@type\":\"ImageObject\",\"inLanguage\":\"fr-FR\",\"@id\":\"https:\/\/beedle.co\/#\/schema\/logo\/image\/\",\"url\":\"https:\/\/staging.beedle.co\/wp-content\/uploads\/2019\/10\/Beedle-Logo-Green@4x.png\",\"contentUrl\":\"https:\/\/staging.beedle.co\/wp-content\/uploads\/2019\/10\/Beedle-Logo-Green@4x.png\",\"width\":373,\"height\":396,\"caption\":\"Beedle\"},\"image\":{\"@id\":\"https:\/\/beedle.co\/#\/schema\/logo\/image\/\"},\"sameAs\":[\"https:\/\/www.facebook.com\/beedle.co\",\"https:\/\/x.com\/Beedle_co\",\"https:\/\/www.linkedin.com\/company\/beedle-co\/\",\"https:\/\/www.youtube.com\/channel\/UC_ENnS8BLCo3cGPVPSclfpQ\"]}]}<\/script>\n<!-- \/ Yoast SEO plugin. -->","yoast_head_json":{"title":"\u00c9coles et districts | Beedle","description":"Beedle is a tool for teachers using Microsoft Teams. Supercharge your Microsoft Teams with all of the unique possibilities Beedle provides.","robots":{"index":"index","follow":"follow","max-snippet":"max-snippet:-1","max-image-preview":"max-image-preview:large","max-video-preview":"max-video-preview:-1"},"canonical":"https:\/\/beedle.co\/fr\/ecoles-et-districts\/","og_locale":"fr_FR","og_type":"article","og_title":"\u00c9coles et districts | Beedle","og_description":"Beedle is a tool for teachers using Microsoft Teams. Supercharge your Microsoft Teams with all of the unique possibilities Beedle provides.","og_url":"https:\/\/beedle.co\/fr\/ecoles-et-districts\/","og_site_name":"Beedle","article_publisher":"https:\/\/www.facebook.com\/beedle.co","article_modified_time":"2021-07-02T14:04:00+00:00","twitter_card":"summary_large_image","twitter_site":"@Beedle_co","twitter_misc":{"Dur\u00e9e de lecture estim\u00e9e":"6 minutes"},"schema":{"@context":"https:\/\/schema.org","@graph":[{"@type":"WebPage","@id":"https:\/\/beedle.co\/fr\/ecoles-et-districts\/","url":"https:\/\/beedle.co\/fr\/ecoles-et-districts\/","name":"\u00c9coles et districts | Beedle","isPartOf":{"@id":"https:\/\/beedle.co\/#website"},"datePublished":"2021-06-15T14:12:08+00:00","dateModified":"2021-07-02T14:04:00+00:00","description":"Beedle is a tool for teachers using Microsoft Teams. Supercharge your Microsoft Teams with all of the unique possibilities Beedle provides.","breadcrumb":{"@id":"https:\/\/beedle.co\/fr\/ecoles-et-districts\/#breadcrumb"},"inLanguage":"fr-FR","potentialAction":[{"@type":"ReadAction","target":["https:\/\/beedle.co\/fr\/ecoles-et-districts\/"]}]},{"@type":"BreadcrumbList","@id":"https:\/\/beedle.co\/fr\/ecoles-et-districts\/#breadcrumb","itemListElement":[{"@type":"ListItem","position":1,"name":"Home","item":"https:\/\/beedle.co\/fr\/"},{"@type":"ListItem","position":2,"name":"\u00c9coles et districts"}]},{"@type":"WebSite","@id":"https:\/\/beedle.co\/#website","url":"https:\/\/beedle.co\/","name":"Beedle","description":"Tools for Teachers in Microsoft Teams.","publisher":{"@id":"https:\/\/beedle.co\/#organization"},"potentialAction":[{"@type":"SearchAction","target":{"@type":"EntryPoint","urlTemplate":"https:\/\/beedle.co\/?s={search_term_string}"},"query-input":"required name=search_term_string"}],"inLanguage":"fr-FR"},{"@type":"Organization","@id":"https:\/\/beedle.co\/#organization","name":"Beedle","url":"https:\/\/beedle.co\/","logo":{"@type":"ImageObject","inLanguage":"fr-FR","@id":"https:\/\/beedle.co\/#\/schema\/logo\/image\/","url":"https:\/\/staging.beedle.co\/wp-content\/uploads\/2019\/10\/Beedle-Logo-Green@4x.png","contentUrl":"https:\/\/staging.beedle.co\/wp-content\/uploads\/2019\/10\/Beedle-Logo-Green@4x.png","width":373,"height":396,"caption":"Beedle"},"image":{"@id":"https:\/\/beedle.co\/#\/schema\/logo\/image\/"},"sameAs":["https:\/\/www.facebook.com\/beedle.co","https:\/\/x.com\/Beedle_co","https:\/\/www.linkedin.com\/company\/beedle-co\/","https:\/\/www.youtube.com\/channel\/UC_ENnS8BLCo3cGPVPSclfpQ"]}]}},"_links":{"self":[{"href":"https:\/\/beedle.co\/fr\/wp-json\/wp\/v2\/pages\/8078"}],"collection":[{"href":"https:\/\/beedle.co\/fr\/wp-json\/wp\/v2\/pages"}],"about":[{"href":"https:\/\/beedle.co\/fr\/wp-json\/wp\/v2\/types\/page"}],"author":[{"embeddable":true,"href":"https:\/\/beedle.co\/fr\/wp-json\/wp\/v2\/users\/8"}],"replies":[{"embeddable":true,"href":"https:\/\/beedle.co\/fr\/wp-json\/wp\/v2\/comments?post=8078"}],"version-history":[{"count":0,"href":"https:\/\/beedle.co\/fr\/wp-json\/wp\/v2\/pages\/8078\/revisions"}],"wp:attachment":[{"href":"https:\/\/beedle.co\/fr\/wp-json\/wp\/v2\/media?parent=8078"}],"curies":[{"name":"wp","href":"https:\/\/api.w.org\/{rel}","templated":true}]}}