{"id":8591,"date":"2021-11-18T19:25:52","date_gmt":"2021-11-18T19:25:52","guid":{"rendered":"https:\/\/beedle.co\/partners\/"},"modified":"2021-12-07T17:13:23","modified_gmt":"2021-12-07T17:13:23","slug":"partners","status":"publish","type":"page","link":"https:\/\/beedle.co\/es\/partners\/","title":{"rendered":"Socios"},"content":{"rendered":"<p>[et_pb_section fb_built=\u00bb1&#8243; admin_label=\u00bbHero\u00bb _builder_version=\u00bb3.22&#8243; custom_padding=\u00bb0px|0px|0px|0px\u00bb animation_style=\u00bbzoom\u00bb animation_intensity_zoom=\u00bb4%\u00bb global_colors_info=\u00bb{}\u00bb][et_pb_row column_structure=\u00bb1_2,1_2&#8243; use_custom_gutter=\u00bbon\u00bb gutter_width=\u00bb1&#8243; make_equal=\u00bbon\u00bb module_class=\u00bb et_pb_row_fullwidth\u00bb _builder_version=\u00bb4.7.7&#8243; background_color=\u00bb#ffffff\u00bb background_image=\u00bbhttps:\/\/beedle.co\/wp-content\/uploads\/2021\/11\/circle-background-pattern.png\u00bb background_position=\u00bbtop_left\u00bb background_repeat=\u00bbrepeat\u00bb width=\u00bb100%\u00bb width_tablet=\u00bb100%\u00bb width_phone=\u00bb\u00bb width_last_edited=\u00bbon|desktop\u00bb max_width=\u00bb100%\u00bb max_width_tablet=\u00bb100%\u00bb max_width_phone=\u00bb\u00bb max_width_last_edited=\u00bbon|desktop\u00bb custom_padding=\u00bb0px||0px|\u00bb animation_style=\u00bbslide\u00bb animation_direction=\u00bbtop\u00bb animation_intensity_slide=\u00bb3%\u00bb make_fullwidth=\u00bbon\u00bb global_colors_info=\u00bb{}\u00bb][et_pb_column type=\u00bb1_2&#8243; _builder_version=\u00bb4.7.7&#8243; background_image=\u00bbhttps:\/\/beedle.co\/wp-content\/uploads\/2021\/11\/Parter-With-Beedle-scaled.jpg\u00bb parallax=\u00bbon\u00bb custom_padding=\u00bb200px||200px||false|false\u00bb global_colors_info=\u00bb{}\u00bb custom_padding__hover=\u00bb|||\u00bb][\/et_pb_column][et_pb_column type=\u00bb1_2&#8243; _builder_version=\u00bb3.25&#8243; custom_padding=\u00bb10%|8%|10%|8%\u00bb global_colors_info=\u00bb{}\u00bb custom_padding__hover=\u00bb|||\u00bb][et_pb_text _builder_version=\u00bb4.7.7&#8243; _module_preset=\u00bbdefault\u00bb custom_margin=\u00bb||40px||false|false\u00bb global_colors_info=\u00bb{}\u00bb]<\/p>\n<h1>Convi\u00e9rtete en un partner de Beedle<\/h1>\n<p>[\/et_pb_text][et_pb_text _builder_version=\u00bb4.7.7&#8243; text_font=\u00bb||||||||\u00bb text_text_color=\u00bb#ffffff\u00bb header_font=\u00bb|700||on|||||\u00bb header_text_color=\u00bb#f7f7f7&#8243; header_font_size=\u00bb60px\u00bb header_line_height=\u00bb1.3em\u00bb background_size=\u00bbinitial\u00bb background_position=\u00bbtop_left\u00bb background_repeat=\u00bbrepeat\u00bb custom_margin=\u00bb||40px|\u00bb animation_style=\u00bbfade\u00bb header_font_size_last_edited=\u00bboff|desktop\u00bb locked=\u00bboff\u00bb global_colors_info=\u00bb{}\u00bb]<\/p>\n<h3><span style=\"font-family: inherit;\">Siempre estamos entusiasmados de trabajar con socios de capacitaci\u00f3n y empresas de tecnolog\u00eda educativa<\/span><\/h3>\n<p>[\/et_pb_text][et_pb_text _builder_version=\u00bb4.7.7&#8243; text_font=\u00bbMontserrat||||\u00bb text_text_color=\u00bb#353740&#8243; text_font_size=\u00bb20px\u00bb text_line_height=\u00bb1.8em\u00bb header_font=\u00bb||||||||\u00bb background_size=\u00bbinitial\u00bb background_position=\u00bbtop_left\u00bb background_repeat=\u00bbrepeat\u00bb custom_margin=\u00bb||50px|\u00bb animation_style=\u00bbslide\u00bb animation_direction=\u00bbtop\u00bb animation_intensity_slide=\u00bb17%\u00bb locked=\u00bboff\u00bb global_colors_info=\u00bb{}\u00bb]<\/p>\n<p>Si desea obtener m\u00e1s informaci\u00f3n sobre c\u00f3mo Beedle puede ayudarlo a brindar un mejor servicio a sus clientes, no dude en ponerse en contacto con nuestro CEO Niclas y \/ o Melanie, Gerente Comercial:<\/p>\n<p>Niclas Walter, Director Ejecutivo<br \/><a href=\"mailto:niclas@beedle.co\" title=\"Correo electr\u00f3nico Niclas\">niclas@beedle.co<br \/> <\/a><\/p>\n<p>Melanie, Gerente Comercial<br \/><a href=\"mailto:melanie@beedle.co\" title=\"Enviar un correo electr\u00f3nico a Melanie\">melanie@beedle.co<\/a><\/p>\n<p>[\/et_pb_text][\/et_pb_column][\/et_pb_row][\/et_pb_section][et_pb_section fb_built=\u00bb1&#8243; _builder_version=\u00bb4.7.7&#8243; _module_preset=\u00bbdefault\u00bb background_color=\u00bb#262942&#8243; custom_padding=\u00bb||2px|||\u00bb saved_tabs=\u00bball\u00bb global_colors_info=\u00bb{}\u00bb global_module=\u00bb8432&#8243; theme_builder_area=\u00bbpost_content\u00bb][et_pb_row column_structure=\u00bb1_4,1_4,1_4,1_4&#8243; _builder_version=\u00bb4.7.7&#8243; _module_preset=\u00bbdefault\u00bb max_width=\u00bb1920px\u00bb global_colors_info=\u00bb{}\u00bb theme_builder_area=\u00bbpost_content\u00bb][et_pb_column type=\u00bb1_4&#8243; _builder_version=\u00bb4.7.7&#8243; _module_preset=\u00bbdefault\u00bb global_colors_info=\u00bb{}\u00bb theme_builder_area=\u00bbpost_content\u00bb][et_pb_text _builder_version=\u00bb4.7.7&#8243; _module_preset=\u00bbdefault\u00bb global_colors_info=\u00bb{}\u00bb theme_builder_area=\u00bbpost_content\u00bb]<\/p>\n<h3><span style=\"color: #ffffff;\">Producto<\/span><\/h3>\n<p><span style=\"color: #ffffff;\"><a href=\"https:\/\/beedle.co\/soluciones\/?lang=es\" style=\"color: #ffffff;\">Soluci\u00f3n<\/a><\/span><br \/> <span style=\"color: #ffffff;\"><a href=\"https:\/\/beedle.co\/maestros\/?lang=es\" style=\"color: #ffffff;\">Profesorado<\/a><\/span><br \/> <span style=\"color: #ffffff;\"><a href=\"https:\/\/beedle.co\/guardianes\/?lang=es\" style=\"color: #ffffff;\"> Guardianes<\/a><\/span><br \/> <span style=\"color: #ffffff;\"><a href=\"https:\/\/beedle.co\/comenzar\/?lang=es\" style=\"color: #ffffff;\"> Obtener Beedle<\/a><\/span><br \/> <span style=\"color: #ffffff;\"><a href=\"mailto:support@beedle.co\" style=\"color: #ffffff;\"> Soporte<\/a><\/span><\/p>\n<p>[\/et_pb_text][\/et_pb_column][et_pb_column type=\u00bb1_4&#8243; _builder_version=\u00bb4.7.7&#8243; _module_preset=\u00bbdefault\u00bb global_colors_info=\u00bb{}\u00bb theme_builder_area=\u00bbpost_content\u00bb][et_pb_text _builder_version=\u00bb4.7.7&#8243; _module_preset=\u00bbdefault\u00bb custom_margin=\u00bb||-2px|||\u00bb global_colors_info=\u00bb{}\u00bb theme_builder_area=\u00bbpost_content\u00bb]<\/p>\n<h3><span style=\"color: #ffffff\">Redes Sociales<\/span><\/h3>\n<p><span style=\"color: #ffffff\"> <\/span><\/p>\n<p>[\/et_pb_text][et_pb_social_media_follow _builder_version=\u00bb3.29.3&#8243; text_orientation=\u00bbleft\u00bb locked=\u00bboff\u00bb global_colors_info=\u00bb{}\u00bb theme_builder_area=\u00bbpost_content\u00bb][et_pb_social_media_follow_network social_network=\u00bblinkedin\u00bb url=\u00bbhttps:\/\/www.linkedin.com\/company\/beedle-co\/\u00bb _builder_version=\u00bb3.29.3&#8243; background_color=\u00bb#007bb6&#8243; global_colors_info=\u00bb{}\u00bb theme_builder_area=\u00bbpost_content\u00bb follow_button=\u00bboff\u00bb url_new_window=\u00bbon\u00bb]linkedin[\/et_pb_social_media_follow_network][et_pb_social_media_follow_network social_network=\u00bbtwitter\u00bb url=\u00bbhttps:\/\/twitter.com\/Beedle_co\u00bb _builder_version=\u00bb3.29.3&#8243; background_color=\u00bb#00aced\u00bb global_colors_info=\u00bb{}\u00bb theme_builder_area=\u00bbpost_content\u00bb follow_button=\u00bboff\u00bb url_new_window=\u00bbon\u00bb]twitter[\/et_pb_social_media_follow_network][et_pb_social_media_follow_network social_network=\u00bbfacebook\u00bb url=\u00bbhttps:\/\/www.facebook.com\/beedle.co\u00bb _builder_version=\u00bb3.29.3&#8243; background_color=\u00bb#3b5998&#8243; global_colors_info=\u00bb{}\u00bb theme_builder_area=\u00bbpost_content\u00bb follow_button=\u00bboff\u00bb url_new_window=\u00bbon\u00bb]facebook[\/et_pb_social_media_follow_network][\/et_pb_social_media_follow][et_pb_text _builder_version=\u00bb4.7.7&#8243; _module_preset=\u00bbdefault\u00bb custom_margin=\u00bb||-2px|||\u00bb global_colors_info=\u00bb{}\u00bb theme_builder_area=\u00bbpost_content\u00bb]<\/p>\n<h3><span style=\"color: #ffffff;\">\u00a1Hablamos Espa\u00f1ol!<\/span><\/h3>\n<p><span style=\"color: #ffffff;\">Contacta a <a href=\"mailto:alondra@beedle.co\" style=\"color: #ffffff;\">Alondra Silva Munoz<\/a>, gerente de Beedle en Latinoam\u00e9rica.\u00a0<\/span><\/p>\n<p>[\/et_pb_text][\/et_pb_column][et_pb_column type=\u00bb1_4&#8243; _builder_version=\u00bb4.7.7&#8243; _module_preset=\u00bbdefault\u00bb global_colors_info=\u00bb{}\u00bb theme_builder_area=\u00bbpost_content\u00bb][et_pb_text _builder_version=\u00bb4.7.7&#8243; _module_preset=\u00bbdefault\u00bb global_colors_info=\u00bb{}\u00bb theme_builder_area=\u00bbpost_content\u00bb]<\/p>\n<h3><span style=\"color: #ffffff;\">Compa\u00f1\u00eda<\/span><\/h3>\n<p><span style=\"color: #ffffff;\"><a href=\"https:\/\/beedle.co\/acerca-de-nosotros\/?lang=es\" style=\"color: #ffffff;\">Sobre nosotros<\/a><br \/> <a href=\"https:\/\/beedle.co\/condiciones-de-uso\/?lang=es\" style=\"color: #ffffff;\">Condiciones de uso<\/a><\/span><br \/> <span style=\"color: #ffffff;\"><a href=\"https:\/\/beedle.co\/politica-de-privacidad\/?lang=es\" style=\"color: #ffffff;\"> Pol\u00edtica de privacidad<\/a><\/span><br \/> <span style=\"color: #ffffff;\"><a href=\"https:\/\/beedle.co\/data-processing-agreement\/\" style=\"color: #ffffff;\"> Acuerdo de procesamiento de datos<\/a><\/span><br \/> <span style=\"color: #ffffff;\"><a href=\"mailto:support@beedle.co?subject=Request%20from%20press&amp;body=Please%20write%20your%20press%20request%20here%20below.\" style=\"color: #ffffff;\"> prensa<\/a><\/span><\/p>\n<p><span><span style=\"color: #ffffff;\"><\/span><\/span><span style=\"color: #ffffff;\"><\/span><\/p>\n<p><span style=\"color: #ffffff;\"><\/span><\/p>\n<p>[\/et_pb_text][\/et_pb_column][et_pb_column type=\u00bb1_4&#8243; _builder_version=\u00bb4.7.7&#8243; _module_preset=\u00bbdefault\u00bb global_colors_info=\u00bb{}\u00bb theme_builder_area=\u00bbpost_content\u00bb][et_pb_image src=\u00bbhttps:\/\/beedle.co\/wp-content\/uploads\/2021\/06\/MS_badge_white-removebg-preview.png\u00bb title_text=\u00bbMS_badge_white-removebg-preview\u00bb _builder_version=\u00bb4.7.7&#8243; _module_preset=\u00bbdefault\u00bb global_colors_info=\u00bb{}\u00bb theme_builder_area=\u00bbpost_content\u00bb][\/et_pb_image][\/et_pb_column][\/et_pb_row][\/et_pb_section]<\/p>\n","protected":false},"excerpt":{"rendered":"<p>Convi\u00e9rtete en un partner de BeedleSiempre estamos entusiasmados de trabajar con socios de capacitaci\u00f3n y empresas de tecnolog\u00eda educativaSi desea obtener m\u00e1s informaci\u00f3n sobre c\u00f3mo Beedle puede ayudarlo a brindar un mejor servicio a sus clientes, no dude en ponerse en contacto con nuestro CEO Niclas y \/ o Melanie, Gerente Comercial: Niclas Walter, Director [&hellip;]<\/p>\n","protected":false},"author":8,"featured_media":0,"parent":0,"menu_order":0,"comment_status":"closed","ping_status":"closed","template":"","meta":{"_acf_changed":false,"_et_pb_use_builder":"on","_et_pb_old_content":"","_et_gb_content_width":"","content-type":"","footnotes":""},"acf":[],"yoast_head":"<!-- This site is optimized with the Yoast SEO plugin v23.0 - https:\/\/yoast.com\/wordpress\/plugins\/seo\/ -->\n<title>Socios | Beedle<\/title>\n<meta name=\"description\" content=\"Beedle is a tool for teachers using Microsoft Teams. Supercharge your Microsoft Teams with all of the unique possibilities Beedle provides.\" \/>\n<meta name=\"robots\" content=\"index, follow, max-snippet:-1, max-image-preview:large, max-video-preview:-1\" \/>\n<link rel=\"canonical\" href=\"https:\/\/beedle.co\/es\/partners\/\" \/>\n<meta property=\"og:locale\" content=\"es_ES\" \/>\n<meta property=\"og:type\" content=\"article\" \/>\n<meta property=\"og:title\" content=\"Socios | Beedle\" \/>\n<meta property=\"og:description\" content=\"Beedle is a tool for teachers using Microsoft Teams. Supercharge your Microsoft Teams with all of the unique possibilities Beedle provides.\" \/>\n<meta property=\"og:url\" content=\"https:\/\/beedle.co\/es\/partners\/\" \/>\n<meta property=\"og:site_name\" content=\"Beedle\" \/>\n<meta property=\"article:publisher\" content=\"https:\/\/www.facebook.com\/beedle.co\" \/>\n<meta property=\"article:modified_time\" content=\"2021-12-07T17:13:23+00:00\" \/>\n<meta name=\"twitter:card\" content=\"summary_large_image\" \/>\n<meta name=\"twitter:site\" content=\"@Beedle_co\" \/>\n<meta name=\"twitter:label1\" content=\"Tiempo de lectura\" \/>\n\t<meta name=\"twitter:data1\" content=\"4 minutos\" \/>\n<script type=\"application\/ld+json\" class=\"yoast-schema-graph\">{\"@context\":\"https:\/\/schema.org\",\"@graph\":[{\"@type\":\"WebPage\",\"@id\":\"https:\/\/beedle.co\/es\/partners\/\",\"url\":\"https:\/\/beedle.co\/es\/partners\/\",\"name\":\"Socios | Beedle\",\"isPartOf\":{\"@id\":\"https:\/\/beedle.co\/#website\"},\"datePublished\":\"2021-11-18T19:25:52+00:00\",\"dateModified\":\"2021-12-07T17:13:23+00:00\",\"description\":\"Beedle is a tool for teachers using Microsoft Teams. Supercharge your Microsoft Teams with all of the unique possibilities Beedle provides.\",\"breadcrumb\":{\"@id\":\"https:\/\/beedle.co\/es\/partners\/#breadcrumb\"},\"inLanguage\":\"es\",\"potentialAction\":[{\"@type\":\"ReadAction\",\"target\":[\"https:\/\/beedle.co\/es\/partners\/\"]}]},{\"@type\":\"BreadcrumbList\",\"@id\":\"https:\/\/beedle.co\/es\/partners\/#breadcrumb\",\"itemListElement\":[{\"@type\":\"ListItem\",\"position\":1,\"name\":\"Home\",\"item\":\"https:\/\/beedle.co\/es\/\"},{\"@type\":\"ListItem\",\"position\":2,\"name\":\"Socios\"}]},{\"@type\":\"WebSite\",\"@id\":\"https:\/\/beedle.co\/#website\",\"url\":\"https:\/\/beedle.co\/\",\"name\":\"Beedle\",\"description\":\"Tools for Teachers in Microsoft Teams.\",\"publisher\":{\"@id\":\"https:\/\/beedle.co\/#organization\"},\"potentialAction\":[{\"@type\":\"SearchAction\",\"target\":{\"@type\":\"EntryPoint\",\"urlTemplate\":\"https:\/\/beedle.co\/?s={search_term_string}\"},\"query-input\":\"required name=search_term_string\"}],\"inLanguage\":\"es\"},{\"@type\":\"Organization\",\"@id\":\"https:\/\/beedle.co\/#organization\",\"name\":\"Beedle\",\"url\":\"https:\/\/beedle.co\/\",\"logo\":{\"@type\":\"ImageObject\",\"inLanguage\":\"es\",\"@id\":\"https:\/\/beedle.co\/#\/schema\/logo\/image\/\",\"url\":\"https:\/\/staging.beedle.co\/wp-content\/uploads\/2019\/10\/Beedle-Logo-Green@4x.png\",\"contentUrl\":\"https:\/\/staging.beedle.co\/wp-content\/uploads\/2019\/10\/Beedle-Logo-Green@4x.png\",\"width\":373,\"height\":396,\"caption\":\"Beedle\"},\"image\":{\"@id\":\"https:\/\/beedle.co\/#\/schema\/logo\/image\/\"},\"sameAs\":[\"https:\/\/www.facebook.com\/beedle.co\",\"https:\/\/x.com\/Beedle_co\",\"https:\/\/www.linkedin.com\/company\/beedle-co\/\",\"https:\/\/www.youtube.com\/channel\/UC_ENnS8BLCo3cGPVPSclfpQ\"]}]}<\/script>\n<!-- \/ Yoast SEO plugin. -->","yoast_head_json":{"title":"Socios | Beedle","description":"Beedle is a tool for teachers using Microsoft Teams. Supercharge your Microsoft Teams with all of the unique possibilities Beedle provides.","robots":{"index":"index","follow":"follow","max-snippet":"max-snippet:-1","max-image-preview":"max-image-preview:large","max-video-preview":"max-video-preview:-1"},"canonical":"https:\/\/beedle.co\/es\/partners\/","og_locale":"es_ES","og_type":"article","og_title":"Socios | Beedle","og_description":"Beedle is a tool for teachers using Microsoft Teams. Supercharge your Microsoft Teams with all of the unique possibilities Beedle provides.","og_url":"https:\/\/beedle.co\/es\/partners\/","og_site_name":"Beedle","article_publisher":"https:\/\/www.facebook.com\/beedle.co","article_modified_time":"2021-12-07T17:13:23+00:00","twitter_card":"summary_large_image","twitter_site":"@Beedle_co","twitter_misc":{"Tiempo de lectura":"4 minutos"},"schema":{"@context":"https:\/\/schema.org","@graph":[{"@type":"WebPage","@id":"https:\/\/beedle.co\/es\/partners\/","url":"https:\/\/beedle.co\/es\/partners\/","name":"Socios | Beedle","isPartOf":{"@id":"https:\/\/beedle.co\/#website"},"datePublished":"2021-11-18T19:25:52+00:00","dateModified":"2021-12-07T17:13:23+00:00","description":"Beedle is a tool for teachers using Microsoft Teams. Supercharge your Microsoft Teams with all of the unique possibilities Beedle provides.","breadcrumb":{"@id":"https:\/\/beedle.co\/es\/partners\/#breadcrumb"},"inLanguage":"es","potentialAction":[{"@type":"ReadAction","target":["https:\/\/beedle.co\/es\/partners\/"]}]},{"@type":"BreadcrumbList","@id":"https:\/\/beedle.co\/es\/partners\/#breadcrumb","itemListElement":[{"@type":"ListItem","position":1,"name":"Home","item":"https:\/\/beedle.co\/es\/"},{"@type":"ListItem","position":2,"name":"Socios"}]},{"@type":"WebSite","@id":"https:\/\/beedle.co\/#website","url":"https:\/\/beedle.co\/","name":"Beedle","description":"Tools for Teachers in Microsoft Teams.","publisher":{"@id":"https:\/\/beedle.co\/#organization"},"potentialAction":[{"@type":"SearchAction","target":{"@type":"EntryPoint","urlTemplate":"https:\/\/beedle.co\/?s={search_term_string}"},"query-input":"required name=search_term_string"}],"inLanguage":"es"},{"@type":"Organization","@id":"https:\/\/beedle.co\/#organization","name":"Beedle","url":"https:\/\/beedle.co\/","logo":{"@type":"ImageObject","inLanguage":"es","@id":"https:\/\/beedle.co\/#\/schema\/logo\/image\/","url":"https:\/\/staging.beedle.co\/wp-content\/uploads\/2019\/10\/Beedle-Logo-Green@4x.png","contentUrl":"https:\/\/staging.beedle.co\/wp-content\/uploads\/2019\/10\/Beedle-Logo-Green@4x.png","width":373,"height":396,"caption":"Beedle"},"image":{"@id":"https:\/\/beedle.co\/#\/schema\/logo\/image\/"},"sameAs":["https:\/\/www.facebook.com\/beedle.co","https:\/\/x.com\/Beedle_co","https:\/\/www.linkedin.com\/company\/beedle-co\/","https:\/\/www.youtube.com\/channel\/UC_ENnS8BLCo3cGPVPSclfpQ"]}]}},"_links":{"self":[{"href":"https:\/\/beedle.co\/es\/wp-json\/wp\/v2\/pages\/8591"}],"collection":[{"href":"https:\/\/beedle.co\/es\/wp-json\/wp\/v2\/pages"}],"about":[{"href":"https:\/\/beedle.co\/es\/wp-json\/wp\/v2\/types\/page"}],"author":[{"embeddable":true,"href":"https:\/\/beedle.co\/es\/wp-json\/wp\/v2\/users\/8"}],"replies":[{"embeddable":true,"href":"https:\/\/beedle.co\/es\/wp-json\/wp\/v2\/comments?post=8591"}],"version-history":[{"count":0,"href":"https:\/\/beedle.co\/es\/wp-json\/wp\/v2\/pages\/8591\/revisions"}],"wp:attachment":[{"href":"https:\/\/beedle.co\/es\/wp-json\/wp\/v2\/media?parent=8591"}],"curies":[{"name":"wp","href":"https:\/\/api.w.org\/{rel}","templated":true}]}}