{"id":8026,"date":"2021-06-15T14:06:33","date_gmt":"2021-06-15T14:06:33","guid":{"rendered":"https:\/\/beedle.co\/guardianes\/"},"modified":"2021-11-26T10:18:42","modified_gmt":"2021-11-26T10:18:42","slug":"guardianes","status":"publish","type":"page","link":"https:\/\/beedle.co\/es\/guardianes\/","title":{"rendered":"Tutores"},"content":{"rendered":"<p>[et_pb_section fb_built=\u00bb1&#8243; _builder_version=\u00bb4.7.7&#8243; _module_preset=\u00bbdefault\u00bb background_image=\u00bbhttps:\/\/beedle.co\/wp-content\/uploads\/2021\/06\/Vector.png\u00bb custom_padding=\u00bb56px||0px|||\u00bb][et_pb_row column_structure=\u00bb1_2,1_4,1_4&#8243; _builder_version=\u00bb4.7.7&#8243; _module_preset=\u00bbdefault\u00bb background_enable_image=\u00bboff\u00bb custom_margin=\u00bb|auto||auto|false|false\u00bb custom_padding=\u00bb||0px||false|false\u00bb][et_pb_column type=\u00bb1_2&#8243; _builder_version=\u00bb4.7.7&#8243; _module_preset=\u00bbdefault\u00bb][et_pb_text _builder_version=\u00bb4.7.7&#8243; _module_preset=\u00bbdefault\u00bb header_font_size=\u00bb44px\u00bb width=\u00bb700px\u00bb custom_margin=\u00bbauto||||false|false\u00bb custom_padding=\u00bb||||false|false\u00bb header_font_size_tablet=\u00bb24px\u00bb header_font_size_phone=\u00bb\u00bb header_font_size_last_edited=\u00bbon|phone\u00bb]<\/p>\n<h1><strong>Visibilizar el aprendizaje\u00a0<br \/>para padres y\u00a0<br \/>apoderados<\/strong><\/h1>\n<p>[\/et_pb_text][et_pb_text _builder_version=\u00bb4.7.7&#8243; _module_preset=\u00bbdefault\u00bb text_font=\u00bbMark FF Pro|600|||||||\u00bb text_text_color=\u00bb#ffffff\u00bb text_font_size=\u00bb16px\u00bb background_color=\u00bb#00d3a3&#8243; width=\u00bb200px\u00bb width_tablet=\u00bb\u00bb width_phone=\u00bb\u00bb width_last_edited=\u00bbon|phone\u00bb custom_margin=\u00bb|10px|||false|false\u00bb custom_padding=\u00bb||||false|false\u00bb link_option_url=\u00bbmailto:support@beedle.co\u00bb hover_enabled=\u00bb0&#8243; custom_css_main_element=\u00bbdisplay: inline-block; float: left;\u00bb border_width_all=\u00bb2px\u00bb border_color_all=\u00bb#00d3a3&#8243; locked=\u00bboff\u00bb background_color__hover=\u00bb#ffffff\u00bb background_enable_color__hover=\u00bbon\u00bb text_text_color__hover_enabled=\u00bbon|hover\u00bb text_text_color__hover=\u00bb#00d3a3&#8243; border_width_all__hover_enabled=\u00bbon|desktop\u00bb background__hover_enabled=\u00bbon|desktop\u00bb sticky_enabled=\u00bb0&#8243;]<\/p>\n<p style=\"text-align: center;\">Cont\u00e1ctanos<\/p>\n<p>[\/et_pb_text][et_pb_text _builder_version=\u00bb4.7.7&#8243; _module_preset=\u00bbdefault\u00bb text_font=\u00bbMark FF Pro|600|||||||\u00bb text_text_color=\u00bb#ffffff\u00bb text_font_size=\u00bb16px\u00bb background_color=\u00bb#00d3a3&#8243; width=\u00bb200px\u00bb width_tablet=\u00bb\u00bb width_phone=\u00bb\u00bb width_last_edited=\u00bbon|phone\u00bb custom_margin=\u00bb|10px|||false|false\u00bb custom_padding=\u00bb||||false|false\u00bb link_option_url=\u00bbmailto:support@beedle.co?subject=Solicitud de demo en vivo &#8211; Guardianes&#038;cuerpo=\u00a1Hola! Me gustar\u00eda solicitar una demostraci\u00f3n en vivo de Beedle.\u00bb custom_css_main_element=\u00bbdisplay: inline-block; float: left;\u00bb border_width_all=\u00bb2px\u00bb border_color_all=\u00bb#00d3a3&#8243; locked=\u00bboff\u00bb background_color__hover=\u00bb#ffffff\u00bb background_enable_color__hover=\u00bbon\u00bb text_text_color__hover_enabled=\u00bbon|hover\u00bb text_text_color__hover=\u00bb#00d3a3&#8243; border_width_all__hover_enabled=\u00bbon|desktop\u00bb background__hover_enabled=\u00bbon|desktop\u00bb]<\/p>\n<p style=\"text-align: center\">Solicitar un<br \/> demostraci\u00f3n en vivo<\/p>\n<p>[\/et_pb_text][\/et_pb_column][et_pb_column type=\u00bb1_4&#8243; _builder_version=\u00bb4.7.7&#8243; _module_preset=\u00bbdefault\u00bb][et_pb_image src=\u00bbhttps:\/\/beedle.co\/wp-content\/uploads\/2021\/06\/Phone-only-1.png\u00bb title_text=\u00bbSolo tel\u00e9fono\u00bb _builder_version=\u00bb4.7.7&#8243; _module_preset=\u00bbdefault\u00bb width=\u00bb150px\u00bb module_alignment=\u00bbcenter\u00bb custom_margin=\u00bb|||131px||\u00bb][\/et_pb_image][\/et_pb_column][et_pb_column type=\u00bb1_4&#8243; _builder_version=\u00bb4.7.7&#8243; _module_preset=\u00bbdefault\u00bb][et_pb_text _builder_version=\u00bb4.7.7&#8243; _module_preset=\u00bbdefault\u00bb text_text_color=\u00bb#000000&#8243; text_font_size=\u00bb16px\u00bb header_2_font_size=\u00bb21px\u00bb header_3_font_size=\u00bb21px\u00bb width_tablet=\u00bb\u00bb width_phone=\u00bb\u00bb width_last_edited=\u00bbon|phone\u00bb custom_margin=\u00bb|-40px|||false|false\u00bb custom_margin_tablet=\u00bb\u00bb custom_margin_phone=\u00bb|||15px|false|false\u00bb custom_margin_last_edited=\u00bbon|phone\u00bb custom_padding=\u00bb|0px|||false|false\u00bb text_font_size_tablet=\u00bb\u00bb text_font_size_phone=\u00bb11px\u00bb text_font_size_last_edited=\u00bbon|phone\u00bb header_font_size_tablet=\u00bb\u00bb header_font_size_phone=\u00bb20px\u00bb header_font_size_last_edited=\u00bbon|phone\u00bb module_alignment_tablet=\u00bb\u00bb module_alignment_phone=\u00bbcenter\u00bb module_alignment_last_edited=\u00bbon|phone\u00bb]<\/p>\n<ul>\n<li>Total transparencia de las tareas<\/li>\n<li>Historial de asistencia<\/li>\n<li>Fechas de entrega y eventos clave<\/li>\n<li>Comentarios del diario<\/li>\n<li>Noticias y anuncios<\/li>\n<li>Comunicaci\u00f3n bidireccional segura<\/li>\n<\/ul>\n<p>[\/et_pb_text][\/et_pb_column][\/et_pb_row][\/et_pb_section][et_pb_section fb_built=\u00bb1&#8243; _builder_version=\u00bb4.7.7&#8243; _module_preset=\u00bbdefault\u00bb custom_padding=\u00bb0px||95px|||\u00bb][et_pb_row _builder_version=\u00bb4.7.7&#8243; _module_preset=\u00bbdefault\u00bb custom_padding=\u00bb2px||3px|||\u00bb][et_pb_column type=\u00bb4_4&#8243; _builder_version=\u00bb4.7.7&#8243; _module_preset=\u00bbdefault\u00bb][et_pb_text _builder_version=\u00bb4.7.7&#8243; _module_preset=\u00bbdefault\u00bb text_font=\u00bb||||||||\u00bb text_text_color=\u00bb#000000&#8243; text_font_size=\u00bb16px\u00bb text_line_height=\u00bb1.9em\u00bb header_font=\u00bb||||||||\u00bb header_4_font=\u00bb|700|||||||\u00bb header_4_font_size=\u00bb16px\u00bb header_4_line_height=\u00bb1.9em\u00bb custom_padding=\u00bb28px||||false|false\u00bb animation_style=\u00bbzoom\u00bb animation_intensity_zoom=\u00bb6%\u00bb]<\/p>\n<p><span lang=\"EN-US\"><strong>La educaci\u00f3n no es un proceso unidireccional, sino que requiere un enfoque colaborativo y de equipo.<\/strong> <br \/>Con la aplicaci\u00f3n Beedle Guardian, los padres obtienen acceso a las funcionalidades de Beedle y Microsoft Teams y pueden participar en el proceso de aprendizaje, as\u00ed como hacer un seguimiento de otra informaci\u00f3n compartida por la escuela de su hijo. Los datos seleccionados se comparten autom\u00e1ticamente y est\u00e1n siempre actualiz\u00e1ndose, lo que garantiza que los padres sean notificados e informados de manera oportuna.<\/p>\n<p><\/span><\/p>\n<p><span lang=\"EN-US\">Con la aplicaci\u00f3n Beedle Guardian, los padres pueden acceder a las funcionalidades de Beedle y Teams desde una aplicaci\u00f3n nativa simple e intuitiva, sin necesidad de que los tutores inicien sesi\u00f3n en Teams, y los profesores pueden operar completamente dentro del entorno familiar de Teams. La aplicaci\u00f3n est\u00e1 disponible para padres en Apple Store y Google App Store, pero solo las escuelas registradas pueden activarla.<\/span><\/p>\n<p>[\/et_pb_text][\/et_pb_column][\/et_pb_row][\/et_pb_section][et_pb_section fb_built=\u00bb1&#8243; _builder_version=\u00bb4.7.7&#8243; _module_preset=\u00bbdefault\u00bb background_color=\u00bb#262942&#8243; custom_padding=\u00bb||2px|||\u00bb global_module=\u00bb8432&#8243; saved_tabs=\u00bball\u00bb][et_pb_row column_structure=\u00bb1_4,1_4,1_4,1_4&#8243; _builder_version=\u00bb4.7.7&#8243; _module_preset=\u00bbdefault\u00bb max_width=\u00bb1920px\u00bb][et_pb_column type=\u00bb1_4&#8243; _builder_version=\u00bb4.7.7&#8243; _module_preset=\u00bbdefault\u00bb][et_pb_text _builder_version=\u00bb4.7.7&#8243; _module_preset=\u00bbdefault\u00bb]<\/p>\n<h3><span style=\"color: #ffffff;\">Producto<\/span><\/h3>\n<p><span style=\"color: #ffffff;\"><a href=\"https:\/\/beedle.co\/soluciones\/?lang=es\" style=\"color: #ffffff;\">Soluci\u00f3n<\/a><\/span><br \/> <span style=\"color: #ffffff;\"><a href=\"https:\/\/beedle.co\/maestros\/?lang=es\" style=\"color: #ffffff;\">Profesorado<\/a><\/span><br \/> <span style=\"color: #ffffff;\"><a href=\"https:\/\/beedle.co\/guardianes\/?lang=es\" style=\"color: #ffffff;\"> Guardianes<\/a><\/span><br \/> <span style=\"color: #ffffff;\"><a href=\"https:\/\/beedle.co\/comenzar\/?lang=es\" style=\"color: #ffffff;\"> Obtener Beedle<\/a><\/span><br \/> <span style=\"color: #ffffff;\"><a href=\"mailto:support@beedle.co\" style=\"color: #ffffff;\"> Soporte<\/a><\/span><\/p>\n<p>[\/et_pb_text][\/et_pb_column][et_pb_column type=\u00bb1_4&#8243; _builder_version=\u00bb4.7.7&#8243; _module_preset=\u00bbdefault\u00bb][et_pb_text _builder_version=\u00bb4.7.7&#8243; _module_preset=\u00bbdefault\u00bb custom_margin=\u00bb||-2px|||\u00bb]<\/p>\n<h3><span style=\"color: #ffffff\">Redes Sociales<\/span><\/h3>\n<p><span style=\"color: #ffffff\"> <\/span><\/p>\n<p>[\/et_pb_text][et_pb_social_media_follow _builder_version=\u00bb3.29.3&#8243; text_orientation=\u00bbleft\u00bb locked=\u00bboff\u00bb][et_pb_social_media_follow_network social_network=\u00bblinkedin\u00bb url=\u00bbhttps:\/\/www.linkedin.com\/company\/beedle-co\/\u00bb _builder_version=\u00bb3.29.3&#8243; background_color=\u00bb#007bb6&#8243; follow_button=\u00bboff\u00bb url_new_window=\u00bbon\u00bb]linkedin[\/et_pb_social_media_follow_network][et_pb_social_media_follow_network social_network=\u00bbtwitter\u00bb url=\u00bbhttps:\/\/twitter.com\/Beedle_co\u00bb _builder_version=\u00bb3.29.3&#8243; background_color=\u00bb#00aced\u00bb follow_button=\u00bboff\u00bb url_new_window=\u00bbon\u00bb]twitter[\/et_pb_social_media_follow_network][et_pb_social_media_follow_network social_network=\u00bbfacebook\u00bb url=\u00bbhttps:\/\/www.facebook.com\/beedle.co\u00bb _builder_version=\u00bb3.29.3&#8243; background_color=\u00bb#3b5998&#8243; follow_button=\u00bboff\u00bb url_new_window=\u00bbon\u00bb]facebook[\/et_pb_social_media_follow_network][\/et_pb_social_media_follow][et_pb_text _builder_version=\u00bb4.7.7&#8243; _module_preset=\u00bbdefault\u00bb custom_margin=\u00bb||-2px|||\u00bb]<\/p>\n<h3><span style=\"color: #ffffff;\">\u00a1Hablamos Espa\u00f1ol!<\/span><\/h3>\n<p><span style=\"color: #ffffff;\">Contacta a <a href=\"mailto:alondra@beedle.co\" style=\"color: #ffffff;\">Alondra Silva Munoz<\/a>, gerente de Beedle en Latinoam\u00e9rica.\u00a0<\/span><\/p>\n<p>[\/et_pb_text][\/et_pb_column][et_pb_column type=\u00bb1_4&#8243; _builder_version=\u00bb4.7.7&#8243; _module_preset=\u00bbdefault\u00bb][et_pb_text _builder_version=\u00bb4.7.7&#8243; _module_preset=\u00bbdefault\u00bb]<\/p>\n<h3><span style=\"color: #ffffff;\">Compa\u00f1\u00eda<\/span><\/h3>\n<p><span style=\"color: #ffffff;\"><a href=\"https:\/\/beedle.co\/acerca-de-nosotros\/?lang=es\" style=\"color: #ffffff;\">Sobre nosotros<\/a><br \/> <a href=\"https:\/\/beedle.co\/condiciones-de-uso\/?lang=es\" style=\"color: #ffffff;\">Condiciones de uso<\/a><\/span><br \/> <span style=\"color: #ffffff;\"><a href=\"https:\/\/beedle.co\/politica-de-privacidad\/?lang=es\" style=\"color: #ffffff;\"> Pol\u00edtica de privacidad<\/a><\/span><br \/> <span style=\"color: #ffffff;\"><a href=\"https:\/\/beedle.co\/data-processing-agreement\/\" style=\"color: #ffffff;\"> Acuerdo de procesamiento de datos<\/a><\/span><br \/> <span style=\"color: #ffffff;\"><a href=\"mailto:support@beedle.co?subject=Request%20from%20press&amp;body=Please%20write%20your%20press%20request%20here%20below.\" style=\"color: #ffffff;\"> prensa<\/a><\/span><\/p>\n<p><span><span style=\"color: #ffffff;\"><\/span><\/span><span style=\"color: #ffffff;\"><\/span><\/p>\n<p><span style=\"color: #ffffff;\"><\/span><\/p>\n<p>[\/et_pb_text][\/et_pb_column][et_pb_column type=\u00bb1_4&#8243; _builder_version=\u00bb4.7.7&#8243; _module_preset=\u00bbdefault\u00bb][et_pb_image src=\u00bbhttps:\/\/beedle.co\/wp-content\/uploads\/2021\/06\/MS_badge_white-removebg-preview.png\u00bb title_text=\u00bbMS_badge_white-removebg-preview\u00bb _builder_version=\u00bb4.7.7&#8243; _module_preset=\u00bbdefault\u00bb][\/et_pb_image][\/et_pb_column][\/et_pb_row][\/et_pb_section]<\/p>\n","protected":false},"excerpt":{"rendered":"<p>Visibilizar el aprendizaje\u00a0para padres y\u00a0apoderadosCont\u00e1ctanos Solicitar un demostraci\u00f3n en vivo Total transparencia de las tareas Historial de asistencia Fechas de entrega y eventos clave Comentarios del diario Noticias y anuncios Comunicaci\u00f3n bidireccional segura La educaci\u00f3n no es un proceso unidireccional, sino que requiere un enfoque colaborativo y de equipo. Con la aplicaci\u00f3n Beedle Guardian, los [&hellip;]<\/p>\n","protected":false},"author":8,"featured_media":0,"parent":0,"menu_order":0,"comment_status":"closed","ping_status":"closed","template":"","meta":{"_acf_changed":false,"_et_pb_use_builder":"on","_et_pb_old_content":"","_et_gb_content_width":"","content-type":"","footnotes":""},"acf":[],"yoast_head":"<!-- This site is optimized with the Yoast SEO plugin v23.0 - https:\/\/yoast.com\/wordpress\/plugins\/seo\/ -->\n<title>Tutores | Beedle<\/title>\n<meta name=\"description\" content=\"Beedle is a tool for teachers using Microsoft Teams. Supercharge your Microsoft Teams with all of the unique possibilities Beedle provides.\" \/>\n<meta name=\"robots\" content=\"index, follow, max-snippet:-1, max-image-preview:large, max-video-preview:-1\" \/>\n<link rel=\"canonical\" href=\"https:\/\/beedle.co\/es\/guardianes\/\" \/>\n<meta property=\"og:locale\" content=\"es_ES\" \/>\n<meta property=\"og:type\" content=\"article\" \/>\n<meta property=\"og:title\" content=\"Tutores | Beedle\" \/>\n<meta property=\"og:description\" content=\"Beedle is a tool for teachers using Microsoft Teams. Supercharge your Microsoft Teams with all of the unique possibilities Beedle provides.\" \/>\n<meta property=\"og:url\" content=\"https:\/\/beedle.co\/es\/guardianes\/\" \/>\n<meta property=\"og:site_name\" content=\"Beedle\" \/>\n<meta property=\"article:publisher\" content=\"https:\/\/www.facebook.com\/beedle.co\" \/>\n<meta property=\"article:modified_time\" content=\"2021-11-26T10:18:42+00:00\" \/>\n<meta name=\"twitter:card\" content=\"summary_large_image\" \/>\n<meta name=\"twitter:site\" content=\"@Beedle_co\" \/>\n<meta name=\"twitter:label1\" content=\"Tiempo de lectura\" \/>\n\t<meta name=\"twitter:data1\" content=\"6 minutos\" \/>\n<script type=\"application\/ld+json\" class=\"yoast-schema-graph\">{\"@context\":\"https:\/\/schema.org\",\"@graph\":[{\"@type\":\"WebPage\",\"@id\":\"https:\/\/beedle.co\/es\/guardianes\/\",\"url\":\"https:\/\/beedle.co\/es\/guardianes\/\",\"name\":\"Tutores | Beedle\",\"isPartOf\":{\"@id\":\"https:\/\/beedle.co\/#website\"},\"datePublished\":\"2021-06-15T14:06:33+00:00\",\"dateModified\":\"2021-11-26T10:18:42+00:00\",\"description\":\"Beedle is a tool for teachers using Microsoft Teams. Supercharge your Microsoft Teams with all of the unique possibilities Beedle provides.\",\"breadcrumb\":{\"@id\":\"https:\/\/beedle.co\/es\/guardianes\/#breadcrumb\"},\"inLanguage\":\"es\",\"potentialAction\":[{\"@type\":\"ReadAction\",\"target\":[\"https:\/\/beedle.co\/es\/guardianes\/\"]}]},{\"@type\":\"BreadcrumbList\",\"@id\":\"https:\/\/beedle.co\/es\/guardianes\/#breadcrumb\",\"itemListElement\":[{\"@type\":\"ListItem\",\"position\":1,\"name\":\"Home\",\"item\":\"https:\/\/beedle.co\/es\/\"},{\"@type\":\"ListItem\",\"position\":2,\"name\":\"Tutores\"}]},{\"@type\":\"WebSite\",\"@id\":\"https:\/\/beedle.co\/#website\",\"url\":\"https:\/\/beedle.co\/\",\"name\":\"Beedle\",\"description\":\"Tools for Teachers in Microsoft Teams.\",\"publisher\":{\"@id\":\"https:\/\/beedle.co\/#organization\"},\"potentialAction\":[{\"@type\":\"SearchAction\",\"target\":{\"@type\":\"EntryPoint\",\"urlTemplate\":\"https:\/\/beedle.co\/?s={search_term_string}\"},\"query-input\":\"required name=search_term_string\"}],\"inLanguage\":\"es\"},{\"@type\":\"Organization\",\"@id\":\"https:\/\/beedle.co\/#organization\",\"name\":\"Beedle\",\"url\":\"https:\/\/beedle.co\/\",\"logo\":{\"@type\":\"ImageObject\",\"inLanguage\":\"es\",\"@id\":\"https:\/\/beedle.co\/#\/schema\/logo\/image\/\",\"url\":\"https:\/\/staging.beedle.co\/wp-content\/uploads\/2019\/10\/Beedle-Logo-Green@4x.png\",\"contentUrl\":\"https:\/\/staging.beedle.co\/wp-content\/uploads\/2019\/10\/Beedle-Logo-Green@4x.png\",\"width\":373,\"height\":396,\"caption\":\"Beedle\"},\"image\":{\"@id\":\"https:\/\/beedle.co\/#\/schema\/logo\/image\/\"},\"sameAs\":[\"https:\/\/www.facebook.com\/beedle.co\",\"https:\/\/x.com\/Beedle_co\",\"https:\/\/www.linkedin.com\/company\/beedle-co\/\",\"https:\/\/www.youtube.com\/channel\/UC_ENnS8BLCo3cGPVPSclfpQ\"]}]}<\/script>\n<!-- \/ Yoast SEO plugin. -->","yoast_head_json":{"title":"Tutores | Beedle","description":"Beedle is a tool for teachers using Microsoft Teams. Supercharge your Microsoft Teams with all of the unique possibilities Beedle provides.","robots":{"index":"index","follow":"follow","max-snippet":"max-snippet:-1","max-image-preview":"max-image-preview:large","max-video-preview":"max-video-preview:-1"},"canonical":"https:\/\/beedle.co\/es\/guardianes\/","og_locale":"es_ES","og_type":"article","og_title":"Tutores | Beedle","og_description":"Beedle is a tool for teachers using Microsoft Teams. Supercharge your Microsoft Teams with all of the unique possibilities Beedle provides.","og_url":"https:\/\/beedle.co\/es\/guardianes\/","og_site_name":"Beedle","article_publisher":"https:\/\/www.facebook.com\/beedle.co","article_modified_time":"2021-11-26T10:18:42+00:00","twitter_card":"summary_large_image","twitter_site":"@Beedle_co","twitter_misc":{"Tiempo de lectura":"6 minutos"},"schema":{"@context":"https:\/\/schema.org","@graph":[{"@type":"WebPage","@id":"https:\/\/beedle.co\/es\/guardianes\/","url":"https:\/\/beedle.co\/es\/guardianes\/","name":"Tutores | Beedle","isPartOf":{"@id":"https:\/\/beedle.co\/#website"},"datePublished":"2021-06-15T14:06:33+00:00","dateModified":"2021-11-26T10:18:42+00:00","description":"Beedle is a tool for teachers using Microsoft Teams. Supercharge your Microsoft Teams with all of the unique possibilities Beedle provides.","breadcrumb":{"@id":"https:\/\/beedle.co\/es\/guardianes\/#breadcrumb"},"inLanguage":"es","potentialAction":[{"@type":"ReadAction","target":["https:\/\/beedle.co\/es\/guardianes\/"]}]},{"@type":"BreadcrumbList","@id":"https:\/\/beedle.co\/es\/guardianes\/#breadcrumb","itemListElement":[{"@type":"ListItem","position":1,"name":"Home","item":"https:\/\/beedle.co\/es\/"},{"@type":"ListItem","position":2,"name":"Tutores"}]},{"@type":"WebSite","@id":"https:\/\/beedle.co\/#website","url":"https:\/\/beedle.co\/","name":"Beedle","description":"Tools for Teachers in Microsoft Teams.","publisher":{"@id":"https:\/\/beedle.co\/#organization"},"potentialAction":[{"@type":"SearchAction","target":{"@type":"EntryPoint","urlTemplate":"https:\/\/beedle.co\/?s={search_term_string}"},"query-input":"required name=search_term_string"}],"inLanguage":"es"},{"@type":"Organization","@id":"https:\/\/beedle.co\/#organization","name":"Beedle","url":"https:\/\/beedle.co\/","logo":{"@type":"ImageObject","inLanguage":"es","@id":"https:\/\/beedle.co\/#\/schema\/logo\/image\/","url":"https:\/\/staging.beedle.co\/wp-content\/uploads\/2019\/10\/Beedle-Logo-Green@4x.png","contentUrl":"https:\/\/staging.beedle.co\/wp-content\/uploads\/2019\/10\/Beedle-Logo-Green@4x.png","width":373,"height":396,"caption":"Beedle"},"image":{"@id":"https:\/\/beedle.co\/#\/schema\/logo\/image\/"},"sameAs":["https:\/\/www.facebook.com\/beedle.co","https:\/\/x.com\/Beedle_co","https:\/\/www.linkedin.com\/company\/beedle-co\/","https:\/\/www.youtube.com\/channel\/UC_ENnS8BLCo3cGPVPSclfpQ"]}]}},"_links":{"self":[{"href":"https:\/\/beedle.co\/es\/wp-json\/wp\/v2\/pages\/8026"}],"collection":[{"href":"https:\/\/beedle.co\/es\/wp-json\/wp\/v2\/pages"}],"about":[{"href":"https:\/\/beedle.co\/es\/wp-json\/wp\/v2\/types\/page"}],"author":[{"embeddable":true,"href":"https:\/\/beedle.co\/es\/wp-json\/wp\/v2\/users\/8"}],"replies":[{"embeddable":true,"href":"https:\/\/beedle.co\/es\/wp-json\/wp\/v2\/comments?post=8026"}],"version-history":[{"count":0,"href":"https:\/\/beedle.co\/es\/wp-json\/wp\/v2\/pages\/8026\/revisions"}],"wp:attachment":[{"href":"https:\/\/beedle.co\/es\/wp-json\/wp\/v2\/media?parent=8026"}],"curies":[{"name":"wp","href":"https:\/\/api.w.org\/{rel}","templated":true}]}}