{"id":8005,"date":"2021-06-15T14:05:04","date_gmt":"2021-06-15T14:05:04","guid":{"rendered":"https:\/\/beedle.co\/comenzar\/"},"modified":"2021-08-31T11:43:16","modified_gmt":"2021-08-31T11:43:16","slug":"comenzar","status":"publish","type":"page","link":"https:\/\/beedle.co\/es\/comenzar\/","title":{"rendered":"Instalar Beedle"},"content":{"rendered":"<p>[et_pb_section fb_built=\u00bb1&#8243; _builder_version=\u00bb4.7.7&#8243; _module_preset=\u00bbdefault\u00bb background_image=\u00bbhttps:\/\/beedle.co\/wp-content\/uploads\/2021\/06\/Vector.png\u00bb custom_padding=\u00bb56px||0px|||\u00bb][et_pb_row column_structure=\u00bb1_2,1_2&#8243; _builder_version=\u00bb4.7.7&#8243; _module_preset=\u00bbdefault\u00bb background_enable_image=\u00bboff\u00bb min_height=\u00bb451px\u00bb custom_margin=\u00bb-12px|auto|-7px|auto||\u00bb custom_padding=\u00bb50px||14px|||\u00bb][et_pb_column type=\u00bb1_2&#8243; _builder_version=\u00bb4.7.7&#8243; _module_preset=\u00bbdefault\u00bb][et_pb_text _builder_version=\u00bb4.7.7&#8243; _module_preset=\u00bbdefault\u00bb header_font_size=\u00bb47px\u00bb custom_margin=\u00bbauto||15px||false|false\u00bb custom_padding=\u00bb||||false|false\u00bb header_font_size_tablet=\u00bb24px\u00bb header_font_size_phone=\u00bb\u00bb header_font_size_last_edited=\u00bbon|phone\u00bb]<\/p>\n<h1>Comenzar<\/h1>\n<p>[\/et_pb_text][et_pb_text _builder_version=\u00bb4.7.7&#8243; _module_preset=\u00bbdefault\u00bb header_font=\u00bbMark FF Pro|600|||||||\u00bb header_font_size=\u00bb57px\u00bb header_3_font=\u00bbMark FF Pro|300|||||||\u00bb header_3_text_align=\u00bbleft\u00bb header_3_text_color=\u00bb#262942&#8243; header_3_font_size=\u00bb25px\u00bb header_3_letter_spacing=\u00bb1.1px\u00bb custom_margin=\u00bb||35px||false|false\u00bb custom_padding=\u00bb0px||||false|false\u00bb header_font_size_tablet=\u00bb24px\u00bb header_font_size_phone=\u00bb\u00bb header_font_size_last_edited=\u00bbon|phone\u00bb header_3_font_size_tablet=\u00bb\u00bb header_3_font_size_phone=\u00bb16px\u00bb header_3_font_size_last_edited=\u00bbon|phone\u00bb inline_fonts=\u00bbMark FF Pro\u00bb]<\/p>\n<h3 style=\"text-align: justify;\">Expande la funcionalidad de<br \/> Microsoft Teams en educaci\u00f3n<\/h3>\n<p>[\/et_pb_text][et_pb_text _builder_version=\u00bb4.7.7&#8243; _module_preset=\u00bbdefault\u00bb text_font_size=\u00bb16px\u00bb custom_margin=\u00bb||50px||false|false\u00bb custom_padding=\u00bb||0px||false|false\u00bb]<\/p>\n<div class=\"et_pb_module et_pb_text et_pb_text_8 et_pb_text_align_left et_pb_bg_layout_light et_had_animation\">\n<div class=\"et_pb_text_inner\">\n<h2><span>\u00a1Instalarlo es muy f\u00e1cil!<\/span><\/h2>\n<p><span style=\"font-size: 14px;\"><span style=\"font-size: medium;\">Instalar beedle es f\u00e1cil, simplemente busca Beedle en la App Store de Microsoft Teams, en la esquina inferior izquierda de Teams, y te guiaremos paso a paso a trav\u00e9s del proceso de configuraci\u00f3n.<\/span><\/span><\/p>\n<\/div>\n<\/div>\n<p>[\/et_pb_text][et_pb_text _builder_version=\u00bb4.7.7&#8243; _module_preset=\u00bbdefault\u00bb text_font_size=\u00bb16px\u00bb custom_margin=\u00bb||50px||false|false\u00bb custom_padding=\u00bb||||false|false\u00bb]<\/p>\n<div class=\"et_pb_module et_pb_text et_pb_text_8 et_pb_text_align_left et_pb_bg_layout_light et_had_animation\">\n<div class=\"et_pb_text_inner\">\n<h2>Instalar por primera vez<br \/> y aprobaci\u00f3n del administrador<\/h2>\n<p><span style=\"font-size: medium;\"><strong>Tenga en cuenta que<\/strong> cuando Beedle se instala por primera vez en una escuela u organizaci\u00f3n, solicitamos la aprobaci\u00f3n del administrador, no se preocupe, proporcionamos toda la informaci\u00f3n necesaria en el proceso de instalaci\u00f3n.<\/span><\/p>\n<\/div>\n<\/div>\n<p>[\/et_pb_text][et_pb_text _builder_version=\u00bb4.7.7&#8243; _module_preset=\u00bbdefault\u00bb text_font=\u00bbMark FF Pro|600|||||||\u00bb text_text_color=\u00bb#ffffff\u00bb text_font_size=\u00bb16px\u00bb background_color=\u00bb#00d3a3&#8243; width=\u00bb200px\u00bb width_tablet=\u00bb\u00bb width_phone=\u00bb\u00bb width_last_edited=\u00bbon|phone\u00bb custom_margin=\u00bb|10px|||false|false\u00bb custom_padding=\u00bb||||false|false\u00bb link_option_url=\u00bbmailto:support@beedle.co\u00bb custom_css_main_element=\u00bbdisplay: inline-block; float: left;\u00bb border_width_all=\u00bb2px\u00bb border_color_all=\u00bb#00d3a3&#8243; locked=\u00bboff\u00bb background_color__hover=\u00bb#ffffff\u00bb background_enable_color__hover=\u00bbon\u00bb text_text_color__hover_enabled=\u00bbon|hover\u00bb text_text_color__hover=\u00bb#00d3a3&#8243; border_width_all__hover_enabled=\u00bbon|desktop\u00bb background__hover_enabled=\u00bbon|desktop\u00bb]<\/p>\n<p style=\"text-align: center;\">contacto<br \/>  nos<\/p>\n<p>[\/et_pb_text][et_pb_text _builder_version=\u00bb4.7.7&#8243; _module_preset=\u00bbdefault\u00bb text_font=\u00bbMark FF Pro|600|||||||\u00bb text_text_color=\u00bb#ffffff\u00bb text_font_size=\u00bb16px\u00bb background_color=\u00bb#00d3a3&#8243; width=\u00bb200px\u00bb width_tablet=\u00bb\u00bb width_phone=\u00bb\u00bb width_last_edited=\u00bbon|phone\u00bb custom_margin=\u00bb|10px|||false|false\u00bb custom_padding=\u00bb||||false|false\u00bb link_option_url=\u00bbmailto:support@beedle.co?subject=Solicitud de demostraci\u00f3n en vivo &#8211; Empezar&#038;body=\u00a1Hola! Me gustar\u00eda solicitar una demostraci\u00f3n en vivo de Beedle.\u00bb custom_css_main_element=\u00bbdisplay: inline-block; float: left;\u00bb border_width_all=\u00bb2px\u00bb border_color_all=\u00bb#00d3a3&#8243; locked=\u00bboff\u00bb background_color__hover=\u00bb#ffffff\u00bb background_enable_color__hover=\u00bbon\u00bb text_text_color__hover_enabled=\u00bbon|hover\u00bb text_text_color__hover=\u00bb#00d3a3&#8243; border_width_all__hover_enabled=\u00bbon|desktop\u00bb background__hover_enabled=\u00bbon|desktop\u00bb]<\/p>\n<p style=\"text-align: center;\">Solicitar un<br \/>  demostraci\u00f3n en vivo<\/p>\n<p>[\/et_pb_text][\/et_pb_column][et_pb_column type=\u00bb1_2&#8243; _builder_version=\u00bb4.7.7&#8243; _module_preset=\u00bbdefault\u00bb][et_pb_image src=\u00bbhttps:\/\/beedle.co\/wp-content\/uploads\/2021\/06\/Admin_GIF.gif\u00bb title_text=\u00bbAdmin_GIF\u00bb align=\u00bbcenter\u00bb _builder_version=\u00bb4.7.7&#8243; _module_preset=\u00bbdefault\u00bb custom_margin=\u00bb40px||||false|false\u00bb][\/et_pb_image][\/et_pb_column][\/et_pb_row][et_pb_row column_structure=\u00bb1_2,1_2&#8243; _builder_version=\u00bb4.7.7&#8243; _module_preset=\u00bbdefault\u00bb][et_pb_column type=\u00bb1_2&#8243; _builder_version=\u00bb4.7.7&#8243; _module_preset=\u00bbdefault\u00bb][et_pb_image src=\u00bbhttps:\/\/beedle.co\/wp-content\/uploads\/2021\/06\/Teacher_GIF.gif\u00bb title_text=\u00bbTeacher_GIF\u00bb _builder_version=\u00bb4.7.7&#8243; _module_preset=\u00bbdefault\u00bb custom_padding=\u00bb||||false|false\u00bb][\/et_pb_image][\/et_pb_column][et_pb_column type=\u00bb1_2&#8243; _builder_version=\u00bb4.7.7&#8243; _module_preset=\u00bbdefault\u00bb][et_pb_text _builder_version=\u00bb4.7.7&#8243; _module_preset=\u00bbdefault\u00bb custom_margin=\u00bb||||false|false\u00bb custom_padding=\u00bb||||false|false\u00bb]<\/p>\n<h2>\u00a1Comienza a agregar Beedle a tus clases!<\/h2>\n<p>Puedes agregar Beedle directamente a los equipos de tus clases haciendo clic en el icono + en la secci\u00f3n de pesta\u00f1as dentro del equipo.<br \/> Simplemente busca Beedle y haz clic para instalar.<\/p>\n<p>[\/et_pb_text][\/et_pb_column][\/et_pb_row][\/et_pb_section][et_pb_section fb_built=\u00bb1&#8243; _builder_version=\u00bb4.7.7&#8243; _module_preset=\u00bbdefault\u00bb background_color=\u00bb#262942&#8243; custom_padding=\u00bb||2px|||\u00bb saved_tabs=\u00bball\u00bb global_module=\u00bb8432&#8243;][et_pb_row column_structure=\u00bb1_4,1_4,1_4,1_4&#8243; _builder_version=\u00bb4.7.7&#8243; _module_preset=\u00bbdefault\u00bb max_width=\u00bb1920px\u00bb][et_pb_column type=\u00bb1_4&#8243; _builder_version=\u00bb4.7.7&#8243; _module_preset=\u00bbdefault\u00bb][et_pb_text _builder_version=\u00bb4.7.7&#8243; _module_preset=\u00bbdefault\u00bb]<\/p>\n<h3><span style=\"color: #ffffff;\">Producto<\/span><\/h3>\n<p><span style=\"color: #ffffff;\"><a href=\"https:\/\/beedle.co\/soluciones\/?lang=es\" style=\"color: #ffffff;\">Soluci\u00f3n<\/a><\/span><br \/> <span style=\"color: #ffffff;\"><a href=\"https:\/\/beedle.co\/maestros\/?lang=es\" style=\"color: #ffffff;\">Profesorado<\/a><\/span><br \/> <span style=\"color: #ffffff;\"><a href=\"https:\/\/beedle.co\/guardianes\/?lang=es\" style=\"color: #ffffff;\"> Guardianes<\/a><\/span><br \/> <span style=\"color: #ffffff;\"><a href=\"https:\/\/beedle.co\/comenzar\/?lang=es\" style=\"color: #ffffff;\"> Obtener Beedle<\/a><\/span><br \/> <span style=\"color: #ffffff;\"><a href=\"mailto:support@beedle.co\" style=\"color: #ffffff;\"> Soporte<\/a><\/span><\/p>\n<p>[\/et_pb_text][\/et_pb_column][et_pb_column type=\u00bb1_4&#8243; _builder_version=\u00bb4.7.7&#8243; _module_preset=\u00bbdefault\u00bb][et_pb_text _builder_version=\u00bb4.7.7&#8243; _module_preset=\u00bbdefault\u00bb custom_margin=\u00bb||-2px|||\u00bb]<\/p>\n<h3><span style=\"color: #ffffff\">Redes Sociales<\/span><\/h3>\n<p><span style=\"color: #ffffff\"> <\/span><\/p>\n<p>[\/et_pb_text][et_pb_social_media_follow _builder_version=\u00bb3.29.3&#8243; text_orientation=\u00bbleft\u00bb locked=\u00bboff\u00bb][et_pb_social_media_follow_network social_network=\u00bblinkedin\u00bb url=\u00bbhttps:\/\/www.linkedin.com\/company\/beedle-co\/\u00bb _builder_version=\u00bb3.29.3&#8243; background_color=\u00bb#007bb6&#8243; follow_button=\u00bboff\u00bb url_new_window=\u00bbon\u00bb]linkedin[\/et_pb_social_media_follow_network][et_pb_social_media_follow_network social_network=\u00bbtwitter\u00bb url=\u00bbhttps:\/\/twitter.com\/Beedle_co\u00bb _builder_version=\u00bb3.29.3&#8243; background_color=\u00bb#00aced\u00bb follow_button=\u00bboff\u00bb url_new_window=\u00bbon\u00bb]twitter[\/et_pb_social_media_follow_network][et_pb_social_media_follow_network social_network=\u00bbfacebook\u00bb url=\u00bbhttps:\/\/www.facebook.com\/beedle.co\u00bb _builder_version=\u00bb3.29.3&#8243; background_color=\u00bb#3b5998&#8243; follow_button=\u00bboff\u00bb url_new_window=\u00bbon\u00bb]facebook[\/et_pb_social_media_follow_network][\/et_pb_social_media_follow][\/et_pb_column][et_pb_column type=\u00bb1_4&#8243; _builder_version=\u00bb4.7.7&#8243; _module_preset=\u00bbdefault\u00bb][et_pb_text _builder_version=\u00bb4.7.7&#8243; _module_preset=\u00bbdefault\u00bb]<\/p>\n<h3><span style=\"color: #ffffff;\">Compa\u00f1\u00eda<\/span><\/h3>\n<p><span style=\"color: #ffffff;\"><a href=\"https:\/\/beedle.co\/acerca-de-nosotros\/?lang=es\" style=\"color: #ffffff;\">Sobre nosotros<\/a><br \/> <a href=\"https:\/\/beedle.co\/condiciones-de-uso\/?lang=es\" style=\"color: #ffffff;\">Condiciones de uso<\/a><\/span><br \/> <span style=\"color: #ffffff;\"><a href=\"https:\/\/beedle.co\/politica-de-privacidad\/?lang=es\" style=\"color: #ffffff;\"> Pol\u00edtica de privacidad<\/a><\/span><br \/> <span style=\"color: #ffffff;\"><a href=\"https:\/\/beedle.co\/data-processing-agreement\/\" style=\"color: #ffffff;\"> Acuerdo de procesamiento de datos<\/a><\/span><br \/> <span style=\"color: #ffffff;\"><a href=\"mailto:support@beedle.co?subject=Request%20from%20press&amp;body=Please%20write%20your%20press%20request%20here%20below.\" style=\"color: #ffffff;\"> prensa<\/a><\/span><\/p>\n<h3><span style=\"color: #ffffff;\">\u00a1Hablamos Espa\u00f1ol!<\/span><\/h3>\n<p><span><span style=\"color: #ffffff;\">Contacta a <\/span><a href=\"mailto:alondra@beedle.co\">Alondra Silva Munoz<\/a><span style=\"color: #ffffff;\">, gerente de<\/span> <span style=\"color: #ffffff;\">Beedle en Latinoam\u00e9rica.\u00a0<\/span><\/span><span style=\"color: #ffffff;\"><\/span><\/p>\n<p><span style=\"color: #ffffff;\"><\/span><\/p>\n<p>[\/et_pb_text][\/et_pb_column][et_pb_column type=\u00bb1_4&#8243; _builder_version=\u00bb4.7.7&#8243; _module_preset=\u00bbdefault\u00bb][et_pb_image src=\u00bbhttps:\/\/beedle.co\/wp-content\/uploads\/2021\/06\/MS_badge_white-removebg-preview.png\u00bb title_text=\u00bbMS_badge_white-removebg-preview\u00bb _builder_version=\u00bb4.7.7&#8243; _module_preset=\u00bbdefault\u00bb][\/et_pb_image][\/et_pb_column][\/et_pb_row][\/et_pb_section]<\/p>\n","protected":false},"excerpt":{"rendered":"<p>ComenzarExpande la funcionalidad de Microsoft Teams en educaci\u00f3n \u00a1Instalarlo es muy f\u00e1cil! Instalar beedle es f\u00e1cil, simplemente busca Beedle en la App Store de Microsoft Teams, en la esquina inferior izquierda de Teams, y te guiaremos paso a paso a trav\u00e9s del proceso de configuraci\u00f3n. Instalar por primera vez y aprobaci\u00f3n del administrador Tenga en [&hellip;]<\/p>\n","protected":false},"author":8,"featured_media":0,"parent":0,"menu_order":0,"comment_status":"closed","ping_status":"closed","template":"","meta":{"_acf_changed":false,"_et_pb_use_builder":"on","_et_pb_old_content":"","_et_gb_content_width":"","content-type":"","footnotes":""},"acf":[],"yoast_head":"<!-- This site is optimized with the Yoast SEO plugin v23.0 - https:\/\/yoast.com\/wordpress\/plugins\/seo\/ -->\n<title>Instalar Beedle | Beedle<\/title>\n<meta name=\"description\" content=\"Beedle is a tool for teachers using Microsoft Teams. Supercharge your Microsoft Teams with all of the unique possibilities Beedle provides.\" \/>\n<meta name=\"robots\" content=\"index, follow, max-snippet:-1, max-image-preview:large, max-video-preview:-1\" \/>\n<link rel=\"canonical\" href=\"https:\/\/beedle.co\/es\/comenzar\/\" \/>\n<meta property=\"og:locale\" content=\"es_ES\" \/>\n<meta property=\"og:type\" content=\"article\" \/>\n<meta property=\"og:title\" content=\"Instalar Beedle | Beedle\" \/>\n<meta property=\"og:description\" content=\"Beedle is a tool for teachers using Microsoft Teams. Supercharge your Microsoft Teams with all of the unique possibilities Beedle provides.\" \/>\n<meta property=\"og:url\" content=\"https:\/\/beedle.co\/es\/comenzar\/\" \/>\n<meta property=\"og:site_name\" content=\"Beedle\" \/>\n<meta property=\"article:publisher\" content=\"https:\/\/www.facebook.com\/beedle.co\" \/>\n<meta property=\"article:modified_time\" content=\"2021-08-31T11:43:16+00:00\" \/>\n<meta name=\"twitter:card\" content=\"summary_large_image\" \/>\n<meta name=\"twitter:site\" content=\"@Beedle_co\" \/>\n<meta name=\"twitter:label1\" content=\"Tiempo de lectura\" \/>\n\t<meta name=\"twitter:data1\" content=\"5 minutos\" \/>\n<script type=\"application\/ld+json\" class=\"yoast-schema-graph\">{\"@context\":\"https:\/\/schema.org\",\"@graph\":[{\"@type\":\"WebPage\",\"@id\":\"https:\/\/beedle.co\/es\/comenzar\/\",\"url\":\"https:\/\/beedle.co\/es\/comenzar\/\",\"name\":\"Instalar Beedle | Beedle\",\"isPartOf\":{\"@id\":\"https:\/\/beedle.co\/#website\"},\"datePublished\":\"2021-06-15T14:05:04+00:00\",\"dateModified\":\"2021-08-31T11:43:16+00:00\",\"description\":\"Beedle is a tool for teachers using Microsoft Teams. Supercharge your Microsoft Teams with all of the unique possibilities Beedle provides.\",\"breadcrumb\":{\"@id\":\"https:\/\/beedle.co\/es\/comenzar\/#breadcrumb\"},\"inLanguage\":\"es\",\"potentialAction\":[{\"@type\":\"ReadAction\",\"target\":[\"https:\/\/beedle.co\/es\/comenzar\/\"]}]},{\"@type\":\"BreadcrumbList\",\"@id\":\"https:\/\/beedle.co\/es\/comenzar\/#breadcrumb\",\"itemListElement\":[{\"@type\":\"ListItem\",\"position\":1,\"name\":\"Home\",\"item\":\"https:\/\/beedle.co\/es\/\"},{\"@type\":\"ListItem\",\"position\":2,\"name\":\"Instalar Beedle\"}]},{\"@type\":\"WebSite\",\"@id\":\"https:\/\/beedle.co\/#website\",\"url\":\"https:\/\/beedle.co\/\",\"name\":\"Beedle\",\"description\":\"Tools for Teachers in Microsoft Teams.\",\"publisher\":{\"@id\":\"https:\/\/beedle.co\/#organization\"},\"potentialAction\":[{\"@type\":\"SearchAction\",\"target\":{\"@type\":\"EntryPoint\",\"urlTemplate\":\"https:\/\/beedle.co\/?s={search_term_string}\"},\"query-input\":\"required name=search_term_string\"}],\"inLanguage\":\"es\"},{\"@type\":\"Organization\",\"@id\":\"https:\/\/beedle.co\/#organization\",\"name\":\"Beedle\",\"url\":\"https:\/\/beedle.co\/\",\"logo\":{\"@type\":\"ImageObject\",\"inLanguage\":\"es\",\"@id\":\"https:\/\/beedle.co\/#\/schema\/logo\/image\/\",\"url\":\"https:\/\/staging.beedle.co\/wp-content\/uploads\/2019\/10\/Beedle-Logo-Green@4x.png\",\"contentUrl\":\"https:\/\/staging.beedle.co\/wp-content\/uploads\/2019\/10\/Beedle-Logo-Green@4x.png\",\"width\":373,\"height\":396,\"caption\":\"Beedle\"},\"image\":{\"@id\":\"https:\/\/beedle.co\/#\/schema\/logo\/image\/\"},\"sameAs\":[\"https:\/\/www.facebook.com\/beedle.co\",\"https:\/\/x.com\/Beedle_co\",\"https:\/\/www.linkedin.com\/company\/beedle-co\/\",\"https:\/\/www.youtube.com\/channel\/UC_ENnS8BLCo3cGPVPSclfpQ\"]}]}<\/script>\n<!-- \/ Yoast SEO plugin. -->","yoast_head_json":{"title":"Instalar Beedle | Beedle","description":"Beedle is a tool for teachers using Microsoft Teams. Supercharge your Microsoft Teams with all of the unique possibilities Beedle provides.","robots":{"index":"index","follow":"follow","max-snippet":"max-snippet:-1","max-image-preview":"max-image-preview:large","max-video-preview":"max-video-preview:-1"},"canonical":"https:\/\/beedle.co\/es\/comenzar\/","og_locale":"es_ES","og_type":"article","og_title":"Instalar Beedle | Beedle","og_description":"Beedle is a tool for teachers using Microsoft Teams. Supercharge your Microsoft Teams with all of the unique possibilities Beedle provides.","og_url":"https:\/\/beedle.co\/es\/comenzar\/","og_site_name":"Beedle","article_publisher":"https:\/\/www.facebook.com\/beedle.co","article_modified_time":"2021-08-31T11:43:16+00:00","twitter_card":"summary_large_image","twitter_site":"@Beedle_co","twitter_misc":{"Tiempo de lectura":"5 minutos"},"schema":{"@context":"https:\/\/schema.org","@graph":[{"@type":"WebPage","@id":"https:\/\/beedle.co\/es\/comenzar\/","url":"https:\/\/beedle.co\/es\/comenzar\/","name":"Instalar Beedle | Beedle","isPartOf":{"@id":"https:\/\/beedle.co\/#website"},"datePublished":"2021-06-15T14:05:04+00:00","dateModified":"2021-08-31T11:43:16+00:00","description":"Beedle is a tool for teachers using Microsoft Teams. Supercharge your Microsoft Teams with all of the unique possibilities Beedle provides.","breadcrumb":{"@id":"https:\/\/beedle.co\/es\/comenzar\/#breadcrumb"},"inLanguage":"es","potentialAction":[{"@type":"ReadAction","target":["https:\/\/beedle.co\/es\/comenzar\/"]}]},{"@type":"BreadcrumbList","@id":"https:\/\/beedle.co\/es\/comenzar\/#breadcrumb","itemListElement":[{"@type":"ListItem","position":1,"name":"Home","item":"https:\/\/beedle.co\/es\/"},{"@type":"ListItem","position":2,"name":"Instalar Beedle"}]},{"@type":"WebSite","@id":"https:\/\/beedle.co\/#website","url":"https:\/\/beedle.co\/","name":"Beedle","description":"Tools for Teachers in Microsoft Teams.","publisher":{"@id":"https:\/\/beedle.co\/#organization"},"potentialAction":[{"@type":"SearchAction","target":{"@type":"EntryPoint","urlTemplate":"https:\/\/beedle.co\/?s={search_term_string}"},"query-input":"required name=search_term_string"}],"inLanguage":"es"},{"@type":"Organization","@id":"https:\/\/beedle.co\/#organization","name":"Beedle","url":"https:\/\/beedle.co\/","logo":{"@type":"ImageObject","inLanguage":"es","@id":"https:\/\/beedle.co\/#\/schema\/logo\/image\/","url":"https:\/\/staging.beedle.co\/wp-content\/uploads\/2019\/10\/Beedle-Logo-Green@4x.png","contentUrl":"https:\/\/staging.beedle.co\/wp-content\/uploads\/2019\/10\/Beedle-Logo-Green@4x.png","width":373,"height":396,"caption":"Beedle"},"image":{"@id":"https:\/\/beedle.co\/#\/schema\/logo\/image\/"},"sameAs":["https:\/\/www.facebook.com\/beedle.co","https:\/\/x.com\/Beedle_co","https:\/\/www.linkedin.com\/company\/beedle-co\/","https:\/\/www.youtube.com\/channel\/UC_ENnS8BLCo3cGPVPSclfpQ"]}]}},"_links":{"self":[{"href":"https:\/\/beedle.co\/es\/wp-json\/wp\/v2\/pages\/8005"}],"collection":[{"href":"https:\/\/beedle.co\/es\/wp-json\/wp\/v2\/pages"}],"about":[{"href":"https:\/\/beedle.co\/es\/wp-json\/wp\/v2\/types\/page"}],"author":[{"embeddable":true,"href":"https:\/\/beedle.co\/es\/wp-json\/wp\/v2\/users\/8"}],"replies":[{"embeddable":true,"href":"https:\/\/beedle.co\/es\/wp-json\/wp\/v2\/comments?post=8005"}],"version-history":[{"count":0,"href":"https:\/\/beedle.co\/es\/wp-json\/wp\/v2\/pages\/8005\/revisions"}],"wp:attachment":[{"href":"https:\/\/beedle.co\/es\/wp-json\/wp\/v2\/media?parent=8005"}],"curies":[{"name":"wp","href":"https:\/\/api.w.org\/{rel}","templated":true}]}}