{"id":1788,"date":"2020-02-25T09:44:12","date_gmt":"2020-02-25T09:44:12","guid":{"rendered":"https:\/\/beedle.co\/condiciones-de-uso\/"},"modified":"2021-07-01T10:43:58","modified_gmt":"2021-07-01T10:43:58","slug":"condiciones-de-uso","status":"publish","type":"page","link":"https:\/\/beedle.co\/es\/condiciones-de-uso\/","title":{"rendered":"Condiciones de uso"},"content":{"rendered":"<p>[et_pb_section fb_built=\u00bb1&#8243; admin_label=\u00bbHero\u00bb _builder_version=\u00bb3.29.3&#8243; background_color=\u00bb#262942&#8243; background_color_gradient_direction=\u00bb135deg\u00bb background_image=\u00bbhttps:\/\/beedle.co\/wp-content\/uploads\/2019\/09\/geometric-bg-overlay-01.jpg\u00bb background_blend=\u00bboverlay\u00bb custom_padding=\u00bb5%|0px|5%|0px||\u00bb animation_direction=\u00bbbottom\u00bb][et_pb_row _builder_version=\u00bb3.25&#8243; background_size=\u00bbinitial\u00bb background_position=\u00bbtop_left\u00bb background_repeat=\u00bbrepeat\u00bb][et_pb_column type=\u00bb4_4&#8243; _builder_version=\u00bb3.25&#8243; custom_padding=\u00bb|||\u00bb custom_padding__hover=\u00bb|||\u00bb][et_pb_text _builder_version=\u00bb3.29.3&#8243; text_font=\u00bbNunito Sans||||||||\u00bb text_text_color=\u00bb#ffffff\u00bb text_font_size=\u00bb18px\u00bb text_line_height=\u00bb1.8em\u00bb header_font=\u00bbNunito Sans|700|||||||\u00bb header_font_size=\u00bb45px\u00bb header_line_height=\u00bb1.3em\u00bb header_2_font=\u00bb||||||||\u00bb text_orientation=\u00bbcenter\u00bb background_layout=\u00bbdark\u00bb max_width=\u00bb700px\u00bb module_alignment=\u00bbcenter\u00bb]<\/p>\n<h1>Condiciones de uso<\/h1>\n<p>[\/et_pb_text][\/et_pb_column][\/et_pb_row][\/et_pb_section][et_pb_section fb_built=\u00bb1&#8243; admin_label=\u00bbDeveloper Documentation Section\u00bb _builder_version=\u00bb3.29.3&#8243; background_color=\u00bb#ffffff\u00bb custom_padding=\u00bb100px|0px|85px|0px||\u00bb][et_pb_row use_custom_gutter=\u00bbon\u00bb gutter_width=\u00bb2&#8243; _builder_version=\u00bb3.29.3&#8243; custom_margin_tablet=\u00bb\u00bb custom_margin_phone=\u00bb\u00bb custom_margin_last_edited=\u00bbon|phone\u00bb custom_padding=\u00bb|||\u00bb][et_pb_column type=\u00bb4_4&#8243; _builder_version=\u00bb3.25&#8243; background_color_gradient_direction=\u00bb243deg\u00bb custom_padding=\u00bb|||\u00bb custom_padding__hover=\u00bb|||\u00bb][et_pb_text _builder_version=\u00bb3.29.3&#8243; text_font=\u00bbUbuntu||||||||\u00bb text_line_height=\u00bb1.8em\u00bb header_font=\u00bb||||||||\u00bb header_2_font=\u00bbNunito Sans|700|||||||\u00bb header_2_font_size=\u00bb35px\u00bb header_2_line_height=\u00bb1.3em\u00bb header_3_font=\u00bbNunito Sans|700|||||||\u00bb header_3_font_size=\u00bb25px\u00bb header_3_line_height=\u00bb1.3em\u00bb module_alignment=\u00bbcenter\u00bb]<\/p>\n<h1 class=\"pageHeading\">Condiciones de uso<\/h1>\n<p><em>\u00daltima actualizaci\u00f3n: 1 de julio de 2021<\/em><\/p>\n<p>Las siguientes condiciones de uso (\u201ccondiciones\u201d, \u201ccondiciones de uso\u201d) rigen la relaci\u00f3n de los usuarios con beedle como complemento de Teams (el \u201cservicio\u201d) dirigido por Beedle ehf (\u201cnosotros\u201d, \u201cnuestro\u201d o \u201cnuestra\u201d). Lea detenidamente las condiciones de uso antes de usar nuestro servicio.<\/p>\n<p>El acceso y uso del servicio por parte de los usuarios est\u00e1 condicionado a su aceptaci\u00f3n y cumplimiento de estas condiciones o t\u00e9rminos. Estas condiciones se aplican a todos los visitantes, usuarios y otras personas que acceden o usan el servicio. Al acceder o utilizar el servicio, el usuario acepta estar sujeto a estas condiciones. Si el usuario no est\u00e1 de acuerdo con alguna parte de los t\u00e9rminos, entonces el usuario no podr\u00e1 acceder al servicio.<\/p>\n<h4>Descripci\u00f3n del servicio<\/h4>\n<p>El complemento Beedle, de Beedle, ayuda a reducir la carga de trabajo de los profesores al proporcionar una funcionalidad mejorada en Microsoft Teams (por ejemplo, planificaci\u00f3n, lista de clases, diario y evaluaciones). La aplicaci\u00f3n opcional Beedle Guardian proporciona a los tutores informaci\u00f3n, incluidos datos de asistencia y tareas.<\/p>\n<h4>Prueba gratuita<\/h4>\n<p>Beedle es gratuito y todos pueden descargarlo con una licencia de Microsoft 365. En cualquier momento y sin previo aviso, Beedle ehf se reserva el derecho de modificar los t\u00e9rminos y condiciones de la oferta de prueba gratuita, o de cancelar la oferta de prueba gratuita.<\/p>\n<h4>Responsabilidad de contenido del usuario<\/h4>\n<p>Nuestro servicio permite a los usuarios almacenar, vincular, compartir y por otra parte poner a disposici\u00f3n cierto contenido como informaci\u00f3n, texto, gr\u00e1ficos u otro material. El usuario es responsable del contenido que se carga en el servicio o se crea en el servicio, incluyendo su legalidad, confiabilidad y adecuaci\u00f3n. Todos los derechos, t\u00edtulos e intereses en y para todos los datos, informaci\u00f3n, texto, gr\u00e1ficos y otros materiales enviados al servicio son propiedad del usuario, quien es el \u00fanico responsable de determinar si el contenido del usuario es legal, apropiado, fidedigno y l\u00edcito. Lea nuestra pol\u00edtica de privacidad con respecto al almacenamiento de datos y al uso de cookies.<\/p>\n<h4>Restricci\u00f3n<\/h4>\n<p>El usuario se compromete a no copiar manualmente ni mediante el uso de programas, modificar, adaptar, descompilar ni aplicar ingenier\u00eda inversa, vender, distribuir, transmitir ni a desarmar ninguna parte del servicio ni su documentaci\u00f3n, as\u00ed mismo se compromete a no permitir que ning\u00fan tercero realice dichas acciones mencionadas anteriormente. Adem\u00e1s, queda estrictamente prohibido cualquier uso del servicio que no sea para el prop\u00f3sito para el que est\u00e1 destinado.<\/p>\n<h4>Limitaci\u00f3n de responsabilidad<\/h4>\n<p>En ning\u00fan caso, Beedle ehf, ni sus directores, empleados, socios, agentes, proveedores o afiliados, ser\u00e1n responsables por da\u00f1os indirectos, incidentales, especiales, consecuentes o punitivos, que incluyen, entre otros, p\u00e9rdida de ganancias, datos, uso, buena voluntad, u otras p\u00e9rdidas intangibles, como resultado del acceso del usuario o uso de, o incapacidad de acceso o uso del servicio; cualquier conducta o contenido de un tercero en el servicio; cualquier contenido obtenido del servicio; y acceso no autorizado, uso o alteraci\u00f3n de las transmisiones o contenido de los usuarios, ya sea por garant\u00eda, contrato, agravio (incluyendo negligencia) o cualquier otra teor\u00eda legal, ya sea que se nos haya informado o no de la posibilidad de tal da\u00f1o, e incluso si se encuentra que el recurso establecido en este medio ha fallado en su prop\u00f3sito esencial.<\/p>\n<h4>Descargo de responsabilidad<\/h4>\n<p>El uso del servicio por parte de los usuarios es bajo su propio riesgo. El servicio se proporciona sin garant\u00edas de ning\u00fan tipo, ya sean expresas o impl\u00edcitas, incluyendo, entre otras, las garant\u00edas impl\u00edcitas de comercializaci\u00f3n, idoneidad para un prop\u00f3sito particular, no infracci\u00f3n o curso de ejecuci\u00f3n. Beedle ehf, sus subsidiarias, afiliados y sus otorgantes de licencias no garantizan que el servicio funcionar\u00e1 ininterrumpidamente, de manera segura o disponible en un momento o lugar en particular; cualquier error o defecto ser\u00e1 corregido; el servicio est\u00e1 libre de virus u otros componentes da\u00f1inos; o que los resultados del uso del servicio cumplir\u00e1n con los requisitos de los usuarios.<\/p>\n<h4>Ley vigente<\/h4>\n<p>Estos t\u00e9rminos se regir\u00e1n e interpretar\u00e1n de conformidad con las leyes de Islandia, sin tener en cuenta sus disposiciones sobre conflictos de leyes. Nuestro incumplimiento de cualquier derecho o disposici\u00f3n de estos t\u00e9rminos no se considerar\u00e1 una renuncia a esos derechos. Si alguna disposici\u00f3n de estos t\u00e9rminos se considera inv\u00e1lida o inaplicable por un tribunal, las disposiciones restantes de estos t\u00e9rminos seguir\u00e1n vigentes. Estos t\u00e9rminos constituyen el acuerdo completo entre nosotros con respecto a nuestro servicio, y sustituyen y reemplazan cualquier acuerdo anterior que podamos tener entre nosotros con respecto al servicio.<\/p>\n<h4>Cambios<\/h4>\n<p>Nos reservamos el derecho, a nuestro exclusivo criterio, de modificar o reemplazar estos t\u00e9rminos en cualquier momento. Si se lleva a cabo una revisi\u00f3n del material, intentaremos enviar un aviso antes de que entren en vigor los nuevos t\u00e9rminos. Lo que constituye un cambio material se determinar\u00e1 a nuestro exclusivo criterio. Al continuar accediendo o utilizando nuestro servicio despu\u00e9s de que esas revisiones entren en vigor, el usuario acepta estar sujeto a los t\u00e9rminos actualizados. Si el usuario no acepta los nuevos t\u00e9rminos, deje de utilizar el servicio.<\/p>\n<h4>Cont\u00e1ctenos<\/h4>\n<p>Si tiene alguna pregunta sobre los t\u00e9rminos o condiciones, cont\u00e1ctenos a trav\u00e9s de: <a href=\"mailto:support@beedle.co\">support@beedle.co<\/a><\/p>\n<p>[\/et_pb_text][\/et_pb_column][\/et_pb_row][\/et_pb_section]<\/p>\n","protected":false},"excerpt":{"rendered":"<p>Condiciones de usoCondiciones de uso \u00daltima actualizaci\u00f3n: 1 de julio de 2021 Las siguientes condiciones de uso (\u201ccondiciones\u201d, \u201ccondiciones de uso\u201d) rigen la relaci\u00f3n de los usuarios con beedle como complemento de Teams (el \u201cservicio\u201d) dirigido por Beedle ehf (\u201cnosotros\u201d, \u201cnuestro\u201d o \u201cnuestra\u201d). Lea detenidamente las condiciones de uso antes de usar nuestro servicio. El [&hellip;]<\/p>\n","protected":false},"author":1,"featured_media":0,"parent":0,"menu_order":0,"comment_status":"closed","ping_status":"closed","template":"","meta":{"_acf_changed":false,"_et_pb_use_builder":"on","_et_pb_old_content":"","_et_gb_content_width":"","content-type":"","footnotes":""},"acf":[],"yoast_head":"<!-- This site is optimized with the Yoast SEO plugin v23.0 - https:\/\/yoast.com\/wordpress\/plugins\/seo\/ -->\n<title>Condiciones de uso | Beedle<\/title>\n<meta name=\"description\" content=\"Beedle is a tool for teachers using Microsoft Teams. Supercharge your Microsoft Teams with all of the unique possibilities Beedle provides.\" \/>\n<meta name=\"robots\" content=\"index, follow, max-snippet:-1, max-image-preview:large, max-video-preview:-1\" \/>\n<link rel=\"canonical\" href=\"https:\/\/beedle.co\/es\/condiciones-de-uso\/\" \/>\n<meta property=\"og:locale\" content=\"es_ES\" \/>\n<meta property=\"og:type\" content=\"article\" \/>\n<meta property=\"og:title\" content=\"Condiciones de uso | Beedle\" \/>\n<meta property=\"og:description\" content=\"Beedle is a tool for teachers using Microsoft Teams. Supercharge your Microsoft Teams with all of the unique possibilities Beedle provides.\" \/>\n<meta property=\"og:url\" content=\"https:\/\/beedle.co\/es\/condiciones-de-uso\/\" \/>\n<meta property=\"og:site_name\" content=\"Beedle\" \/>\n<meta property=\"article:publisher\" content=\"https:\/\/www.facebook.com\/beedle.co\" \/>\n<meta property=\"article:modified_time\" content=\"2021-07-01T10:43:58+00:00\" \/>\n<meta name=\"twitter:card\" content=\"summary_large_image\" \/>\n<meta name=\"twitter:site\" content=\"@Beedle_co\" \/>\n<meta name=\"twitter:label1\" content=\"Tiempo de lectura\" \/>\n\t<meta name=\"twitter:data1\" content=\"6 minutos\" \/>\n<script type=\"application\/ld+json\" class=\"yoast-schema-graph\">{\"@context\":\"https:\/\/schema.org\",\"@graph\":[{\"@type\":\"WebPage\",\"@id\":\"https:\/\/beedle.co\/es\/condiciones-de-uso\/\",\"url\":\"https:\/\/beedle.co\/es\/condiciones-de-uso\/\",\"name\":\"Condiciones de uso | Beedle\",\"isPartOf\":{\"@id\":\"https:\/\/beedle.co\/#website\"},\"datePublished\":\"2020-02-25T09:44:12+00:00\",\"dateModified\":\"2021-07-01T10:43:58+00:00\",\"description\":\"Beedle is a tool for teachers using Microsoft Teams. Supercharge your Microsoft Teams with all of the unique possibilities Beedle provides.\",\"breadcrumb\":{\"@id\":\"https:\/\/beedle.co\/es\/condiciones-de-uso\/#breadcrumb\"},\"inLanguage\":\"es\",\"potentialAction\":[{\"@type\":\"ReadAction\",\"target\":[\"https:\/\/beedle.co\/es\/condiciones-de-uso\/\"]}]},{\"@type\":\"BreadcrumbList\",\"@id\":\"https:\/\/beedle.co\/es\/condiciones-de-uso\/#breadcrumb\",\"itemListElement\":[{\"@type\":\"ListItem\",\"position\":1,\"name\":\"Home\",\"item\":\"https:\/\/beedle.co\/es\/\"},{\"@type\":\"ListItem\",\"position\":2,\"name\":\"Condiciones de uso\"}]},{\"@type\":\"WebSite\",\"@id\":\"https:\/\/beedle.co\/#website\",\"url\":\"https:\/\/beedle.co\/\",\"name\":\"Beedle\",\"description\":\"Tools for Teachers in Microsoft Teams.\",\"publisher\":{\"@id\":\"https:\/\/beedle.co\/#organization\"},\"potentialAction\":[{\"@type\":\"SearchAction\",\"target\":{\"@type\":\"EntryPoint\",\"urlTemplate\":\"https:\/\/beedle.co\/?s={search_term_string}\"},\"query-input\":\"required name=search_term_string\"}],\"inLanguage\":\"es\"},{\"@type\":\"Organization\",\"@id\":\"https:\/\/beedle.co\/#organization\",\"name\":\"Beedle\",\"url\":\"https:\/\/beedle.co\/\",\"logo\":{\"@type\":\"ImageObject\",\"inLanguage\":\"es\",\"@id\":\"https:\/\/beedle.co\/#\/schema\/logo\/image\/\",\"url\":\"https:\/\/staging.beedle.co\/wp-content\/uploads\/2019\/10\/Beedle-Logo-Green@4x.png\",\"contentUrl\":\"https:\/\/staging.beedle.co\/wp-content\/uploads\/2019\/10\/Beedle-Logo-Green@4x.png\",\"width\":373,\"height\":396,\"caption\":\"Beedle\"},\"image\":{\"@id\":\"https:\/\/beedle.co\/#\/schema\/logo\/image\/\"},\"sameAs\":[\"https:\/\/www.facebook.com\/beedle.co\",\"https:\/\/x.com\/Beedle_co\",\"https:\/\/www.linkedin.com\/company\/beedle-co\/\",\"https:\/\/www.youtube.com\/channel\/UC_ENnS8BLCo3cGPVPSclfpQ\"]}]}<\/script>\n<!-- \/ Yoast SEO plugin. -->","yoast_head_json":{"title":"Condiciones de uso | Beedle","description":"Beedle is a tool for teachers using Microsoft Teams. Supercharge your Microsoft Teams with all of the unique possibilities Beedle provides.","robots":{"index":"index","follow":"follow","max-snippet":"max-snippet:-1","max-image-preview":"max-image-preview:large","max-video-preview":"max-video-preview:-1"},"canonical":"https:\/\/beedle.co\/es\/condiciones-de-uso\/","og_locale":"es_ES","og_type":"article","og_title":"Condiciones de uso | Beedle","og_description":"Beedle is a tool for teachers using Microsoft Teams. Supercharge your Microsoft Teams with all of the unique possibilities Beedle provides.","og_url":"https:\/\/beedle.co\/es\/condiciones-de-uso\/","og_site_name":"Beedle","article_publisher":"https:\/\/www.facebook.com\/beedle.co","article_modified_time":"2021-07-01T10:43:58+00:00","twitter_card":"summary_large_image","twitter_site":"@Beedle_co","twitter_misc":{"Tiempo de lectura":"6 minutos"},"schema":{"@context":"https:\/\/schema.org","@graph":[{"@type":"WebPage","@id":"https:\/\/beedle.co\/es\/condiciones-de-uso\/","url":"https:\/\/beedle.co\/es\/condiciones-de-uso\/","name":"Condiciones de uso | Beedle","isPartOf":{"@id":"https:\/\/beedle.co\/#website"},"datePublished":"2020-02-25T09:44:12+00:00","dateModified":"2021-07-01T10:43:58+00:00","description":"Beedle is a tool for teachers using Microsoft Teams. Supercharge your Microsoft Teams with all of the unique possibilities Beedle provides.","breadcrumb":{"@id":"https:\/\/beedle.co\/es\/condiciones-de-uso\/#breadcrumb"},"inLanguage":"es","potentialAction":[{"@type":"ReadAction","target":["https:\/\/beedle.co\/es\/condiciones-de-uso\/"]}]},{"@type":"BreadcrumbList","@id":"https:\/\/beedle.co\/es\/condiciones-de-uso\/#breadcrumb","itemListElement":[{"@type":"ListItem","position":1,"name":"Home","item":"https:\/\/beedle.co\/es\/"},{"@type":"ListItem","position":2,"name":"Condiciones de uso"}]},{"@type":"WebSite","@id":"https:\/\/beedle.co\/#website","url":"https:\/\/beedle.co\/","name":"Beedle","description":"Tools for Teachers in Microsoft Teams.","publisher":{"@id":"https:\/\/beedle.co\/#organization"},"potentialAction":[{"@type":"SearchAction","target":{"@type":"EntryPoint","urlTemplate":"https:\/\/beedle.co\/?s={search_term_string}"},"query-input":"required name=search_term_string"}],"inLanguage":"es"},{"@type":"Organization","@id":"https:\/\/beedle.co\/#organization","name":"Beedle","url":"https:\/\/beedle.co\/","logo":{"@type":"ImageObject","inLanguage":"es","@id":"https:\/\/beedle.co\/#\/schema\/logo\/image\/","url":"https:\/\/staging.beedle.co\/wp-content\/uploads\/2019\/10\/Beedle-Logo-Green@4x.png","contentUrl":"https:\/\/staging.beedle.co\/wp-content\/uploads\/2019\/10\/Beedle-Logo-Green@4x.png","width":373,"height":396,"caption":"Beedle"},"image":{"@id":"https:\/\/beedle.co\/#\/schema\/logo\/image\/"},"sameAs":["https:\/\/www.facebook.com\/beedle.co","https:\/\/x.com\/Beedle_co","https:\/\/www.linkedin.com\/company\/beedle-co\/","https:\/\/www.youtube.com\/channel\/UC_ENnS8BLCo3cGPVPSclfpQ"]}]}},"_links":{"self":[{"href":"https:\/\/beedle.co\/es\/wp-json\/wp\/v2\/pages\/1788"}],"collection":[{"href":"https:\/\/beedle.co\/es\/wp-json\/wp\/v2\/pages"}],"about":[{"href":"https:\/\/beedle.co\/es\/wp-json\/wp\/v2\/types\/page"}],"author":[{"embeddable":true,"href":"https:\/\/beedle.co\/es\/wp-json\/wp\/v2\/users\/1"}],"replies":[{"embeddable":true,"href":"https:\/\/beedle.co\/es\/wp-json\/wp\/v2\/comments?post=1788"}],"version-history":[{"count":0,"href":"https:\/\/beedle.co\/es\/wp-json\/wp\/v2\/pages\/1788\/revisions"}],"wp:attachment":[{"href":"https:\/\/beedle.co\/es\/wp-json\/wp\/v2\/media?parent=1788"}],"curies":[{"name":"wp","href":"https:\/\/api.w.org\/{rel}","templated":true}]}}