{"id":14102,"date":"2022-04-07T21:33:00","date_gmt":"2022-04-07T21:33:00","guid":{"rendered":"https:\/\/beedle.co\/?page_id=14102"},"modified":"2022-06-20T15:16:16","modified_gmt":"2022-06-20T15:16:16","slug":"registro","status":"publish","type":"page","link":"https:\/\/beedle.co\/es\/registro\/","title":{"rendered":"Registro"},"content":{"rendered":"\n[et_pb_section fb_built=\u00bb1&#8243; admin_label=\u00bbContact hero\u00bb _builder_version=\u00bb4.14.9&#8243; use_background_color_gradient=\u00bbon\u00bb background_color_gradient_start=\u00bb#262942&#8243; background_color_gradient_end=\u00bb#262942&#8243; background_image=\u00bbhttps:\/\/beedle.co\/wp-content\/uploads\/2019\/09\/coding-background-texture.jpg\u00bb background_blend=\u00bboverlay\u00bb custom_padding=\u00bb100px|0px|60px|0px\u00bb animation_style=\u00bbslide\u00bb animation_direction=\u00bbtop\u00bb animation_intensity_slide=\u00bb2%\u00bb box_shadow_style=\u00bbpreset7&#8243; box_shadow_horizontal=\u00bb0px\u00bb box_shadow_vertical=\u00bb-260px\u00bb box_shadow_color=\u00bb#ffffff\u00bb locked=\u00bboff\u00bb global_colors_info=\u00bb{}\u00bb][et_pb_row _builder_version=\u00bb3.25&#8243; custom_margin=\u00bb|||\u00bb custom_padding=\u00bb27px|0px|50px|0px||\u00bb custom_width_px=\u00bb1280px\u00bb global_colors_info=\u00bb{}\u00bb][et_pb_column type=\u00bb4_4&#8243; _builder_version=\u00bb3.25&#8243; custom_padding=\u00bb|||\u00bb global_colors_info=\u00bb{}\u00bb custom_padding__hover=\u00bb|||\u00bb][et_pb_text _builder_version=\u00bb4.14.9&#8243; header_font=\u00bb|on|||\u00bb header_font_size=\u00bb42px\u00bb header_line_height=\u00bb1.3em\u00bb text_orientation=\u00bbcenter\u00bb background_layout=\u00bbdark\u00bb module_alignment=\u00bbcenter\u00bb custom_padding=\u00bb|||\u00bb hover_enabled=\u00bb0&#8243; header_font_size_tablet=\u00bb\u00bb header_font_size_phone=\u00bb\u00bb header_font_size_last_edited=\u00bbon|desktop\u00bb locked=\u00bboff\u00bb global_colors_info=\u00bb{}\u00bb sticky_enabled=\u00bb0&#8243;]<h1><span>Registro para contacto y eventos<\/span><\/h1>[\/et_pb_text][\/et_pb_column][\/et_pb_row][et_pb_row column_structure=\u00bb2_3,1_3&#8243; use_custom_gutter=\u00bbon\u00bb gutter_width=\u00bb1&#8243; make_equal=\u00bbon\u00bb admin_label=\u00bbContact Info\u00bb _builder_version=\u00bb4.14.9&#8243; background_color=\u00bb#ffffff\u00bb custom_padding=\u00bb0px|0px|0px|0px\u00bb animation_style=\u00bbzoom\u00bb animation_intensity_zoom=\u00bb10%\u00bb animation_starting_opacity=\u00bb100%\u00bb box_shadow_style=\u00bbpreset1&#8243; box_shadow_vertical=\u00bb10px\u00bb box_shadow_blur=\u00bb60px\u00bb box_shadow_color=\u00bbrgba(71,74,182,0.12)\u00bb global_colors_info=\u00bb{}\u00bb][et_pb_column type=\u00bb2_3&#8243; _builder_version=\u00bb3.25&#8243; custom_padding=\u00bb60px|40px|60px|40px\u00bb global_colors_info=\u00bb{}\u00bb custom_padding__hover=\u00bb|||\u00bb][et_pb_text _builder_version=\u00bb4.14.9&#8243; _module_preset=\u00bbdefault\u00bb module_alignment=\u00bbcenter\u00bb custom_margin=\u00bb||20px||false|false\u00bb inline_fonts=\u00bbMark FF Heavy\u00bb global_colors_info=\u00bb{}\u00bb]<h1 style=\"text-align: left;\"><span style=\"font-family: 'Mark FF Heavy'; font-weight: normal; color: #00d4a3;\">Completa el formulario<\/span><\/h1>[\/et_pb_text][et_pb_code _builder_version=\u00bb4.14.9&#8243; _module_preset=\u00bbdefault\u00bb min_height=\u00bb60px\u00bb global_colors_info=\u00bb{}\u00bb]<script charset=\"utf-8\" type=\"text\/javascript\" src=\"\/\/js-eu1.hsforms.net\/forms\/v2.js\"><\/script><!-- [et_pb_line_break_holder] --><script><!-- [et_pb_line_break_holder] -->  hbspt.forms.create({<!-- [et_pb_line_break_holder] -->    region: \"eu1\",<!-- [et_pb_line_break_holder] -->    portalId: \"25512257\",<!-- [et_pb_line_break_holder] -->    formId: \"c1ffbaa7-bc5b-4626-a4df-0e1641da3c54\"<!-- [et_pb_line_break_holder] -->  });<!-- [et_pb_line_break_holder] --><\/script>[\/et_pb_code][\/et_pb_column][et_pb_column type=\u00bb1_3&#8243; _builder_version=\u00bb4.14.9&#8243; background_color=\u00bb#eeeeee\u00bb custom_padding=\u00bb60px|40px|60px|40px\u00bb global_colors_info=\u00bb{}\u00bb custom_padding__hover=\u00bb|||\u00bb][et_pb_text _builder_version=\u00bb4.14.9&#8243; text_font=\u00bb||||||||\u00bb header_font=\u00bb||||||||\u00bb header_text_color=\u00bb#262942&#8243; header_2_font=\u00bb|700|||||||\u00bb header_2_text_color=\u00bb#262942&#8243; header_2_font_size=\u00bb36px\u00bb header_2_line_height=\u00bb1.3em\u00bb background_layout=\u00bbdark\u00bb custom_margin=\u00bb||20px|\u00bb animation_style=\u00bbslide\u00bb animation_direction=\u00bbbottom\u00bb animation_intensity_slide=\u00bb10%\u00bb locked=\u00bboff\u00bb global_colors_info=\u00bb{}\u00bb header_font_size__hover=\u00bb30px\u00bb header_font_size__hover_enabled=\u00bb30px\u00bb header_letter_spacing__hover=\u00bb0px\u00bb header_letter_spacing__hover_enabled=\u00bb0px\u00bb header_text_shadow_style__hover=\u00bbnone\u00bb header_text_shadow_style__hover_enabled=\u00bbnone\u00bb header_text_shadow_color__hover=\u00bbrgba(0,0,0,0.4)\u00bb header_text_shadow_color__hover_enabled=\u00bbrgba(0,0,0,0.4)\u00bb]<h2>Informaci\u00f3n<\/h2>[\/et_pb_text][et_pb_text _builder_version=\u00bb4.14.9&#8243; text_text_color=\u00bb#262942&#8243; text_line_height=\u00bb3em\u00bb header_text_color=\u00bb#00D4A3&#8243; background_layout=\u00bbdark\u00bb custom_margin=\u00bb||40px|\u00bb global_colors_info=\u00bb{}\u00bb]<p><span>Gracias por tu inter\u00e9s en Beedle, la aplicaci\u00f3n de gesti\u00f3n educativa en Microsoft Teams que los docentes de todo el mundo aman.<\/span><\/p>\n<p>Sigue nuestras cuentas en redes sociales e inicia una gran experiencia para tu comunidad educativa.<\/p>[\/et_pb_text][et_pb_social_media_follow icon_color=\u00bb#262942&#8243; _builder_version=\u00bb4.14.9&#8243; text_orientation=\u00bbleft\u00bb background_layout=\u00bbdark\u00bb custom_margin=\u00bb|||\u00bb global_colors_info=\u00bb{}\u00bb][et_pb_social_media_follow_network social_network=\u00bbfacebook\u00bb url=\u00bbhttps:\/\/www.facebook.com\/search\/top?q=beedle%20latinoam%C3%A9rica\u00bb _builder_version=\u00bb4.14.9&#8243; custom_margin=\u00bb|6px||\u00bb global_colors_info=\u00bb{}\u00bb follow_button=\u00bboff\u00bb url_new_window=\u00bbon\u00bb]facebook[\/et_pb_social_media_follow_network][et_pb_social_media_follow_network social_network=\u00bbtwitter\u00bb url=\u00bbhttps:\/\/twitter.com\/Beedle_latam\u00bb _builder_version=\u00bb4.14.9&#8243; custom_margin=\u00bb|6px||\u00bb global_colors_info=\u00bb{}\u00bb follow_button=\u00bboff\u00bb url_new_window=\u00bbon\u00bb]twitter[\/et_pb_social_media_follow_network][et_pb_social_media_follow_network social_network=\u00bbinstagram\u00bb url=\u00bbhttps:\/\/www.instagram.com\/beedle_latam\/\u00bb _builder_version=\u00bb4.14.9&#8243; custom_margin=\u00bb|6px||\u00bb global_colors_info=\u00bb{}\u00bb follow_button=\u00bboff\u00bb url_new_window=\u00bbon\u00bb]instagram[\/et_pb_social_media_follow_network][et_pb_social_media_follow_network social_network=\u00bblinkedin\u00bb url=\u00bbhttps:\/\/www.linkedin.com\/company\/beedle-co\/\u00bb _builder_version=\u00bb4.14.9&#8243; custom_margin=\u00bb|6px||\u00bb custom_padding=\u00bb|||\u00bb global_colors_info=\u00bb{}\u00bb follow_button=\u00bboff\u00bb url_new_window=\u00bbon\u00bb]linkedin[\/et_pb_social_media_follow_network][\/et_pb_social_media_follow][\/et_pb_column][\/et_pb_row][\/et_pb_section][et_pb_section fb_built=\u00bb1&#8243; module_class=\u00bbfooter-new\u00bb _builder_version=\u00bb4.14.2&#8243; _module_preset=\u00bbdefault\u00bb background_color=\u00bb#262942&#8243; custom_padding=\u00bb30px||20px||false|false\u00bb global_module=\u00bb10463&#8243; saved_tabs=\u00bball\u00bb global_colors_info=\u00bb{}\u00bb][et_pb_row column_structure=\u00bb1_4,1_4,1_4,1_4&#8243; make_equal=\u00bbon\u00bb _builder_version=\u00bb4.14.2&#8243; _module_preset=\u00bbdefault\u00bb max_width=\u00bb1920px\u00bb custom_padding=\u00bb||0px||false|false\u00bb global_colors_info=\u00bb{}\u00bb][et_pb_column type=\u00bb1_4&#8243; _builder_version=\u00bb4.14.2&#8243; _module_preset=\u00bbdefault\u00bb global_colors_info=\u00bb{}\u00bb][et_pb_text module_class=\u00bbfooter-navigation\u00bb _builder_version=\u00bb4.14.2&#8243; _module_preset=\u00bbdefault\u00bb text_text_color=\u00bb#FFFFFF\u00bb header_text_align=\u00bbcenter\u00bb header_3_text_align=\u00bbcenter\u00bb header_3_text_color=\u00bb#FFFFFF\u00bb header_3_font_size=\u00bb20px\u00bb text_orientation=\u00bbcenter\u00bb custom_margin=\u00bb||||false|false\u00bb header_text_align_tablet=\u00bb\u00bb header_text_align_phone=\u00bb\u00bb header_text_align_last_edited=\u00bbon|desktop\u00bb text_orientation_tablet=\u00bb\u00bb text_orientation_phone=\u00bb\u00bb text_orientation_last_edited=\u00bbon|tablet\u00bb global_colors_info=\u00bb{}\u00bb]<h3><span style=\"color: #ffffff;\">Producto<\/span><\/h3>\n<p><span style=\"color: #ffffff;\"><a style=\"color: #ffffff;\" href=\"https:\/\/beedle.co\/es\/solucion\/\">Soluci\u00f3n<\/a><\/span><br \/><span style=\"color: #ffffff;\"> <a style=\"color: #ffffff;\" href=\"https:\/\/beedle.co\/es\/profesores\/\">Profesores<\/a><\/span><br \/><span style=\"color: #ffffff;\"> <a style=\"color: #ffffff;\" href=\"https:\/\/beedle.co\/es\/escuelas\/\">Escuelas<\/a><\/span><br \/><span style=\"color: #ffffff;\"> <a style=\"color: #ffffff;\" href=\"https:\/\/beedle.co\/es\/app-de-padres\/\">App de padres<\/a><\/span><br \/><span style=\"color: #ffffff;\"> <a style=\"color: #ffffff;\" href=\"https:\/\/beedle.co\/es\/instalar-beedle\/\">Instalar Beedle<\/a><\/span><\/p>[\/et_pb_text][\/et_pb_column][et_pb_column type=\u00bb1_4&#8243; _builder_version=\u00bb4.7.7&#8243; _module_preset=\u00bbdefault\u00bb global_colors_info=\u00bb{}\u00bb][et_pb_text module_class=\u00bbfooter-navigation\u00bb _builder_version=\u00bb4.14.2&#8243; _module_preset=\u00bbdefault\u00bb header_text_align=\u00bbcenter\u00bb header_3_text_color=\u00bb#FFFFFF\u00bb header_3_font_size=\u00bb20px\u00bb text_orientation=\u00bbcenter\u00bb header_3_text_align_tablet=\u00bbcenter\u00bb header_3_text_align_phone=\u00bbcenter\u00bb header_3_text_align_last_edited=\u00bbon|tablet\u00bb header_3_font_size_tablet=\u00bb20px\u00bb header_3_font_size_phone=\u00bb20px\u00bb header_3_font_size_last_edited=\u00bbon|desktop\u00bb text_orientation_tablet=\u00bb\u00bb text_orientation_phone=\u00bbcenter\u00bb text_orientation_last_edited=\u00bbon|desktop\u00bb global_colors_info=\u00bb{}\u00bb]<h3><span style=\"color: #ffffff;\">Compa\u00f1\u00eda<\/span><\/h3>\n<p><span style=\"color: #ffffff;\"><a href=\"https:\/\/beedle.co\/es\/sobre-nosotros\/\" style=\"color: #ffffff;\">Sobre nosotros<\/a><\/span><br \/>\n<span style=\"color: #ffffff;\"><a href=\"https:\/\/beedle.co\/es\/carreras\/\" style=\"color: #ffffff;\">Carreras<\/a><\/span><br \/>\n<span style=\"color: #ffffff;\"><a href=\"https:\/\/beedle.co\/es\/partner\/\" style=\"color: #ffffff;\">Socios<\/a><\/span><br \/>\n<span style=\"color: #ffffff;\"> <a href=\"mailto:support@beedle.co?subject=Beedle%20press%20inquiry\" style=\"color: #ffffff;\">Prensa<\/a><\/span><br \/>\n<span style=\"color: #ffffff;\"> <a href=\"https:\/\/beedle.co\/es\/contacto\/\" style=\"color: #ffffff;\">Contacto<\/a><\/span>[\/et_pb_text][\/et_pb_column][et_pb_column type=\u00bb1_4&#8243; _builder_version=\u00bb4.7.7&#8243; _module_preset=\u00bbdefault\u00bb global_colors_info=\u00bb{}\u00bb][et_pb_text _builder_version=\u00bb4.14.2&#8243; _module_preset=\u00bbdefault\u00bb text_orientation=\u00bbcenter\u00bb custom_margin=\u00bb||10px||false|false\u00bb custom_padding=\u00bb||0px||false|false\u00bb global_colors_info=\u00bb{}\u00bb]<h3><span style=\"color: #ffffff;\">Apoyo<\/span><\/h3>\n<p><span style=\"color: #ffffff;\"><a href=\"mailto:support@beedle.co?subject=Beedle%20inquiry\" title=\"Correo electr\u00f3nico de soporte de Beedle\" style=\"color: #ffffff;\">support@beedle.co<\/a><\/span>[\/et_pb_text][et_pb_text _builder_version=\u00bb4.14.2&#8243; _module_preset=\u00bbdefault\u00bb text_orientation=\u00bbcenter\u00bb custom_margin=\u00bb||10px||false|false\u00bb custom_padding=\u00bb10px||0px||false|false\u00bb global_colors_info=\u00bb{}\u00bb]<h3><span style=\"color: #ffffff;\">Comunidad<\/span><\/h3>[\/et_pb_text][et_pb_social_media_follow icon_color=\u00bb#FFFFFF\u00bb use_icon_font_size=\u00bbon\u00bb _builder_version=\u00bb4.14.2&#8243; background_color=\u00bbRGBA(255,255,255,0)\u00bb text_orientation=\u00bbcenter\u00bb locked=\u00bboff\u00bb global_colors_info=\u00bb{}\u00bb][et_pb_social_media_follow_network social_network=\u00bblinkedin\u00bb url=\u00bbhttps:\/\/www.linkedin.com\/company\/beedle-co\/\u00bb icon_color=\u00bb#0072b1&#8243; _builder_version=\u00bb4.14.2&#8243; background_color=\u00bb#FFFFFF\u00bb background_enable_color=\u00bbon\u00bb global_colors_info=\u00bb{}\u00bb follow_button=\u00bboff\u00bb url_new_window=\u00bbon\u00bb]linkedin[\/et_pb_social_media_follow_network][et_pb_social_media_follow_network social_network=\u00bbtwitter\u00bb url=\u00bbhttps:\/\/twitter.com\/Beedle_co\u00bb icon_color=\u00bb#1da1f2&#8243; _builder_version=\u00bb4.14.2&#8243; background_color=\u00bb#FFFFFF\u00bb background_enable_color=\u00bbon\u00bb global_colors_info=\u00bb{}\u00bb follow_button=\u00bboff\u00bb url_new_window=\u00bbon\u00bb]twitter[\/et_pb_social_media_follow_network][et_pb_social_media_follow_network social_network=\u00bbfacebook\u00bb url=\u00bbhttps:\/\/www.facebook.com\/beedle.co\u00bb icon_color=\u00bb#4267b2&#8243; _builder_version=\u00bb4.14.2&#8243; background_color=\u00bb#FFFFFF\u00bb background_enable_color=\u00bbon\u00bb global_colors_info=\u00bb{}\u00bb follow_button=\u00bboff\u00bb url_new_window=\u00bbon\u00bb]facebook[\/et_pb_social_media_follow_network][\/et_pb_social_media_follow][\/et_pb_column][et_pb_column type=\u00bb1_4&#8243; _builder_version=\u00bb4.14.2&#8243; _module_preset=\u00bbdefault\u00bb global_colors_info=\u00bb{}\u00bb][et_pb_image src=\u00bbhttps:\/\/beedle.co\/wp-content\/uploads\/2021\/12\/Microsoft-Education-Specialist-Partner-badge_HR_White-1.png\u00bb title_text=\u00bbbadge_HR_White de socios especialistas en educaci\u00f3n de Microsoft\u00bb align=\u00bbcenter\u00bb _builder_version=\u00bb4.14.2&#8243; _module_preset=\u00bbdefault\u00bb module_alignment=\u00bbcenter\u00bb max_height=\u00bb120px\u00bb custom_margin=\u00bbauto|auto|auto|auto|false|false\u00bb global_colors_info=\u00bb{}\u00bb][\/et_pb_image][\/et_pb_column][\/et_pb_row][et_pb_row _builder_version=\u00bb4.14.2&#8243; _module_preset=\u00bbdefault\u00bb custom_padding=\u00bb20px||0px||false|false\u00bb global_colors_info=\u00bb{}\u00bb][et_pb_column type=\u00bb4_4&#8243; _builder_version=\u00bb4.14.2&#8243; _module_preset=\u00bbdefault\u00bb custom_padding=\u00bb||||false|false\u00bb global_colors_info=\u00bb{}\u00bb][et_pb_text module_class=\u00bblegal\u00bb _builder_version=\u00bb4.14.2&#8243; _module_preset=\u00bbdefault\u00bb text_font_size=\u00bb10px\u00bb text_orientation=\u00bbcenter\u00bb custom_margin=\u00bb0px||0px||false|false\u00bb custom_padding=\u00bb0px||0px||false|false\u00bb global_colors_info=\u00bb{}\u00bb]<p><span style=\"color: #ffffff;\"><a style=\"color: #ffffff;\" title=\"Condiciones de uso\" href=\"https:\/\/beedle.co\/es\/condiciones-de-uso\/\">T\u00e9rminos de uso<\/a> \u2022 <a style=\"color: #ffffff;\" title=\"Pol\u00edtica de Privacidad\" href=\"https:\/\/beedle.co\/es\/politica-de-privacidad\/\">Pol\u00edtica de privacidad<\/a> \u2022 Acuerdo de procesamiento de <a style=\"color: #ffffff;\" title=\"Acuerdo de procesamiento de datos\" href=\"https:\/\/beedle.co\/data-processing-agreement\/\">datos<\/a><\/span><\/p>[\/et_pb_text][\/et_pb_column][\/et_pb_row][\/et_pb_section]\n","protected":false},"excerpt":{"rendered":"<p>REGISTRO PARA WEBINARS BEEDLE LATINOAM\u00c9RICA<\/p>\n","protected":false},"author":8,"featured_media":14133,"parent":0,"menu_order":0,"comment_status":"closed","ping_status":"closed","template":"","meta":{"_acf_changed":false,"_et_pb_use_builder":"on","_et_pb_old_content":"","_et_gb_content_width":"","content-type":"","footnotes":""},"acf":[],"yoast_head":"<!-- This site is optimized with the Yoast SEO plugin v23.0 - https:\/\/yoast.com\/wordpress\/plugins\/seo\/ -->\n<title>Registro | Beedle<\/title>\n<meta name=\"description\" content=\"Beedle is a tool for teachers using Microsoft Teams. Supercharge your Microsoft Teams with all of the unique possibilities Beedle provides.\" \/>\n<meta name=\"robots\" content=\"index, follow, max-snippet:-1, max-image-preview:large, max-video-preview:-1\" \/>\n<link rel=\"canonical\" href=\"https:\/\/beedle.co\/es\/registro\/\" \/>\n<meta property=\"og:locale\" content=\"es_ES\" \/>\n<meta property=\"og:type\" content=\"article\" \/>\n<meta property=\"og:title\" content=\"Registro para contacto y eventos\" \/>\n<meta property=\"og:description\" content=\"Gesti\u00f3n educativa con Beedle en Microsoft Teams.\" \/>\n<meta property=\"og:url\" content=\"https:\/\/beedle.co\/es\/registro\/\" \/>\n<meta property=\"og:site_name\" content=\"Beedle\" \/>\n<meta property=\"article:publisher\" content=\"https:\/\/www.facebook.com\/beedle.co\" \/>\n<meta property=\"article:modified_time\" content=\"2022-06-20T15:16:16+00:00\" \/>\n<meta property=\"og:image\" content=\"https:\/\/beedle.co\/wp-content\/uploads\/2022\/06\/MicrosoftTeams-image-22.png\" \/>\n\t<meta property=\"og:image:width\" content=\"1500\" \/>\n\t<meta property=\"og:image:height\" content=\"841\" \/>\n\t<meta property=\"og:image:type\" content=\"image\/png\" \/>\n<meta name=\"twitter:card\" content=\"summary_large_image\" \/>\n<meta name=\"twitter:title\" content=\"Registro para contacto y eventos\" \/>\n<meta name=\"twitter:description\" content=\"Gesti\u00f3n educativa con Beedle en Microsoft Teams.\" \/>\n<meta name=\"twitter:site\" content=\"@Beedle_co\" \/>\n<meta name=\"twitter:label1\" content=\"Tiempo de lectura\" \/>\n\t<meta name=\"twitter:data1\" content=\"2 minutos\" \/>\n<script type=\"application\/ld+json\" class=\"yoast-schema-graph\">{\"@context\":\"https:\/\/schema.org\",\"@graph\":[{\"@type\":\"WebPage\",\"@id\":\"https:\/\/beedle.co\/es\/registro\/\",\"url\":\"https:\/\/beedle.co\/es\/registro\/\",\"name\":\"Registro | Beedle\",\"isPartOf\":{\"@id\":\"https:\/\/beedle.co\/#website\"},\"primaryImageOfPage\":{\"@id\":\"https:\/\/beedle.co\/es\/registro\/#primaryimage\"},\"image\":{\"@id\":\"https:\/\/beedle.co\/es\/registro\/#primaryimage\"},\"thumbnailUrl\":\"https:\/\/beedle.co\/wp-content\/uploads\/2022\/06\/MicrosoftTeams-image-22.png\",\"datePublished\":\"2022-04-07T21:33:00+00:00\",\"dateModified\":\"2022-06-20T15:16:16+00:00\",\"description\":\"Beedle is a tool for teachers using Microsoft Teams. Supercharge your Microsoft Teams with all of the unique possibilities Beedle provides.\",\"breadcrumb\":{\"@id\":\"https:\/\/beedle.co\/es\/registro\/#breadcrumb\"},\"inLanguage\":\"es\",\"potentialAction\":[{\"@type\":\"ReadAction\",\"target\":[\"https:\/\/beedle.co\/es\/registro\/\"]}]},{\"@type\":\"ImageObject\",\"inLanguage\":\"es\",\"@id\":\"https:\/\/beedle.co\/es\/registro\/#primaryimage\",\"url\":\"https:\/\/beedle.co\/wp-content\/uploads\/2022\/06\/MicrosoftTeams-image-22.png\",\"contentUrl\":\"https:\/\/beedle.co\/wp-content\/uploads\/2022\/06\/MicrosoftTeams-image-22.png\",\"width\":1500,\"height\":841},{\"@type\":\"BreadcrumbList\",\"@id\":\"https:\/\/beedle.co\/es\/registro\/#breadcrumb\",\"itemListElement\":[{\"@type\":\"ListItem\",\"position\":1,\"name\":\"Home\",\"item\":\"https:\/\/beedle.co\/es\/\"},{\"@type\":\"ListItem\",\"position\":2,\"name\":\"Registro\"}]},{\"@type\":\"WebSite\",\"@id\":\"https:\/\/beedle.co\/#website\",\"url\":\"https:\/\/beedle.co\/\",\"name\":\"Beedle\",\"description\":\"Tools for Teachers in Microsoft Teams.\",\"publisher\":{\"@id\":\"https:\/\/beedle.co\/#organization\"},\"potentialAction\":[{\"@type\":\"SearchAction\",\"target\":{\"@type\":\"EntryPoint\",\"urlTemplate\":\"https:\/\/beedle.co\/?s={search_term_string}\"},\"query-input\":\"required name=search_term_string\"}],\"inLanguage\":\"es\"},{\"@type\":\"Organization\",\"@id\":\"https:\/\/beedle.co\/#organization\",\"name\":\"Beedle\",\"url\":\"https:\/\/beedle.co\/\",\"logo\":{\"@type\":\"ImageObject\",\"inLanguage\":\"es\",\"@id\":\"https:\/\/beedle.co\/#\/schema\/logo\/image\/\",\"url\":\"https:\/\/staging.beedle.co\/wp-content\/uploads\/2019\/10\/Beedle-Logo-Green@4x.png\",\"contentUrl\":\"https:\/\/staging.beedle.co\/wp-content\/uploads\/2019\/10\/Beedle-Logo-Green@4x.png\",\"width\":373,\"height\":396,\"caption\":\"Beedle\"},\"image\":{\"@id\":\"https:\/\/beedle.co\/#\/schema\/logo\/image\/\"},\"sameAs\":[\"https:\/\/www.facebook.com\/beedle.co\",\"https:\/\/x.com\/Beedle_co\",\"https:\/\/www.linkedin.com\/company\/beedle-co\/\",\"https:\/\/www.youtube.com\/channel\/UC_ENnS8BLCo3cGPVPSclfpQ\"]}]}<\/script>\n<!-- \/ Yoast SEO plugin. -->","yoast_head_json":{"title":"Registro | Beedle","description":"Beedle is a tool for teachers using Microsoft Teams. Supercharge your Microsoft Teams with all of the unique possibilities Beedle provides.","robots":{"index":"index","follow":"follow","max-snippet":"max-snippet:-1","max-image-preview":"max-image-preview:large","max-video-preview":"max-video-preview:-1"},"canonical":"https:\/\/beedle.co\/es\/registro\/","og_locale":"es_ES","og_type":"article","og_title":"Registro para contacto y eventos","og_description":"Gesti\u00f3n educativa con Beedle en Microsoft Teams.","og_url":"https:\/\/beedle.co\/es\/registro\/","og_site_name":"Beedle","article_publisher":"https:\/\/www.facebook.com\/beedle.co","article_modified_time":"2022-06-20T15:16:16+00:00","og_image":[{"width":1500,"height":841,"url":"https:\/\/beedle.co\/wp-content\/uploads\/2022\/06\/MicrosoftTeams-image-22.png","type":"image\/png"}],"twitter_card":"summary_large_image","twitter_title":"Registro para contacto y eventos","twitter_description":"Gesti\u00f3n educativa con Beedle en Microsoft Teams.","twitter_site":"@Beedle_co","twitter_misc":{"Tiempo de lectura":"2 minutos"},"schema":{"@context":"https:\/\/schema.org","@graph":[{"@type":"WebPage","@id":"https:\/\/beedle.co\/es\/registro\/","url":"https:\/\/beedle.co\/es\/registro\/","name":"Registro | Beedle","isPartOf":{"@id":"https:\/\/beedle.co\/#website"},"primaryImageOfPage":{"@id":"https:\/\/beedle.co\/es\/registro\/#primaryimage"},"image":{"@id":"https:\/\/beedle.co\/es\/registro\/#primaryimage"},"thumbnailUrl":"https:\/\/beedle.co\/wp-content\/uploads\/2022\/06\/MicrosoftTeams-image-22.png","datePublished":"2022-04-07T21:33:00+00:00","dateModified":"2022-06-20T15:16:16+00:00","description":"Beedle is a tool for teachers using Microsoft Teams. Supercharge your Microsoft Teams with all of the unique possibilities Beedle provides.","breadcrumb":{"@id":"https:\/\/beedle.co\/es\/registro\/#breadcrumb"},"inLanguage":"es","potentialAction":[{"@type":"ReadAction","target":["https:\/\/beedle.co\/es\/registro\/"]}]},{"@type":"ImageObject","inLanguage":"es","@id":"https:\/\/beedle.co\/es\/registro\/#primaryimage","url":"https:\/\/beedle.co\/wp-content\/uploads\/2022\/06\/MicrosoftTeams-image-22.png","contentUrl":"https:\/\/beedle.co\/wp-content\/uploads\/2022\/06\/MicrosoftTeams-image-22.png","width":1500,"height":841},{"@type":"BreadcrumbList","@id":"https:\/\/beedle.co\/es\/registro\/#breadcrumb","itemListElement":[{"@type":"ListItem","position":1,"name":"Home","item":"https:\/\/beedle.co\/es\/"},{"@type":"ListItem","position":2,"name":"Registro"}]},{"@type":"WebSite","@id":"https:\/\/beedle.co\/#website","url":"https:\/\/beedle.co\/","name":"Beedle","description":"Tools for Teachers in Microsoft Teams.","publisher":{"@id":"https:\/\/beedle.co\/#organization"},"potentialAction":[{"@type":"SearchAction","target":{"@type":"EntryPoint","urlTemplate":"https:\/\/beedle.co\/?s={search_term_string}"},"query-input":"required name=search_term_string"}],"inLanguage":"es"},{"@type":"Organization","@id":"https:\/\/beedle.co\/#organization","name":"Beedle","url":"https:\/\/beedle.co\/","logo":{"@type":"ImageObject","inLanguage":"es","@id":"https:\/\/beedle.co\/#\/schema\/logo\/image\/","url":"https:\/\/staging.beedle.co\/wp-content\/uploads\/2019\/10\/Beedle-Logo-Green@4x.png","contentUrl":"https:\/\/staging.beedle.co\/wp-content\/uploads\/2019\/10\/Beedle-Logo-Green@4x.png","width":373,"height":396,"caption":"Beedle"},"image":{"@id":"https:\/\/beedle.co\/#\/schema\/logo\/image\/"},"sameAs":["https:\/\/www.facebook.com\/beedle.co","https:\/\/x.com\/Beedle_co","https:\/\/www.linkedin.com\/company\/beedle-co\/","https:\/\/www.youtube.com\/channel\/UC_ENnS8BLCo3cGPVPSclfpQ"]}]}},"_links":{"self":[{"href":"https:\/\/beedle.co\/es\/wp-json\/wp\/v2\/pages\/14102"}],"collection":[{"href":"https:\/\/beedle.co\/es\/wp-json\/wp\/v2\/pages"}],"about":[{"href":"https:\/\/beedle.co\/es\/wp-json\/wp\/v2\/types\/page"}],"author":[{"embeddable":true,"href":"https:\/\/beedle.co\/es\/wp-json\/wp\/v2\/users\/8"}],"replies":[{"embeddable":true,"href":"https:\/\/beedle.co\/es\/wp-json\/wp\/v2\/comments?post=14102"}],"version-history":[{"count":0,"href":"https:\/\/beedle.co\/es\/wp-json\/wp\/v2\/pages\/14102\/revisions"}],"wp:featuredmedia":[{"embeddable":true,"href":"https:\/\/beedle.co\/es\/wp-json\/wp\/v2\/media\/14133"}],"wp:attachment":[{"href":"https:\/\/beedle.co\/es\/wp-json\/wp\/v2\/media?parent=14102"}],"curies":[{"name":"wp","href":"https:\/\/api.w.org\/{rel}","templated":true}]}}