{"id":971,"date":"2019-11-08T13:18:02","date_gmt":"2019-11-08T13:18:02","guid":{"rendered":"https:\/\/beedle.co\/nutzungsbedingungen\/"},"modified":"2021-06-29T13:50:12","modified_gmt":"2021-06-29T13:50:12","slug":"nutzungsbedingungen","status":"publish","type":"page","link":"https:\/\/beedle.co\/de\/nutzungsbedingungen\/","title":{"rendered":"Nutzungsbedingungen"},"content":{"rendered":"<p>[et_pb_section fb_built=&#8220;1&#8243; admin_label=&#8220;Hero&#8220; _builder_version=&#8220;3.29.3&#8243; background_color=&#8220;#262942&#8243; background_color_gradient_direction=&#8220;135deg&#8220; background_image=&#8220;https:\/\/beedle.co\/wp-content\/uploads\/2019\/09\/geometric-bg-overlay-01.jpg&#8220; background_blend=&#8220;overlay&#8220; custom_padding=&#8220;5%|0px|5%|0px||&#8220; animation_direction=&#8220;bottom&#8220;][et_pb_row _builder_version=&#8220;3.25&#8243; background_size=&#8220;initial&#8220; background_position=&#8220;top_left&#8220; background_repeat=&#8220;repeat&#8220;][et_pb_column type=&#8220;4_4&#8243; _builder_version=&#8220;3.25&#8243; custom_padding=&#8220;|||&#8220; custom_padding__hover=&#8220;|||&#8220;][et_pb_text _builder_version=&#8220;3.29.3&#8243; text_font=&#8220;Nunito Sans||||||||&#8220; text_text_color=&#8220;#ffffff&#8220; text_font_size=&#8220;18px&#8220; text_line_height=&#8220;1.8em&#8220; header_font=&#8220;Nunito Sans|700|||||||&#8220; header_font_size=&#8220;45px&#8220; header_line_height=&#8220;1.3em&#8220; header_2_font=&#8220;||||||||&#8220; text_orientation=&#8220;center&#8220; background_layout=&#8220;dark&#8220; max_width=&#8220;700px&#8220; module_alignment=&#8220;center&#8220;]<\/p>\n<h1>Nutzungsbedingungen<\/h1>\n<p>[\/et_pb_text][\/et_pb_column][\/et_pb_row][\/et_pb_section][et_pb_section fb_built=&#8220;1&#8243; admin_label=&#8220;Developer Documentation Section&#8220; _builder_version=&#8220;3.29.3&#8243; background_color=&#8220;#ffffff&#8220; custom_padding=&#8220;100px|0px|37px|0px||&#8220;][et_pb_row use_custom_gutter=&#8220;on&#8220; gutter_width=&#8220;2&#8243; _builder_version=&#8220;3.29.3&#8243; custom_margin_tablet=&#8220;&#8220; custom_margin_phone=&#8220;&#8220; custom_margin_last_edited=&#8220;on|phone&#8220; custom_padding=&#8220;|||&#8220;][et_pb_column type=&#8220;4_4&#8243; _builder_version=&#8220;3.25&#8243; background_color_gradient_direction=&#8220;243deg&#8220; custom_padding=&#8220;|||&#8220; custom_padding__hover=&#8220;|||&#8220;][et_pb_text _builder_version=&#8220;3.29.3&#8243; text_font=&#8220;Ubuntu||||||||&#8220; text_line_height=&#8220;1.8em&#8220; header_font=&#8220;||||||||&#8220; header_2_font=&#8220;Nunito Sans|700|||||||&#8220; header_2_font_size=&#8220;35px&#8220; header_2_line_height=&#8220;1.3em&#8220; header_3_font=&#8220;Nunito Sans|700|||||||&#8220; header_3_font_size=&#8220;25px&#8220; header_3_line_height=&#8220;1.3em&#8220; module_alignment=&#8220;center&#8220;]<\/p>\n<h1 class=\"pageHeading\">Nutzungsbedingungen<\/h1>\n<p><em>Letzte Aktualisierung: 18. Juni 2021<\/em><\/p>\n<p>Die folgenden Nutzungsbedingungen (&#8222;Nutzungsbedingungen&#8220;, &#8222;Nutzungsbedingungen&#8220;) regeln die Nutzerbeziehung mit Beedle als Teams-Add-In und \u00fcber die Beedle Guardian App (beide als &#8222;Service&#8220; bezeichnet), die von Beedle ehf betrieben wird (&#8222;uns&#8220;, &#8222;wir&#8220; oder &#8222;unser&#8220;). Bitte lesen Sie diese Nutzungsbedingungen sorgf\u00e4ltig durch, bevor Sie unseren Service nutzen.<\/p>\n<p>Der Zugriff der Nutzer auf und die Nutzung des Dienstes ist von der Annahme und Einhaltung dieser Bedingungen abh\u00e4ngig. Diese Bedingungen gelten f\u00fcr alle Besucher, Nutzer und andere, die auf den Dienst zugreifen oder ihn nutzen. Durch den Zugriff auf oder die Nutzung des Dienstes erkl\u00e4rt sich der Nutzer damit einverstanden, an diese Bedingungen gebunden zu sein. Wenn der Benutzer mit einem Teil der Bedingungen nicht einverstanden ist, kann der Benutzer nicht auf den Dienst zugreifen.<\/p>\n<h4>Beschreibung des Service<\/h4>\n<p>Das Beedle Add-In von Beedle hilft, die Arbeitsbelastung von Lehrern zu reduzieren, indem es erweiterte Funktionen in Microsoft Teams bereitstellt (z. B. Planung, Klassenliste, Tagebuch und Bewertungen). ). Die optionale Beedle Eltern App unterst\u00fctzt Eltern und Erziehungsberechtigte mit Informationen, einschlie\u00dflich Anwesenheits- und Zuweisungsdaten.<\/p>\n<h4>Kostenlose Testversion<\/h4>\n<p>Beedle ist kostenlos und kann von jedem mit einer Microsoft 365 Lizenz heruntergeladen werden. Beedle ehf beh\u00e4lt sich das Recht vor, jederzeit und ohne Vorank\u00fcndigung die Gesch\u00e4ftsbedingungen des kostenlosen Testangebots zu \u00e4ndern oder das Kostenlose Testangebot zu stornieren. <\/p>\n<p>Die Guardian App ist als Erweiterung f\u00fcr unsere kostenlose Testversion verf\u00fcgbar und kann f\u00fcr das akademische Jahr 21\/22 kostenlos genutzt werden.<\/p>\n<h4>Verantwortung f\u00fcr Nutzerinhalte<\/h4>\n<p>Unser Service erm\u00f6glicht es Benutzern, bestimmte Inhalte als Informationen, Texte, Grafiken oder anderes Material zu speichern, zu verlinken, zu teilen und anderweitig zur Verf\u00fcgung zu stellen. Der Benutzer ist verantwortlich f\u00fcr Inhalte, die in den Dienst hochgeladen oder im Dienst erstellt werden, einschlie\u00dflich seiner Rechtm\u00e4\u00dfigkeit, Zuverl\u00e4ssigkeit und Angemessenheit. Alle Rechte, Titel und Interessen an und an allen Daten, Informationen, Texten, Grafiken und anderen Materialien, die dem Dienst zur Verf\u00fcgung gestellt werden, sind Eigentum des Nutzers, der allein daf\u00fcr verantwortlich ist, festzustellen, ob Die Inhalte des Nutzers rechtm\u00e4\u00dfig, angemessen, fair und rechtm\u00e4\u00dfig sind. Bez\u00fcglich der Verarbeitung personenbezogener Daten, der Sicherheit, der Datenspeicherung und der Verwendung von Cookies lesen Sie bitte unsere Datenschutzerkl\u00e4rung.<\/p>\n<h4>Einschr\u00e4nkung<\/h4>\n<p>Der Benutzer verpflichtet sich, keinen Teil des Dienstes oder seiner Dokumentation programmgesteuert oder manuell zu kopieren, zu modifizieren, anzupassen, zu dekompilieren oder zur\u00fcckzuentwickeln, zu verkaufen, zu verteilen, zu \u00fcbertragen oder zu disassemblieren. Dar\u00fcber hinaus ist jede Nutzung des Dienstes, die nicht f\u00fcr den vorgesehenen Zweck vorgesehen ist, strengstens untersagt.<\/p>\n<h4>Haftungsbeschr\u00e4nkung<\/h4>\n<p>In keinem Fall haften Beedle ehf, noch seine Direktoren, Mitarbeiter, Partner, Vertreter, Lieferanten oder verbundenen Unternehmen f\u00fcr indirekte, zuf\u00e4llige, besondere, Folge- oder Strafsch\u00e4den, einschlie\u00dflich, aber nicht beschr\u00e4nkt auf entgangenen Gewinn, Daten, Nutzung, Gesch\u00e4fts- oder Firmenwert oder andere immaterielle Verluste, die sich aus dem Zugriff oder der Nutzung oder Unf\u00e4higkeit der Nutzer, auf den Dienst zuzugreifen oder ihn zu nutzen, ergeben; jegliches Verhalten oder Inhalte Dritter auf dem Dienst; alle Inhalte, die vom Dienst erhalten werden; und unbefugten Zugriff, Nutzung oder \u00c4nderung der \u00dcbertragungen oder Inhalte der Nutzer, sei es aufgrund von Gew\u00e4hrleistung, Vertrag, unerlaubter Handlung (einschlie\u00dflich Fahrl\u00e4ssigkeit) oder einer anderen Rechtstheorie, unabh\u00e4ngig davon, ob wir \u00fcber die M\u00f6glichkeit eines solchen Schadens informiert wurden oder nicht, und selbst wenn festgestellt wird, dass ein hierdargelegter Rechtsbehelf seinen wesentlichen Zweck verfehlt hat.<\/p>\n<h4>dementi<\/h4>\n<p>Die Nutzung des Dienstes durch die Nutzer erfolgt auf ihr alleiniges Risiko. Der Dienst wird ohne ausdr\u00fcckliche oder stillschweigende Gew\u00e4hrleistungen, einschlie\u00dflich, aber nicht beschr\u00e4nkt auf stillschweigende Gew\u00e4hrleistungen der Marktg\u00e4ngigkeit, Eignung f\u00fcr einen bestimmten Zweck, Nichtverletzung oder Leistungsablauf, bereitgestellt. Beedle ehf, seine Tochtergesellschaften, verbundenen Unternehmen und lizenzoren garantieren nicht, dass der Dienst ununterbrochen, sicher oder verf\u00fcgbar zu einem bestimmten Zeitpunkt oder Ort funktioniert; Fehler oder M\u00e4ngel werden behoben; der Dienst ist frei von Viren oder anderen sch\u00e4dlichen Komponenten; oder die Ergebnisse der Nutzung des Dienstes erf\u00fcllen die Anforderungen der Benutzer.<\/p>\n<h4>Geltendes Recht<\/h4>\n<p>Diese Bedingungen werden in \u00dcbereinstimmung mit den Gesetzen Islands geregelt und ausgelegt, ohne R\u00fccksicht auf seine Kollisionsnormen. Unser Vers\u00e4umnis, ein Recht oder eine Bestimmung dieser Bedingungen durchzusetzen, gilt nicht als Verzicht auf diese Rechte. Sollte eine Bestimmung dieser Bedingungen von einem Gericht f\u00fcr ung\u00fcltig oder nicht durchsetzbar erkl\u00e4rt werden, bleiben die \u00fcbrigen Bestimmungen dieser Bedingungen in Kraft. Diese Bedingungen stellen die gesamte Vereinbarung zwischen uns in Bezug auf unseren Service dar und ersetzen alle vorherigen Vereinbarungen, die wir zwischen uns in Bezug auf den Service haben k\u00f6nnten.<\/p>\n<h4>\u00c4nderungen<\/h4>\n<p>Wir behalten uns das Recht vor, diese Bedingungen nach unserem alleinigen Ermessen jederzeit zu \u00e4ndern oder zu ersetzen. Im Falle einer \u00dcberarbeitung des Materials werden wir versuchen, eine Mitteilung zu machen, bevor neue Bedingungen in Kraft treten. Was eine wesentliche \u00c4nderung darstellt, wird nach unserem alleinigen Ermessen festgelegt. Durch den weiteren Zugriff auf oder die Nutzung unseres Dienstes nach Inkrafttreten dieser \u00dcberarbeitungen erkl\u00e4rt sich der Nutzer damit einverstanden, an die \u00fcberarbeiteten Bedingungen gebunden zu sein. Wenn der Benutzer den neuen Bedingungen nicht zustimmt, beenden Sie bitte die Nutzung des Dienstes.<\/p>\n<h4>kontaktieren Sie uns<\/h4>\n<p>Wenn Es Fragen zu diesen Bedingungen gibt, kontaktieren Sie uns bitte: <a href=\"mailto:support@beedle.co\">support@beedle.co<\/a><\/p>\n<p>[\/et_pb_text][\/et_pb_column][\/et_pb_row][\/et_pb_section][et_pb_section fb_built=&#8220;1&#8243; _builder_version=&#8220;4.7.7&#8243; _module_preset=&#8220;default&#8220; background_color=&#8220;#262942&#8243; custom_padding=&#8220;||153px|||&#8220; global_module=&#8220;7713&#8243; saved_tabs=&#8220;all&#8220;][et_pb_row column_structure=&#8220;1_4,1_4,1_4,1_4&#8243; _builder_version=&#8220;4.7.7&#8243; _module_preset=&#8220;default&#8220; max_width=&#8220;1920px&#8220;][et_pb_column type=&#8220;1_4&#8243; _builder_version=&#8220;4.7.7&#8243; _module_preset=&#8220;default&#8220;][et_pb_text _builder_version=&#8220;4.7.7&#8243; _module_preset=&#8220;default&#8220;]<\/p>\n<h3><span style=\"color: #ffffff;\">Produkt<\/span><\/h3>\n<p><span style=\"color: #ffffff;\"><a href=\"https:\/\/beedle.co\/de\/loesungen\/\" style=\"color: #ffffff;\">L\u00f6sung<\/a><\/span><br \/><span style=\"color: #ffffff;\"><a href=\"https:\/\/beedle.co\/de\/lehrerinnen-und-lehrer\/\" style=\"color: #ffffff;\"> Lehrerinnen und Lehrer<\/a><\/span><br \/><span style=\"color: #ffffff;\"><a href=\"https:\/\/beedle.co\/de\/waechter\/\" style=\"color: #ffffff;\">  W\u00e4chter<\/a><\/span><br \/><span style=\"color: #ffffff;\"><a href=\"https:\/\/beedle.co\/de\/beginnen\/\" style=\"color: #ffffff;\">  Get Beedle<\/a><\/span><br \/><span style=\"color: #ffffff;\"><a href=\"mailto:support@beedle.co\" style=\"color: #ffffff;\">  Unterst\u00fctzung<\/a><\/span><\/p>\n<p>[\/et_pb_text][\/et_pb_column][et_pb_column type=&#8220;1_4&#8243; _builder_version=&#8220;4.7.7&#8243; _module_preset=&#8220;default&#8220;][et_pb_text _builder_version=&#8220;4.7.7&#8243; _module_preset=&#8220;default&#8220; custom_margin=&#8220;||-2px|||&#8220;]<\/p>\n<h3><span style=\"color: #ffffff;\">Social Media<\/span><\/h3>\n<p><span style=\"color: #ffffff;\"> <\/span><\/p>\n<p>[\/et_pb_text][et_pb_social_media_follow _builder_version=&#8220;3.29.3&#8243; text_orientation=&#8220;left&#8220; locked=&#8220;off&#8220;][et_pb_social_media_follow_network social_network=&#8220;linkedin&#8220; url=&#8220;https:\/\/www.linkedin.com\/company\/beedle-co\/&#8220; _builder_version=&#8220;3.29.3&#8243; background_color=&#8220;#007bb6&#8243; follow_button=&#8220;off&#8220; url_new_window=&#8220;on&#8220;]linkedin[\/et_pb_social_media_follow_network][et_pb_social_media_follow_network social_network=&#8220;twitter&#8220; url=&#8220;https:\/\/twitter.com\/Beedle_co&#8220; _builder_version=&#8220;3.29.3&#8243; background_color=&#8220;#00aced&#8220; follow_button=&#8220;off&#8220; url_new_window=&#8220;on&#8220;]twitter[\/et_pb_social_media_follow_network][et_pb_social_media_follow_network social_network=&#8220;facebook&#8220; url=&#8220;https:\/\/www.facebook.com\/beedle.co&#8220; _builder_version=&#8220;3.29.3&#8243; background_color=&#8220;#3b5998&#8243; follow_button=&#8220;off&#8220; url_new_window=&#8220;on&#8220;]facebook[\/et_pb_social_media_follow_network][\/et_pb_social_media_follow][\/et_pb_column][et_pb_column type=&#8220;1_4&#8243; _builder_version=&#8220;4.7.7&#8243; _module_preset=&#8220;default&#8220;][et_pb_text _builder_version=&#8220;4.7.7&#8243; _module_preset=&#8220;default&#8220;]<\/p>\n<h3><span style=\"color: #ffffff;\">Unternehmen<\/span><\/h3>\n<p><span style=\"color: #ffffff;\"><a href=\"https:\/\/beedle.co\/de\/ueber-uns\/\" style=\"color: #ffffff;\">\u00dcber uns<\/a><br \/> <a href=\"https:\/\/beedle.co\/de\/nutzungsbedingungen\/\" style=\"color: #ffffff;\">Nutzungsbedingungen<\/a><\/span><br \/> <span style=\"color: #ffffff;\"><a href=\"https:\/\/beedle.co\/de\/datenschutz\/\" style=\"color: #ffffff;\"> Datenschutz<\/a><\/span><br \/> <span style=\"color: #ffffff;\"><a href=\"https:\/\/beedle.co\/data-processing-agreement\/\" style=\"color: #ffffff;\">  Datenverarbeitungsvertrag<\/a><\/span><br \/> <span style=\"color: #ffffff;\"><a href=\"mailto:support@beedle.co?subject=Request%20from%20press&amp;body=Please%20write%20your%20press%20request%20here%20below.\" style=\"color: #ffffff;\">  Presse<\/a><\/span><\/p>\n<p>[\/et_pb_text][\/et_pb_column][et_pb_column type=&#8220;1_4&#8243; _builder_version=&#8220;4.7.7&#8243; _module_preset=&#8220;default&#8220;][et_pb_image src=&#8220;https:\/\/beedle.co\/wp-content\/uploads\/2021\/06\/MS_badge_white-removebg-preview.png&#8220; title_text=&#8220;MS_badge_white-removebg-vorschau&#8220; _builder_version=&#8220;4.7.7&#8243; _module_preset=&#8220;default&#8220;][\/et_pb_image][\/et_pb_column][\/et_pb_row][\/et_pb_section]<\/p>\n","protected":false},"excerpt":{"rendered":"<p>NutzungsbedingungenNutzungsbedingungen Letzte Aktualisierung: 18. Juni 2021 Die folgenden Nutzungsbedingungen (&#8222;Nutzungsbedingungen&#8220;, &#8222;Nutzungsbedingungen&#8220;) regeln die Nutzerbeziehung mit Beedle als Teams-Add-In und \u00fcber die Beedle Guardian App (beide als &#8222;Service&#8220; bezeichnet), die von Beedle ehf betrieben wird (&#8222;uns&#8220;, &#8222;wir&#8220; oder &#8222;unser&#8220;). Bitte lesen Sie diese Nutzungsbedingungen sorgf\u00e4ltig durch, bevor Sie unseren Service nutzen. Der Zugriff der Nutzer auf [&hellip;]<\/p>\n","protected":false},"author":1,"featured_media":0,"parent":0,"menu_order":0,"comment_status":"closed","ping_status":"closed","template":"","meta":{"_acf_changed":false,"_et_pb_use_builder":"on","_et_pb_old_content":"","_et_gb_content_width":"","content-type":"","footnotes":""},"acf":[],"yoast_head":"<!-- This site is optimized with the Yoast SEO plugin v23.0 - https:\/\/yoast.com\/wordpress\/plugins\/seo\/ -->\n<title>Nutzungsbedingungen | Beedle<\/title>\n<meta name=\"description\" content=\"Beedle is a tool for teachers using Microsoft Teams. Supercharge your Microsoft Teams with all of the unique possibilities Beedle provides.\" \/>\n<meta name=\"robots\" content=\"index, follow, max-snippet:-1, max-image-preview:large, max-video-preview:-1\" \/>\n<link rel=\"canonical\" href=\"https:\/\/beedle.co\/de\/nutzungsbedingungen\/\" \/>\n<meta property=\"og:locale\" content=\"de_DE\" \/>\n<meta property=\"og:type\" content=\"article\" \/>\n<meta property=\"og:title\" content=\"Nutzungsbedingungen | Beedle\" \/>\n<meta property=\"og:description\" content=\"Beedle is a tool for teachers using Microsoft Teams. Supercharge your Microsoft Teams with all of the unique possibilities Beedle provides.\" \/>\n<meta property=\"og:url\" content=\"https:\/\/beedle.co\/de\/nutzungsbedingungen\/\" \/>\n<meta property=\"og:site_name\" content=\"Beedle\" \/>\n<meta property=\"article:publisher\" content=\"https:\/\/www.facebook.com\/beedle.co\" \/>\n<meta property=\"article:modified_time\" content=\"2021-06-29T13:50:12+00:00\" \/>\n<meta name=\"twitter:card\" content=\"summary_large_image\" \/>\n<meta name=\"twitter:site\" content=\"@Beedle_co\" \/>\n<meta name=\"twitter:label1\" content=\"Gesch\u00e4tzte Lesezeit\" \/>\n\t<meta name=\"twitter:data1\" content=\"7\u00a0Minuten\" \/>\n<script type=\"application\/ld+json\" class=\"yoast-schema-graph\">{\"@context\":\"https:\/\/schema.org\",\"@graph\":[{\"@type\":\"WebPage\",\"@id\":\"https:\/\/beedle.co\/de\/nutzungsbedingungen\/\",\"url\":\"https:\/\/beedle.co\/de\/nutzungsbedingungen\/\",\"name\":\"Nutzungsbedingungen | Beedle\",\"isPartOf\":{\"@id\":\"https:\/\/beedle.co\/#website\"},\"datePublished\":\"2019-11-08T13:18:02+00:00\",\"dateModified\":\"2021-06-29T13:50:12+00:00\",\"description\":\"Beedle is a tool for teachers using Microsoft Teams. Supercharge your Microsoft Teams with all of the unique possibilities Beedle provides.\",\"breadcrumb\":{\"@id\":\"https:\/\/beedle.co\/de\/nutzungsbedingungen\/#breadcrumb\"},\"inLanguage\":\"de\",\"potentialAction\":[{\"@type\":\"ReadAction\",\"target\":[\"https:\/\/beedle.co\/de\/nutzungsbedingungen\/\"]}]},{\"@type\":\"BreadcrumbList\",\"@id\":\"https:\/\/beedle.co\/de\/nutzungsbedingungen\/#breadcrumb\",\"itemListElement\":[{\"@type\":\"ListItem\",\"position\":1,\"name\":\"Home\",\"item\":\"https:\/\/beedle.co\/de\/\"},{\"@type\":\"ListItem\",\"position\":2,\"name\":\"Nutzungsbedingungen\"}]},{\"@type\":\"WebSite\",\"@id\":\"https:\/\/beedle.co\/#website\",\"url\":\"https:\/\/beedle.co\/\",\"name\":\"Beedle\",\"description\":\"Tools for Teachers in Microsoft Teams.\",\"publisher\":{\"@id\":\"https:\/\/beedle.co\/#organization\"},\"potentialAction\":[{\"@type\":\"SearchAction\",\"target\":{\"@type\":\"EntryPoint\",\"urlTemplate\":\"https:\/\/beedle.co\/?s={search_term_string}\"},\"query-input\":\"required name=search_term_string\"}],\"inLanguage\":\"de\"},{\"@type\":\"Organization\",\"@id\":\"https:\/\/beedle.co\/#organization\",\"name\":\"Beedle\",\"url\":\"https:\/\/beedle.co\/\",\"logo\":{\"@type\":\"ImageObject\",\"inLanguage\":\"de\",\"@id\":\"https:\/\/beedle.co\/#\/schema\/logo\/image\/\",\"url\":\"https:\/\/staging.beedle.co\/wp-content\/uploads\/2019\/10\/Beedle-Logo-Green@4x.png\",\"contentUrl\":\"https:\/\/staging.beedle.co\/wp-content\/uploads\/2019\/10\/Beedle-Logo-Green@4x.png\",\"width\":373,\"height\":396,\"caption\":\"Beedle\"},\"image\":{\"@id\":\"https:\/\/beedle.co\/#\/schema\/logo\/image\/\"},\"sameAs\":[\"https:\/\/www.facebook.com\/beedle.co\",\"https:\/\/x.com\/Beedle_co\",\"https:\/\/www.linkedin.com\/company\/beedle-co\/\",\"https:\/\/www.youtube.com\/channel\/UC_ENnS8BLCo3cGPVPSclfpQ\"]}]}<\/script>\n<!-- \/ Yoast SEO plugin. -->","yoast_head_json":{"title":"Nutzungsbedingungen | Beedle","description":"Beedle is a tool for teachers using Microsoft Teams. Supercharge your Microsoft Teams with all of the unique possibilities Beedle provides.","robots":{"index":"index","follow":"follow","max-snippet":"max-snippet:-1","max-image-preview":"max-image-preview:large","max-video-preview":"max-video-preview:-1"},"canonical":"https:\/\/beedle.co\/de\/nutzungsbedingungen\/","og_locale":"de_DE","og_type":"article","og_title":"Nutzungsbedingungen | Beedle","og_description":"Beedle is a tool for teachers using Microsoft Teams. Supercharge your Microsoft Teams with all of the unique possibilities Beedle provides.","og_url":"https:\/\/beedle.co\/de\/nutzungsbedingungen\/","og_site_name":"Beedle","article_publisher":"https:\/\/www.facebook.com\/beedle.co","article_modified_time":"2021-06-29T13:50:12+00:00","twitter_card":"summary_large_image","twitter_site":"@Beedle_co","twitter_misc":{"Gesch\u00e4tzte Lesezeit":"7\u00a0Minuten"},"schema":{"@context":"https:\/\/schema.org","@graph":[{"@type":"WebPage","@id":"https:\/\/beedle.co\/de\/nutzungsbedingungen\/","url":"https:\/\/beedle.co\/de\/nutzungsbedingungen\/","name":"Nutzungsbedingungen | Beedle","isPartOf":{"@id":"https:\/\/beedle.co\/#website"},"datePublished":"2019-11-08T13:18:02+00:00","dateModified":"2021-06-29T13:50:12+00:00","description":"Beedle is a tool for teachers using Microsoft Teams. Supercharge your Microsoft Teams with all of the unique possibilities Beedle provides.","breadcrumb":{"@id":"https:\/\/beedle.co\/de\/nutzungsbedingungen\/#breadcrumb"},"inLanguage":"de","potentialAction":[{"@type":"ReadAction","target":["https:\/\/beedle.co\/de\/nutzungsbedingungen\/"]}]},{"@type":"BreadcrumbList","@id":"https:\/\/beedle.co\/de\/nutzungsbedingungen\/#breadcrumb","itemListElement":[{"@type":"ListItem","position":1,"name":"Home","item":"https:\/\/beedle.co\/de\/"},{"@type":"ListItem","position":2,"name":"Nutzungsbedingungen"}]},{"@type":"WebSite","@id":"https:\/\/beedle.co\/#website","url":"https:\/\/beedle.co\/","name":"Beedle","description":"Tools for Teachers in Microsoft Teams.","publisher":{"@id":"https:\/\/beedle.co\/#organization"},"potentialAction":[{"@type":"SearchAction","target":{"@type":"EntryPoint","urlTemplate":"https:\/\/beedle.co\/?s={search_term_string}"},"query-input":"required name=search_term_string"}],"inLanguage":"de"},{"@type":"Organization","@id":"https:\/\/beedle.co\/#organization","name":"Beedle","url":"https:\/\/beedle.co\/","logo":{"@type":"ImageObject","inLanguage":"de","@id":"https:\/\/beedle.co\/#\/schema\/logo\/image\/","url":"https:\/\/staging.beedle.co\/wp-content\/uploads\/2019\/10\/Beedle-Logo-Green@4x.png","contentUrl":"https:\/\/staging.beedle.co\/wp-content\/uploads\/2019\/10\/Beedle-Logo-Green@4x.png","width":373,"height":396,"caption":"Beedle"},"image":{"@id":"https:\/\/beedle.co\/#\/schema\/logo\/image\/"},"sameAs":["https:\/\/www.facebook.com\/beedle.co","https:\/\/x.com\/Beedle_co","https:\/\/www.linkedin.com\/company\/beedle-co\/","https:\/\/www.youtube.com\/channel\/UC_ENnS8BLCo3cGPVPSclfpQ"]}]}},"_links":{"self":[{"href":"https:\/\/beedle.co\/de\/wp-json\/wp\/v2\/pages\/971"}],"collection":[{"href":"https:\/\/beedle.co\/de\/wp-json\/wp\/v2\/pages"}],"about":[{"href":"https:\/\/beedle.co\/de\/wp-json\/wp\/v2\/types\/page"}],"author":[{"embeddable":true,"href":"https:\/\/beedle.co\/de\/wp-json\/wp\/v2\/users\/1"}],"replies":[{"embeddable":true,"href":"https:\/\/beedle.co\/de\/wp-json\/wp\/v2\/comments?post=971"}],"version-history":[{"count":0,"href":"https:\/\/beedle.co\/de\/wp-json\/wp\/v2\/pages\/971\/revisions"}],"wp:attachment":[{"href":"https:\/\/beedle.co\/de\/wp-json\/wp\/v2\/media?parent=971"}],"curies":[{"name":"wp","href":"https:\/\/api.w.org\/{rel}","templated":true}]}}