{"id":8590,"date":"2021-11-18T19:25:52","date_gmt":"2021-11-18T19:25:52","guid":{"rendered":"https:\/\/beedle.co\/partners\/"},"modified":"2021-12-14T00:17:15","modified_gmt":"2021-12-14T00:17:15","slug":"partners","status":"publish","type":"page","link":"https:\/\/beedle.co\/de\/partners\/","title":{"rendered":"Partner (ignore)"},"content":{"rendered":"<p>[et_pb_section fb_built=&#8220;1&#8243; admin_label=&#8220;Hero&#8220; _builder_version=&#8220;3.22&#8243; custom_padding=&#8220;0px|0px|0px|0px&#8220; animation_style=&#8220;zoom&#8220; animation_intensity_zoom=&#8220;4%&#8220; global_colors_info=&#8220;{}&#8220;][et_pb_row column_structure=&#8220;1_2,1_2&#8243; use_custom_gutter=&#8220;on&#8220; gutter_width=&#8220;1&#8243; make_equal=&#8220;on&#8220; module_class=&#8220; et_pb_row_fullwidth&#8220; _builder_version=&#8220;4.7.7&#8243; background_color=&#8220;#ffffff&#8220; background_image=&#8220;https:\/\/beedle.co\/wp-content\/uploads\/2021\/11\/circle-background-pattern.png&#8220; background_position=&#8220;top_left&#8220; background_repeat=&#8220;repeat&#8220; width=&#8220;100%&#8220; width_tablet=&#8220;100%&#8220; width_phone=&#8220;&#8220; width_last_edited=&#8220;on|desktop&#8220; max_width=&#8220;100%&#8220; max_width_tablet=&#8220;100%&#8220; max_width_phone=&#8220;&#8220; max_width_last_edited=&#8220;on|desktop&#8220; custom_padding=&#8220;0px||0px|&#8220; animation_style=&#8220;slide&#8220; animation_direction=&#8220;top&#8220; animation_intensity_slide=&#8220;3%&#8220; make_fullwidth=&#8220;on&#8220; global_colors_info=&#8220;{}&#8220;][et_pb_column type=&#8220;1_2&#8243; _builder_version=&#8220;4.7.7&#8243; background_image=&#8220;https:\/\/beedle.co\/wp-content\/uploads\/2021\/11\/Parter-With-Beedle-scaled.jpg&#8220; parallax=&#8220;on&#8220; custom_padding=&#8220;200px||200px||false|false&#8220; global_colors_info=&#8220;{}&#8220; custom_padding__hover=&#8220;|||&#8220;][\/et_pb_column][et_pb_column type=&#8220;1_2&#8243; _builder_version=&#8220;3.25&#8243; custom_padding=&#8220;10%|8%|10%|8%&#8220; global_colors_info=&#8220;{}&#8220; custom_padding__hover=&#8220;|||&#8220;][et_pb_text _builder_version=&#8220;4.7.7&#8243; _module_preset=&#8220;default&#8220; custom_margin=&#8220;||40px||false|false&#8220; global_colors_info=&#8220;{}&#8220;]<\/p>\n<h1>Werden Sie Partner von Beedle<\/h1>\n<p>[\/et_pb_text][et_pb_text _builder_version=&#8220;4.7.7&#8243; text_font=&#8220;||||||||&#8220; text_text_color=&#8220;#ffffff&#8220; header_font=&#8220;|700||on|||||&#8220; header_text_color=&#8220;#f7f7f7&#8243; header_font_size=&#8220;60px&#8220; header_line_height=&#8220;1.3em&#8220; background_size=&#8220;initial&#8220; background_position=&#8220;top_left&#8220; background_repeat=&#8220;repeat&#8220; custom_margin=&#8220;||40px|&#8220; animation_style=&#8220;fade&#8220; header_font_size_last_edited=&#8220;off|desktop&#8220; locked=&#8220;off&#8220; global_colors_info=&#8220;{}&#8220;]<\/p>\n<h3><span style=\"font-family: inherit;\">Wir freuen uns immer \u00fcber die Zusammenarbeit mit Schulungspartnern und Bildungstechnologieunternehmen.<\/span><\/h3>\n<p>[\/et_pb_text][et_pb_text _builder_version=&#8220;4.7.7&#8243; text_font=&#8220;Montserrat||||&#8220; text_text_color=&#8220;#353740&#8243; text_font_size=&#8220;20px&#8220; text_line_height=&#8220;1.8em&#8220; header_font=&#8220;||||||||&#8220; background_size=&#8220;initial&#8220; background_position=&#8220;top_left&#8220; background_repeat=&#8220;repeat&#8220; custom_margin=&#8220;||50px|&#8220; animation_style=&#8220;slide&#8220; animation_direction=&#8220;top&#8220; animation_intensity_slide=&#8220;17%&#8220; locked=&#8220;off&#8220; global_colors_info=&#8220;{}&#8220;]<\/p>\n<p>Wenn Sie mehr dar\u00fcber erfahren m\u00f6chten, wie Beedle Ihnen helfen kann, Ihren Kunden einen besseren Service zu bieten, wenden Sie sich bitte an unseren CEO Niclas und\/oder CCO Melanie:<\/p>\n<p>Niclas Walter, CEO<br \/><a href=\"mailto:niclas@beedle.co\" title=\"E-Mail an Niclas senden\">niclas@beedle.co<br \/> <\/a><\/p>\n<p>Melanie, CCO<br \/><a href=\"mailto:melanie@beedle.co\" title=\"E-Mail an Melanie senden\">melanie@beedle.co<\/a><\/p>\n<p>[\/et_pb_text][\/et_pb_column][\/et_pb_row][\/et_pb_section][et_pb_section fb_built=&#8220;1&#8243; _builder_version=&#8220;4.7.7&#8243; _module_preset=&#8220;default&#8220; background_color=&#8220;#262942&#8243; custom_padding=&#8220;||153px|||&#8220; saved_tabs=&#8220;all&#8220; global_colors_info=&#8220;{}&#8220; theme_builder_area=&#8220;post_content&#8220;][et_pb_row column_structure=&#8220;1_4,1_4,1_4,1_4&#8243; _builder_version=&#8220;4.7.7&#8243; _module_preset=&#8220;default&#8220; max_width=&#8220;1920px&#8220; global_colors_info=&#8220;{}&#8220; theme_builder_area=&#8220;post_content&#8220;][et_pb_column type=&#8220;1_4&#8243; _builder_version=&#8220;4.7.7&#8243; _module_preset=&#8220;default&#8220; global_colors_info=&#8220;{}&#8220; theme_builder_area=&#8220;post_content&#8220;][et_pb_text _builder_version=&#8220;4.7.7&#8243; _module_preset=&#8220;default&#8220; global_colors_info=&#8220;{}&#8220; theme_builder_area=&#8220;post_content&#8220;]<\/p>\n<h3><span style=\"color: #ffffff;\">Produkt<\/span><\/h3>\n<p><span style=\"color: #ffffff;\"><a href=\"https:\/\/beedle.co\/de\/loesungen\/\" style=\"color: #ffffff;\">L\u00f6sung<\/a><\/span><br \/><span style=\"color: #ffffff;\"><a href=\"https:\/\/beedle.co\/de\/lehrerinnen-und-lehrer\/\" style=\"color: #ffffff;\"> Lehrer*innen<\/a><\/span><br \/><span style=\"color: #ffffff;\"><a href=\"https:\/\/beedle.co\/de\/waechter\/\" style=\"color: #ffffff;\"> Erziehunsberechtigte<\/a><\/span><br \/><span style=\"color: #ffffff;\"><a href=\"https:\/\/beedle.co\/de\/beginnen\/\" style=\"color: #ffffff;\">  Get Beedle<\/a><\/span><br \/><span style=\"color: #ffffff;\"><a href=\"mailto:support@beedle.co\" style=\"color: #ffffff;\">  Unterst\u00fctzung<\/a><\/span><\/p>\n<p>[\/et_pb_text][\/et_pb_column][et_pb_column type=&#8220;1_4&#8243; _builder_version=&#8220;4.7.7&#8243; _module_preset=&#8220;default&#8220; global_colors_info=&#8220;{}&#8220; theme_builder_area=&#8220;post_content&#8220;][et_pb_text _builder_version=&#8220;4.7.7&#8243; _module_preset=&#8220;default&#8220; custom_margin=&#8220;||-2px|||&#8220; global_colors_info=&#8220;{}&#8220; theme_builder_area=&#8220;post_content&#8220;]<\/p>\n<h3><span style=\"color: #ffffff;\">Social Media<\/span><\/h3>\n<p><span style=\"color: #ffffff;\"> <\/span><\/p>\n<p>[\/et_pb_text][et_pb_social_media_follow _builder_version=&#8220;3.29.3&#8243; text_orientation=&#8220;left&#8220; locked=&#8220;off&#8220; global_colors_info=&#8220;{}&#8220; theme_builder_area=&#8220;post_content&#8220;][et_pb_social_media_follow_network social_network=&#8220;linkedin&#8220; url=&#8220;https:\/\/www.linkedin.com\/company\/beedle-co\/&#8220; _builder_version=&#8220;3.29.3&#8243; background_color=&#8220;#007bb6&#8243; global_colors_info=&#8220;{}&#8220; theme_builder_area=&#8220;post_content&#8220; follow_button=&#8220;off&#8220; url_new_window=&#8220;on&#8220;]linkedin[\/et_pb_social_media_follow_network][et_pb_social_media_follow_network social_network=&#8220;twitter&#8220; url=&#8220;https:\/\/twitter.com\/Beedle_co&#8220; _builder_version=&#8220;3.29.3&#8243; background_color=&#8220;#00aced&#8220; global_colors_info=&#8220;{}&#8220; theme_builder_area=&#8220;post_content&#8220; follow_button=&#8220;off&#8220; url_new_window=&#8220;on&#8220;]twitter[\/et_pb_social_media_follow_network][et_pb_social_media_follow_network social_network=&#8220;facebook&#8220; url=&#8220;https:\/\/www.facebook.com\/beedle.co&#8220; _builder_version=&#8220;3.29.3&#8243; background_color=&#8220;#3b5998&#8243; global_colors_info=&#8220;{}&#8220; theme_builder_area=&#8220;post_content&#8220; follow_button=&#8220;off&#8220; url_new_window=&#8220;on&#8220;]facebook[\/et_pb_social_media_follow_network][\/et_pb_social_media_follow][\/et_pb_column][et_pb_column type=&#8220;1_4&#8243; _builder_version=&#8220;4.7.7&#8243; _module_preset=&#8220;default&#8220; global_colors_info=&#8220;{}&#8220; theme_builder_area=&#8220;post_content&#8220;][et_pb_text _builder_version=&#8220;4.7.7&#8243; _module_preset=&#8220;default&#8220; global_colors_info=&#8220;{}&#8220; theme_builder_area=&#8220;post_content&#8220;]<\/p>\n<h3><span style=\"color: #ffffff;\">Unternehmen<\/span><\/h3>\n<p><span style=\"color: #ffffff;\"><a href=\"https:\/\/beedle.co\/de\/ueber-uns\/\" style=\"color: #ffffff;\">\u00dcber uns<\/a><br \/> <a href=\"https:\/\/beedle.co\/de\/nutzungsbedingungen\/\" style=\"color: #ffffff;\">Nutzungsbedingungen<\/a><\/span><br \/> <span style=\"color: #ffffff;\"><a href=\"https:\/\/beedle.co\/de\/datenschutz\/\" style=\"color: #ffffff;\"> Datenschutz<\/a><\/span><br \/> <span style=\"color: #ffffff;\"><a href=\"https:\/\/beedle.co\/data-processing-agreement\/\" style=\"color: #ffffff;\">  Datenverarbeitungsvertrag<\/a><\/span><br \/> <span style=\"color: #ffffff;\"><a href=\"mailto:support@beedle.co?subject=Request%20from%20press&amp;body=Please%20write%20your%20press%20request%20here%20below.\" style=\"color: #ffffff;\">  Presse<\/a><\/span><\/p>\n<p>[\/et_pb_text][\/et_pb_column][et_pb_column type=&#8220;1_4&#8243; _builder_version=&#8220;4.7.7&#8243; _module_preset=&#8220;default&#8220; global_colors_info=&#8220;{}&#8220; theme_builder_area=&#8220;post_content&#8220;][et_pb_image src=&#8220;https:\/\/beedle.co\/wp-content\/uploads\/2021\/06\/MS_badge_white-removebg-preview.png&#8220; title_text=&#8220;MS_badge_white-removebg-vorschau&#8220; _builder_version=&#8220;4.7.7&#8243; _module_preset=&#8220;default&#8220; global_colors_info=&#8220;{}&#8220; theme_builder_area=&#8220;post_content&#8220;][\/et_pb_image][\/et_pb_column][\/et_pb_row][\/et_pb_section]<\/p>\n","protected":false},"excerpt":{"rendered":"<p>Werden Sie Partner von BeedleWir freuen uns immer \u00fcber die Zusammenarbeit mit Schulungspartnern und Bildungstechnologieunternehmen.Wenn Sie mehr dar\u00fcber erfahren m\u00f6chten, wie Beedle Ihnen helfen kann, Ihren Kunden einen besseren Service zu bieten, wenden Sie sich bitte an unseren CEO Niclas und\/oder CCO Melanie: Niclas Walter, CEOniclas@beedle.co Melanie, CCOmelanie@beedle.coProdukt L\u00f6sung Lehrer*innen Erziehunsberechtigte Get Beedle Unterst\u00fctzungSocial Media [&hellip;]<\/p>\n","protected":false},"author":8,"featured_media":0,"parent":0,"menu_order":0,"comment_status":"closed","ping_status":"closed","template":"","meta":{"_acf_changed":false,"_et_pb_use_builder":"on","_et_pb_old_content":"","_et_gb_content_width":"","content-type":"","footnotes":""},"acf":[],"yoast_head":"<!-- This site is optimized with the Yoast SEO plugin v23.0 - https:\/\/yoast.com\/wordpress\/plugins\/seo\/ -->\n<title>Partner (ignore) | Beedle<\/title>\n<meta name=\"description\" content=\"Beedle is a tool for teachers using Microsoft Teams. Supercharge your Microsoft Teams with all of the unique possibilities Beedle provides.\" \/>\n<meta name=\"robots\" content=\"index, follow, max-snippet:-1, max-image-preview:large, max-video-preview:-1\" \/>\n<link rel=\"canonical\" href=\"https:\/\/beedle.co\/de\/partners\/\" \/>\n<meta property=\"og:locale\" content=\"de_DE\" \/>\n<meta property=\"og:type\" content=\"article\" \/>\n<meta property=\"og:title\" content=\"Partner (ignore) | Beedle\" \/>\n<meta property=\"og:description\" content=\"Beedle is a tool for teachers using Microsoft Teams. Supercharge your Microsoft Teams with all of the unique possibilities Beedle provides.\" \/>\n<meta property=\"og:url\" content=\"https:\/\/beedle.co\/de\/partners\/\" \/>\n<meta property=\"og:site_name\" content=\"Beedle\" \/>\n<meta property=\"article:publisher\" content=\"https:\/\/www.facebook.com\/beedle.co\" \/>\n<meta property=\"article:modified_time\" content=\"2021-12-14T00:17:15+00:00\" \/>\n<meta name=\"twitter:card\" content=\"summary_large_image\" \/>\n<meta name=\"twitter:site\" content=\"@Beedle_co\" \/>\n<meta name=\"twitter:label1\" content=\"Gesch\u00e4tzte Lesezeit\" \/>\n\t<meta name=\"twitter:data1\" content=\"4\u00a0Minuten\" \/>\n<script type=\"application\/ld+json\" class=\"yoast-schema-graph\">{\"@context\":\"https:\/\/schema.org\",\"@graph\":[{\"@type\":\"WebPage\",\"@id\":\"https:\/\/beedle.co\/de\/partners\/\",\"url\":\"https:\/\/beedle.co\/de\/partners\/\",\"name\":\"Partner (ignore) | Beedle\",\"isPartOf\":{\"@id\":\"https:\/\/beedle.co\/#website\"},\"datePublished\":\"2021-11-18T19:25:52+00:00\",\"dateModified\":\"2021-12-14T00:17:15+00:00\",\"description\":\"Beedle is a tool for teachers using Microsoft Teams. Supercharge your Microsoft Teams with all of the unique possibilities Beedle provides.\",\"breadcrumb\":{\"@id\":\"https:\/\/beedle.co\/de\/partners\/#breadcrumb\"},\"inLanguage\":\"de\",\"potentialAction\":[{\"@type\":\"ReadAction\",\"target\":[\"https:\/\/beedle.co\/de\/partners\/\"]}]},{\"@type\":\"BreadcrumbList\",\"@id\":\"https:\/\/beedle.co\/de\/partners\/#breadcrumb\",\"itemListElement\":[{\"@type\":\"ListItem\",\"position\":1,\"name\":\"Home\",\"item\":\"https:\/\/beedle.co\/de\/\"},{\"@type\":\"ListItem\",\"position\":2,\"name\":\"Partner (ignore)\"}]},{\"@type\":\"WebSite\",\"@id\":\"https:\/\/beedle.co\/#website\",\"url\":\"https:\/\/beedle.co\/\",\"name\":\"Beedle\",\"description\":\"Tools for Teachers in Microsoft Teams.\",\"publisher\":{\"@id\":\"https:\/\/beedle.co\/#organization\"},\"potentialAction\":[{\"@type\":\"SearchAction\",\"target\":{\"@type\":\"EntryPoint\",\"urlTemplate\":\"https:\/\/beedle.co\/?s={search_term_string}\"},\"query-input\":\"required name=search_term_string\"}],\"inLanguage\":\"de\"},{\"@type\":\"Organization\",\"@id\":\"https:\/\/beedle.co\/#organization\",\"name\":\"Beedle\",\"url\":\"https:\/\/beedle.co\/\",\"logo\":{\"@type\":\"ImageObject\",\"inLanguage\":\"de\",\"@id\":\"https:\/\/beedle.co\/#\/schema\/logo\/image\/\",\"url\":\"https:\/\/staging.beedle.co\/wp-content\/uploads\/2019\/10\/Beedle-Logo-Green@4x.png\",\"contentUrl\":\"https:\/\/staging.beedle.co\/wp-content\/uploads\/2019\/10\/Beedle-Logo-Green@4x.png\",\"width\":373,\"height\":396,\"caption\":\"Beedle\"},\"image\":{\"@id\":\"https:\/\/beedle.co\/#\/schema\/logo\/image\/\"},\"sameAs\":[\"https:\/\/www.facebook.com\/beedle.co\",\"https:\/\/x.com\/Beedle_co\",\"https:\/\/www.linkedin.com\/company\/beedle-co\/\",\"https:\/\/www.youtube.com\/channel\/UC_ENnS8BLCo3cGPVPSclfpQ\"]}]}<\/script>\n<!-- \/ Yoast SEO plugin. -->","yoast_head_json":{"title":"Partner (ignore) | Beedle","description":"Beedle is a tool for teachers using Microsoft Teams. Supercharge your Microsoft Teams with all of the unique possibilities Beedle provides.","robots":{"index":"index","follow":"follow","max-snippet":"max-snippet:-1","max-image-preview":"max-image-preview:large","max-video-preview":"max-video-preview:-1"},"canonical":"https:\/\/beedle.co\/de\/partners\/","og_locale":"de_DE","og_type":"article","og_title":"Partner (ignore) | Beedle","og_description":"Beedle is a tool for teachers using Microsoft Teams. Supercharge your Microsoft Teams with all of the unique possibilities Beedle provides.","og_url":"https:\/\/beedle.co\/de\/partners\/","og_site_name":"Beedle","article_publisher":"https:\/\/www.facebook.com\/beedle.co","article_modified_time":"2021-12-14T00:17:15+00:00","twitter_card":"summary_large_image","twitter_site":"@Beedle_co","twitter_misc":{"Gesch\u00e4tzte Lesezeit":"4\u00a0Minuten"},"schema":{"@context":"https:\/\/schema.org","@graph":[{"@type":"WebPage","@id":"https:\/\/beedle.co\/de\/partners\/","url":"https:\/\/beedle.co\/de\/partners\/","name":"Partner (ignore) | Beedle","isPartOf":{"@id":"https:\/\/beedle.co\/#website"},"datePublished":"2021-11-18T19:25:52+00:00","dateModified":"2021-12-14T00:17:15+00:00","description":"Beedle is a tool for teachers using Microsoft Teams. Supercharge your Microsoft Teams with all of the unique possibilities Beedle provides.","breadcrumb":{"@id":"https:\/\/beedle.co\/de\/partners\/#breadcrumb"},"inLanguage":"de","potentialAction":[{"@type":"ReadAction","target":["https:\/\/beedle.co\/de\/partners\/"]}]},{"@type":"BreadcrumbList","@id":"https:\/\/beedle.co\/de\/partners\/#breadcrumb","itemListElement":[{"@type":"ListItem","position":1,"name":"Home","item":"https:\/\/beedle.co\/de\/"},{"@type":"ListItem","position":2,"name":"Partner (ignore)"}]},{"@type":"WebSite","@id":"https:\/\/beedle.co\/#website","url":"https:\/\/beedle.co\/","name":"Beedle","description":"Tools for Teachers in Microsoft Teams.","publisher":{"@id":"https:\/\/beedle.co\/#organization"},"potentialAction":[{"@type":"SearchAction","target":{"@type":"EntryPoint","urlTemplate":"https:\/\/beedle.co\/?s={search_term_string}"},"query-input":"required name=search_term_string"}],"inLanguage":"de"},{"@type":"Organization","@id":"https:\/\/beedle.co\/#organization","name":"Beedle","url":"https:\/\/beedle.co\/","logo":{"@type":"ImageObject","inLanguage":"de","@id":"https:\/\/beedle.co\/#\/schema\/logo\/image\/","url":"https:\/\/staging.beedle.co\/wp-content\/uploads\/2019\/10\/Beedle-Logo-Green@4x.png","contentUrl":"https:\/\/staging.beedle.co\/wp-content\/uploads\/2019\/10\/Beedle-Logo-Green@4x.png","width":373,"height":396,"caption":"Beedle"},"image":{"@id":"https:\/\/beedle.co\/#\/schema\/logo\/image\/"},"sameAs":["https:\/\/www.facebook.com\/beedle.co","https:\/\/x.com\/Beedle_co","https:\/\/www.linkedin.com\/company\/beedle-co\/","https:\/\/www.youtube.com\/channel\/UC_ENnS8BLCo3cGPVPSclfpQ"]}]}},"_links":{"self":[{"href":"https:\/\/beedle.co\/de\/wp-json\/wp\/v2\/pages\/8590"}],"collection":[{"href":"https:\/\/beedle.co\/de\/wp-json\/wp\/v2\/pages"}],"about":[{"href":"https:\/\/beedle.co\/de\/wp-json\/wp\/v2\/types\/page"}],"author":[{"embeddable":true,"href":"https:\/\/beedle.co\/de\/wp-json\/wp\/v2\/users\/8"}],"replies":[{"embeddable":true,"href":"https:\/\/beedle.co\/de\/wp-json\/wp\/v2\/comments?post=8590"}],"version-history":[{"count":0,"href":"https:\/\/beedle.co\/de\/wp-json\/wp\/v2\/pages\/8590\/revisions"}],"wp:attachment":[{"href":"https:\/\/beedle.co\/de\/wp-json\/wp\/v2\/media?parent=8590"}],"curies":[{"name":"wp","href":"https:\/\/api.w.org\/{rel}","templated":true}]}}