{"id":8071,"date":"2021-06-15T14:11:27","date_gmt":"2021-06-15T14:11:27","guid":{"rendered":"https:\/\/beedle.co\/schulen-und-bezirke\/"},"modified":"2021-09-06T09:31:44","modified_gmt":"2021-09-06T09:31:44","slug":"schulen-und-bezirke","status":"publish","type":"page","link":"https:\/\/beedle.co\/de\/schulen-und-bezirke\/","title":{"rendered":"Schulen und Bezirke"},"content":{"rendered":"<p>[et_pb_section fb_built=&#8220;1&#8243; _builder_version=&#8220;4.7.7&#8243; background_image=&#8220;https:\/\/beedle.co\/wp-content\/uploads\/2021\/06\/Vector.png&#8220; background_blend=&#8220;soft-light&#8220; module_alignment=&#8220;center&#8220; custom_padding=&#8220;30px||20px||false|false&#8220; box_shadow_style=&#8220;preset1&#8243; box_shadow_vertical=&#8220;12px&#8220;][et_pb_row column_structure=&#8220;1_2,1_4,1_4&#8243; module_id=&#8220;mm-5&#8243; module_class=&#8220; et_pb_row_fullwidth&#8220; _builder_version=&#8220;4.7.7&#8243; width=&#8220;90%&#8220; width_tablet=&#8220;80%&#8220; width_phone=&#8220;&#8220; width_last_edited=&#8220;on|desktop&#8220; max_width=&#8220;1920px&#8220; max_width_tablet=&#8220;80%&#8220; max_width_phone=&#8220;&#8220; max_width_last_edited=&#8220;on|desktop&#8220; module_alignment=&#8220;center&#8220; min_height=&#8220;570.6px&#8220; custom_margin=&#8220;0px|0px|0px|0px&#8220; custom_padding=&#8220;0px|0px|0px|0px||&#8220; custom_css_main_element=&#8220;width: 100%;||max-width: 100%;||}||#mm-5 h3{margin-bottom:15px;}||#mm-5 ul li{margin-bottom:10px;}||#mm-5-1{}||#mm-5-2{}||#mm-5-3{}||#mm-5-4{}&#8220; make_fullwidth=&#8220;on&#8220; width_unit=&#8220;off&#8220; custom_width_percent=&#8220;100%&#8220;][et_pb_column type=&#8220;1_2&#8243; module_id=&#8220;mm-5-1&#8243; module_class=&#8220;pa-inline-buttons&#8220; _builder_version=&#8220;4.7.7&#8243; custom_padding=&#8220;|||&#8220; custom_padding__hover=&#8220;|||&#8220;][et_pb_text _builder_version=&#8220;4.7.7&#8243; _module_preset=&#8220;default&#8220; text_text_color=&#8220;#000000&#8243; text_font_size=&#8220;16px&#8220; custom_margin=&#8220;||50px||false|false&#8220;]<\/p>\n<h3>Beedle wandelt Microsoft Teams in eine Klassenraum- und Lernmanagement-L\u00f6sung um<\/h3>\n<p>In Beedle finden Lehrer\/innen die vertraute und produktive Microsoft Teams Umgebung vor, in der alle L\u00f6sungen kompakt und solide genutzt werden k\u00f6nnen.<\/p>\n<p>Datenduplizierungen oder die Synchronisation verschiedener Systeme entf\u00e4llt &#8211; Beedle funktioniert vollst\u00e4ndig mit dem Setup und der Datenverwaltung Ihrer Schule.<\/p>\n<p>[\/et_pb_text][et_pb_image src=&#8220;https:\/\/beedle.co\/wp-content\/uploads\/2021\/06\/shutterstock_1126036238-scaled.jpg&#8220; title_text=&#8220;High,School,Teacher,Talking,To,Pupils,Using,Digital,Devices,In&#8220; _builder_version=&#8220;4.7.7&#8243; _module_preset=&#8220;default&#8220; width=&#8220;400px&#8220; custom_margin=&#8220;|20px|||false|false&#8220; custom_padding=&#8220;||||false|false&#8220; custom_css_main_element=&#8220;display: inline-block; float: left;&#8220;][\/et_pb_image][et_pb_button button_url=&#8220;mailto:support@beedle.co&#8220; button_text=&#8220;Kontaktieren Sie uns:&#8220; module_class=&#8220;a&#8220; _builder_version=&#8220;4.7.7&#8243; _module_preset=&#8220;default&#8220; custom_margin=&#8220;||||false|false&#8220;][\/et_pb_button][et_pb_button button_url=&#8220;mailto:support@beedle.co?subject=Request%20for%20Live%20Demo%20-%20Schools%20and%20Districts&#038;body=Hi!%20I%20would%20like%20to%20request%20a%20live%20demonstration%20of%20Beedle.&#8220; button_text=&#8220;Anfordern einer Demo&#8220; module_class=&#8220;a&#8220; _builder_version=&#8220;4.7.7&#8243; _module_preset=&#8220;default&#8220; custom_margin=&#8220;||||false|false&#8220;][\/et_pb_button][\/et_pb_column][et_pb_column type=&#8220;1_4&#8243; module_id=&#8220;mm-5-2&#8243; _builder_version=&#8220;3.25&#8243; custom_padding=&#8220;|||&#8220; custom_padding__hover=&#8220;|||&#8220;][et_pb_text _builder_version=&#8220;4.7.7&#8243; text_text_color=&#8220;#000000&#8243; text_line_height=&#8220;1.5em&#8220; link_text_color=&#8220;#000000&#8243; link_font_size=&#8220;16px&#8220; ul_text_color=&#8220;#000000&#8243; ul_font_size=&#8220;16px&#8220; header_3_font=&#8220;|600|||||||&#8220; header_3_text_color=&#8220;#000000&#8243; custom_margin=&#8220;||||false|false&#8220; custom_padding=&#8220;||0px|||&#8220; locked=&#8220;off&#8220;]<\/p>\n<h3><span style=\"color: #00d3a3;\"><strong>Lehrer setzen Microsoft Teams in ihrer t\u00e4glichen Arbeit ein<\/strong><\/span><\/h3>\n<p>Beedle ist direkt in Microsoft Teams integriert und bietet die vertraute, intuitive Umgebung f\u00fcr die Planung, den Unterricht und die Einbindung von Sch\u00fclern\/innen und Eltern &#8211; genauso, wie Lehrer*innen arbeiten m\u00f6chten. Mit Beedle und Microsoft Teams finden Lehrer\/innen eine Komplettl\u00f6sung f\u00fcr alle t\u00e4glichen Aufgaben im Klassenzimmer.<\/p>\n<p>[\/et_pb_text][et_pb_text _builder_version=&#8220;4.7.7&#8243; text_text_color=&#8220;#000000&#8243; text_line_height=&#8220;1.5em&#8220; link_text_color=&#8220;#000000&#8243; link_font_size=&#8220;16px&#8220; ul_text_color=&#8220;#000000&#8243; ul_font_size=&#8220;16px&#8220; header_3_font=&#8220;|600|||||||&#8220; header_3_text_color=&#8220;#000000&#8243; custom_margin=&#8220;||||false|false&#8220; custom_padding=&#8220;||0px|||&#8220; hover_enabled=&#8220;0&#8243; locked=&#8220;off&#8220; sticky_enabled=&#8220;0&#8243;]<\/p>\n<h3><span style=\"color: #00d3a3;\"><strong>Gesch\u00fctzt durch den Microsoft Cyber Defense Operations<\/strong><\/span><\/h3>\n<p>Beedle wird sicher in Microsoft Azure, wo alle Daten und Inhalte gespeichert sind, gehostet und betrieben. Zus\u00e4tzliche Dokumente werden in der SharePoint-Umgebung Ihrer Schule gespeichert. Beedle ist in Microsoft Teams integriert und passt sich an die Office 365 Installation und die Datenschutz- und Sicherheitseinstellungen Ihrer Schule an. Die Privatsph\u00e4re der Sch\u00fcler\/innen bleibt in jedem Fall gew\u00e4hrleistet. Die Privatsph\u00e4re der Sch\u00fcler\/innen bleibt in jedem Fall gew\u00e4hrleistet.<\/p>\n<p>[\/et_pb_text][\/et_pb_column][et_pb_column type=&#8220;1_4&#8243; module_id=&#8220;mm-5-3&#8243; _builder_version=&#8220;3.25&#8243; custom_padding=&#8220;|||&#8220; custom_padding__hover=&#8220;|||&#8220;][et_pb_text _builder_version=&#8220;4.7.7&#8243; text_text_color=&#8220;#000000&#8243; text_line_height=&#8220;1.5em&#8220; link_text_color=&#8220;#000000&#8243; link_font_size=&#8220;16px&#8220; ul_text_color=&#8220;#000000&#8243; ul_font_size=&#8220;16px&#8220; header_3_font=&#8220;|600|||||||&#8220; header_3_text_color=&#8220;#000000&#8243; custom_margin=&#8220;||||false|false&#8220; custom_padding=&#8220;||0px|||&#8220; locked=&#8220;off&#8220;]<\/p>\n<h3><span style=\"color: #00d3a3\"><strong>Optimieren Sie Ihre Microsoft IT-Umgebung<\/strong><\/span><\/h3>\n<p>Pflegen Sie mit Beedle eine einzige, sichere und verwaltbare Technologieplattform als Teil Ihrer Microsoft Teams Umgebung. Da kein externes System verwaltet oder integriert werden muss, arbeitet Beedle mit der IT-Installation und den Daten Ihrer Schule und baut darauf auf. So vermeiden Sie Datenduplizierungen oder die Synchronisation unterschiedlicher Systeme.<\/p>\n<p>[\/et_pb_text][et_pb_text _builder_version=&#8220;4.7.7&#8243; text_text_color=&#8220;#000000&#8243; text_line_height=&#8220;1.5em&#8220; link_text_color=&#8220;#000000&#8243; link_font_size=&#8220;16px&#8220; ul_text_color=&#8220;#000000&#8243; ul_font_size=&#8220;16px&#8220; header_3_font=&#8220;|600|||||||&#8220; header_3_text_color=&#8220;#000000&#8243; custom_margin=&#8220;||||false|false&#8220; custom_padding=&#8220;||0px|||&#8220; locked=&#8220;off&#8220;]<\/p>\n<h3><span style=\"color: #00d3a3;\"><strong>Installieren Sie Beedle schnell und sicher und probieren Sie es aus \u2013 kostenlos!<\/strong><\/span><\/h3>\n<p>In ansprechendem Design, benutzerfreundlich und mit intuitiven Arbeitsabl\u00e4ufen k\u00f6nnen Lehrer\/innen Beedle schnell und einfach nutzen. Starten Sie noch heute, indem Sie Beedle einfach direkt aus dem Microsoft Teams Apps Store Ihrer Schule installieren.<\/p>\n<p>[\/et_pb_text][\/et_pb_column][\/et_pb_row][\/et_pb_section][et_pb_section fb_built=&#8220;1&#8243; _builder_version=&#8220;4.7.7&#8243; _module_preset=&#8220;default&#8220; background_color=&#8220;#262942&#8243; custom_padding=&#8220;||153px|||&#8220; saved_tabs=&#8220;all&#8220;][et_pb_row column_structure=&#8220;1_4,1_4,1_4,1_4&#8243; _builder_version=&#8220;4.7.7&#8243; _module_preset=&#8220;default&#8220; max_width=&#8220;1920px&#8220;][et_pb_column type=&#8220;1_4&#8243; _builder_version=&#8220;4.7.7&#8243; _module_preset=&#8220;default&#8220;][et_pb_text _builder_version=&#8220;4.7.7&#8243; _module_preset=&#8220;default&#8220;]<\/p>\n<h3><span style=\"color: #ffffff\">Produkt<\/span><\/h3>\n<p><span style=\"color: #ffffff\"><a href=\"https:\/\/beedle.co\/de\/loesungen\/\" style=\"color: #ffffff\">L\u00f6sung<\/a><\/span><br \/><span style=\"color: #ffffff\"><a href=\"https:\/\/beedle.co\/de\/lehrerinnen-und-lehrer\/\" style=\"color: #ffffff\"> Lehrerinnen und Lehrer<\/a><\/span><br \/><span style=\"color: #ffffff\"><a href=\"https:\/\/beedle.co\/de\/waechter\/\" style=\"color: #ffffff\">  W\u00e4chter<\/a><\/span><br \/><span style=\"color: #ffffff\"><a href=\"https:\/\/beedle.co\/de\/beginnen\/\" style=\"color: #ffffff\">  Get Beedle<\/a><\/span><br \/><span style=\"color: #ffffff\"><a href=\"mailto:support@beedle.co\" style=\"color: #ffffff\">  Unterst\u00fctzung<\/a><\/span><\/p>\n<p>[\/et_pb_text][\/et_pb_column][et_pb_column type=&#8220;1_4&#8243; _builder_version=&#8220;4.7.7&#8243; _module_preset=&#8220;default&#8220;][et_pb_text _builder_version=&#8220;4.7.7&#8243; _module_preset=&#8220;default&#8220; custom_margin=&#8220;||-2px|||&#8220;]<\/p>\n<h3><span style=\"color: #ffffff\">Social Media<\/span><\/h3>\n<p><span style=\"color: #ffffff\"> <\/span><\/p>\n<p>[\/et_pb_text][et_pb_social_media_follow _builder_version=&#8220;3.29.3&#8243; text_orientation=&#8220;left&#8220; locked=&#8220;off&#8220;][et_pb_social_media_follow_network social_network=&#8220;linkedin&#8220; url=&#8220;https:\/\/www.linkedin.com\/company\/beedle-co\/&#8220; _builder_version=&#8220;3.29.3&#8243; background_color=&#8220;#007bb6&#8243; follow_button=&#8220;off&#8220; url_new_window=&#8220;on&#8220;]linkedin[\/et_pb_social_media_follow_network][et_pb_social_media_follow_network social_network=&#8220;twitter&#8220; url=&#8220;https:\/\/twitter.com\/Beedle_co&#8220; _builder_version=&#8220;3.29.3&#8243; background_color=&#8220;#00aced&#8220; follow_button=&#8220;off&#8220; url_new_window=&#8220;on&#8220;]twitter[\/et_pb_social_media_follow_network][et_pb_social_media_follow_network social_network=&#8220;facebook&#8220; url=&#8220;https:\/\/www.facebook.com\/beedle.co&#8220; _builder_version=&#8220;3.29.3&#8243; background_color=&#8220;#3b5998&#8243; follow_button=&#8220;off&#8220; url_new_window=&#8220;on&#8220;]facebook[\/et_pb_social_media_follow_network][\/et_pb_social_media_follow][\/et_pb_column][et_pb_column type=&#8220;1_4&#8243; _builder_version=&#8220;4.7.7&#8243; _module_preset=&#8220;default&#8220;][et_pb_text _builder_version=&#8220;4.7.7&#8243; _module_preset=&#8220;default&#8220;]<\/p>\n<h3><span style=\"color: #ffffff\">Unternehmen<\/span><\/h3>\n<p><span style=\"color: #ffffff\"><a href=\"https:\/\/beedle.co\/de\/ueber-uns\/\" style=\"color: #ffffff\">\u00dcber uns<\/a><br \/> <a href=\"https:\/\/beedle.co\/de\/nutzungsbedingungen\/\" style=\"color: #ffffff\">Nutzungsbedingungen<\/a><\/span><br \/> <span style=\"color: #ffffff\"><a href=\"https:\/\/beedle.co\/de\/datenschutz\/\" style=\"color: #ffffff\"> Datenschutz<\/a><\/span><br \/> <span style=\"color: #ffffff\"><a href=\"https:\/\/beedle.co\/data-processing-agreement\/\" style=\"color: #ffffff\">  Datenverarbeitungsvertrag<\/a><\/span><br \/> <span style=\"color: #ffffff\"><a href=\"mailto:support@beedle.co?subject=Request%20from%20press&amp;body=Please%20write%20your%20press%20request%20here%20below.\" style=\"color: #ffffff\">  Presse<\/a><\/span><\/p>\n<p>[\/et_pb_text][\/et_pb_column][et_pb_column type=&#8220;1_4&#8243; _builder_version=&#8220;4.7.7&#8243; _module_preset=&#8220;default&#8220;][et_pb_image src=&#8220;https:\/\/beedle.co\/wp-content\/uploads\/2021\/06\/MS_badge_white-removebg-preview.png&#8220; title_text=&#8220;MS_badge_white-removebg-vorschau&#8220; _builder_version=&#8220;4.7.7&#8243; _module_preset=&#8220;default&#8220;][\/et_pb_image][\/et_pb_column][\/et_pb_row][\/et_pb_section]<\/p>\n","protected":false},"excerpt":{"rendered":"<p>Beedle wandelt Microsoft Teams in eine Klassenraum- und Lernmanagement-L\u00f6sung um In Beedle finden Lehrer\/innen die vertraute und produktive Microsoft Teams Umgebung vor, in der alle L\u00f6sungen kompakt und solide genutzt werden k\u00f6nnen. Datenduplizierungen oder die Synchronisation verschiedener Systeme entf\u00e4llt &#8211; Beedle funktioniert vollst\u00e4ndig mit dem Setup und der Datenverwaltung Ihrer Schule.Lehrer setzen Microsoft Teams in [&hellip;]<\/p>\n","protected":false},"author":8,"featured_media":0,"parent":0,"menu_order":0,"comment_status":"closed","ping_status":"closed","template":"","meta":{"_acf_changed":false,"_et_pb_use_builder":"on","_et_pb_old_content":"","_et_gb_content_width":"","content-type":"","footnotes":""},"acf":[],"yoast_head":"<!-- This site is optimized with the Yoast SEO plugin v23.0 - https:\/\/yoast.com\/wordpress\/plugins\/seo\/ -->\n<title>Schulen und Bezirke | Beedle<\/title>\n<meta name=\"description\" content=\"Beedle is a tool for teachers using Microsoft Teams. Supercharge your Microsoft Teams with all of the unique possibilities Beedle provides.\" \/>\n<meta name=\"robots\" content=\"index, follow, max-snippet:-1, max-image-preview:large, max-video-preview:-1\" \/>\n<link rel=\"canonical\" href=\"https:\/\/beedle.co\/de\/schulen-und-bezirke\/\" \/>\n<meta property=\"og:locale\" content=\"de_DE\" \/>\n<meta property=\"og:type\" content=\"article\" \/>\n<meta property=\"og:title\" content=\"Schulen und Bezirke | Beedle\" \/>\n<meta property=\"og:description\" content=\"Beedle is a tool for teachers using Microsoft Teams. Supercharge your Microsoft Teams with all of the unique possibilities Beedle provides.\" \/>\n<meta property=\"og:url\" content=\"https:\/\/beedle.co\/de\/schulen-und-bezirke\/\" \/>\n<meta property=\"og:site_name\" content=\"Beedle\" \/>\n<meta property=\"article:publisher\" content=\"https:\/\/www.facebook.com\/beedle.co\" \/>\n<meta property=\"article:modified_time\" content=\"2021-09-06T09:31:44+00:00\" \/>\n<meta name=\"twitter:card\" content=\"summary_large_image\" \/>\n<meta name=\"twitter:site\" content=\"@Beedle_co\" \/>\n<meta name=\"twitter:label1\" content=\"Gesch\u00e4tzte Lesezeit\" \/>\n\t<meta name=\"twitter:data1\" content=\"6\u00a0Minuten\" \/>\n<script type=\"application\/ld+json\" class=\"yoast-schema-graph\">{\"@context\":\"https:\/\/schema.org\",\"@graph\":[{\"@type\":\"WebPage\",\"@id\":\"https:\/\/beedle.co\/de\/schulen-und-bezirke\/\",\"url\":\"https:\/\/beedle.co\/de\/schulen-und-bezirke\/\",\"name\":\"Schulen und Bezirke | Beedle\",\"isPartOf\":{\"@id\":\"https:\/\/beedle.co\/#website\"},\"datePublished\":\"2021-06-15T14:11:27+00:00\",\"dateModified\":\"2021-09-06T09:31:44+00:00\",\"description\":\"Beedle is a tool for teachers using Microsoft Teams. Supercharge your Microsoft Teams with all of the unique possibilities Beedle provides.\",\"breadcrumb\":{\"@id\":\"https:\/\/beedle.co\/de\/schulen-und-bezirke\/#breadcrumb\"},\"inLanguage\":\"de\",\"potentialAction\":[{\"@type\":\"ReadAction\",\"target\":[\"https:\/\/beedle.co\/de\/schulen-und-bezirke\/\"]}]},{\"@type\":\"BreadcrumbList\",\"@id\":\"https:\/\/beedle.co\/de\/schulen-und-bezirke\/#breadcrumb\",\"itemListElement\":[{\"@type\":\"ListItem\",\"position\":1,\"name\":\"Home\",\"item\":\"https:\/\/beedle.co\/de\/\"},{\"@type\":\"ListItem\",\"position\":2,\"name\":\"Schulen und Bezirke\"}]},{\"@type\":\"WebSite\",\"@id\":\"https:\/\/beedle.co\/#website\",\"url\":\"https:\/\/beedle.co\/\",\"name\":\"Beedle\",\"description\":\"Tools for Teachers in Microsoft Teams.\",\"publisher\":{\"@id\":\"https:\/\/beedle.co\/#organization\"},\"potentialAction\":[{\"@type\":\"SearchAction\",\"target\":{\"@type\":\"EntryPoint\",\"urlTemplate\":\"https:\/\/beedle.co\/?s={search_term_string}\"},\"query-input\":\"required name=search_term_string\"}],\"inLanguage\":\"de\"},{\"@type\":\"Organization\",\"@id\":\"https:\/\/beedle.co\/#organization\",\"name\":\"Beedle\",\"url\":\"https:\/\/beedle.co\/\",\"logo\":{\"@type\":\"ImageObject\",\"inLanguage\":\"de\",\"@id\":\"https:\/\/beedle.co\/#\/schema\/logo\/image\/\",\"url\":\"https:\/\/staging.beedle.co\/wp-content\/uploads\/2019\/10\/Beedle-Logo-Green@4x.png\",\"contentUrl\":\"https:\/\/staging.beedle.co\/wp-content\/uploads\/2019\/10\/Beedle-Logo-Green@4x.png\",\"width\":373,\"height\":396,\"caption\":\"Beedle\"},\"image\":{\"@id\":\"https:\/\/beedle.co\/#\/schema\/logo\/image\/\"},\"sameAs\":[\"https:\/\/www.facebook.com\/beedle.co\",\"https:\/\/x.com\/Beedle_co\",\"https:\/\/www.linkedin.com\/company\/beedle-co\/\",\"https:\/\/www.youtube.com\/channel\/UC_ENnS8BLCo3cGPVPSclfpQ\"]}]}<\/script>\n<!-- \/ Yoast SEO plugin. -->","yoast_head_json":{"title":"Schulen und Bezirke | Beedle","description":"Beedle is a tool for teachers using Microsoft Teams. Supercharge your Microsoft Teams with all of the unique possibilities Beedle provides.","robots":{"index":"index","follow":"follow","max-snippet":"max-snippet:-1","max-image-preview":"max-image-preview:large","max-video-preview":"max-video-preview:-1"},"canonical":"https:\/\/beedle.co\/de\/schulen-und-bezirke\/","og_locale":"de_DE","og_type":"article","og_title":"Schulen und Bezirke | Beedle","og_description":"Beedle is a tool for teachers using Microsoft Teams. Supercharge your Microsoft Teams with all of the unique possibilities Beedle provides.","og_url":"https:\/\/beedle.co\/de\/schulen-und-bezirke\/","og_site_name":"Beedle","article_publisher":"https:\/\/www.facebook.com\/beedle.co","article_modified_time":"2021-09-06T09:31:44+00:00","twitter_card":"summary_large_image","twitter_site":"@Beedle_co","twitter_misc":{"Gesch\u00e4tzte Lesezeit":"6\u00a0Minuten"},"schema":{"@context":"https:\/\/schema.org","@graph":[{"@type":"WebPage","@id":"https:\/\/beedle.co\/de\/schulen-und-bezirke\/","url":"https:\/\/beedle.co\/de\/schulen-und-bezirke\/","name":"Schulen und Bezirke | Beedle","isPartOf":{"@id":"https:\/\/beedle.co\/#website"},"datePublished":"2021-06-15T14:11:27+00:00","dateModified":"2021-09-06T09:31:44+00:00","description":"Beedle is a tool for teachers using Microsoft Teams. Supercharge your Microsoft Teams with all of the unique possibilities Beedle provides.","breadcrumb":{"@id":"https:\/\/beedle.co\/de\/schulen-und-bezirke\/#breadcrumb"},"inLanguage":"de","potentialAction":[{"@type":"ReadAction","target":["https:\/\/beedle.co\/de\/schulen-und-bezirke\/"]}]},{"@type":"BreadcrumbList","@id":"https:\/\/beedle.co\/de\/schulen-und-bezirke\/#breadcrumb","itemListElement":[{"@type":"ListItem","position":1,"name":"Home","item":"https:\/\/beedle.co\/de\/"},{"@type":"ListItem","position":2,"name":"Schulen und Bezirke"}]},{"@type":"WebSite","@id":"https:\/\/beedle.co\/#website","url":"https:\/\/beedle.co\/","name":"Beedle","description":"Tools for Teachers in Microsoft Teams.","publisher":{"@id":"https:\/\/beedle.co\/#organization"},"potentialAction":[{"@type":"SearchAction","target":{"@type":"EntryPoint","urlTemplate":"https:\/\/beedle.co\/?s={search_term_string}"},"query-input":"required name=search_term_string"}],"inLanguage":"de"},{"@type":"Organization","@id":"https:\/\/beedle.co\/#organization","name":"Beedle","url":"https:\/\/beedle.co\/","logo":{"@type":"ImageObject","inLanguage":"de","@id":"https:\/\/beedle.co\/#\/schema\/logo\/image\/","url":"https:\/\/staging.beedle.co\/wp-content\/uploads\/2019\/10\/Beedle-Logo-Green@4x.png","contentUrl":"https:\/\/staging.beedle.co\/wp-content\/uploads\/2019\/10\/Beedle-Logo-Green@4x.png","width":373,"height":396,"caption":"Beedle"},"image":{"@id":"https:\/\/beedle.co\/#\/schema\/logo\/image\/"},"sameAs":["https:\/\/www.facebook.com\/beedle.co","https:\/\/x.com\/Beedle_co","https:\/\/www.linkedin.com\/company\/beedle-co\/","https:\/\/www.youtube.com\/channel\/UC_ENnS8BLCo3cGPVPSclfpQ"]}]}},"_links":{"self":[{"href":"https:\/\/beedle.co\/de\/wp-json\/wp\/v2\/pages\/8071"}],"collection":[{"href":"https:\/\/beedle.co\/de\/wp-json\/wp\/v2\/pages"}],"about":[{"href":"https:\/\/beedle.co\/de\/wp-json\/wp\/v2\/types\/page"}],"author":[{"embeddable":true,"href":"https:\/\/beedle.co\/de\/wp-json\/wp\/v2\/users\/8"}],"replies":[{"embeddable":true,"href":"https:\/\/beedle.co\/de\/wp-json\/wp\/v2\/comments?post=8071"}],"version-history":[{"count":0,"href":"https:\/\/beedle.co\/de\/wp-json\/wp\/v2\/pages\/8071\/revisions"}],"wp:attachment":[{"href":"https:\/\/beedle.co\/de\/wp-json\/wp\/v2\/media?parent=8071"}],"curies":[{"name":"wp","href":"https:\/\/api.w.org\/{rel}","templated":true}]}}