{"id":8062,"date":"2021-06-15T14:09:47","date_gmt":"2021-06-15T14:09:47","guid":{"rendered":"https:\/\/beedle.co\/lehrerinnen-und-lehrer\/"},"modified":"2021-09-06T08:35:18","modified_gmt":"2021-09-06T08:35:18","slug":"lehrerinnen-und-lehrer","status":"publish","type":"page","link":"https:\/\/beedle.co\/de\/lehrerinnen-und-lehrer\/","title":{"rendered":"Lehrerinnen und Lehrer"},"content":{"rendered":"<p>[et_pb_section fb_built=&#8220;1&#8243; _builder_version=&#8220;4.7.7&#8243; _module_preset=&#8220;default&#8220; background_image=&#8220;https:\/\/beedle.co\/wp-content\/uploads\/2021\/06\/Vector.png&#8220; custom_padding=&#8220;56px||0px|||&#8220;][et_pb_row _builder_version=&#8220;4.7.7&#8243; _module_preset=&#8220;default&#8220; background_enable_image=&#8220;off&#8220; custom_margin=&#8220;|auto||auto|false|false&#8220; custom_padding=&#8220;||||false|false&#8220;][et_pb_column type=&#8220;4_4&#8243; _builder_version=&#8220;4.7.7&#8243; _module_preset=&#8220;default&#8220;][et_pb_text _builder_version=&#8220;4.7.7&#8243; _module_preset=&#8220;default&#8220; header_font_size=&#8220;47px&#8220; custom_margin=&#8220;auto||||false|false&#8220; custom_padding=&#8220;||||false|false&#8220; header_font_size_tablet=&#8220;24px&#8220; header_font_size_phone=&#8220;&#8220; header_font_size_last_edited=&#8220;on|phone&#8220;]<\/p>\n<h1><strong>Leistungsstarke neue Funktionalit\u00e4ten <br \/>f\u00fcr den Unterricht in Microsoft Teams<\/strong><\/h1>\n<p>[\/et_pb_text][\/et_pb_column][\/et_pb_row][\/et_pb_section][et_pb_section fb_built=&#8220;1&#8243; _builder_version=&#8220;4.7.7&#8243; _module_preset=&#8220;default&#8220; custom_padding=&#8220;0px|||||&#8220;][et_pb_row _builder_version=&#8220;4.7.7&#8243; _module_preset=&#8220;default&#8220; custom_padding=&#8220;||2px|||&#8220;][et_pb_column type=&#8220;4_4&#8243; _builder_version=&#8220;4.7.7&#8243; _module_preset=&#8220;default&#8220;][et_pb_text _builder_version=&#8220;4.7.7&#8243; _module_preset=&#8220;default&#8220; header_font_size=&#8220;40px&#8220; max_width=&#8220;1080px&#8220; module_alignment=&#8220;left&#8220; custom_margin=&#8220;-30px|||||&#8220;]<\/p>\n<h1 style=\"text-align: left;\">Planen<\/h1>\n<p>[\/et_pb_text][\/et_pb_column][\/et_pb_row][et_pb_row column_structure=&#8220;3_5,2_5&#8243; _builder_version=&#8220;4.7.7&#8243; _module_preset=&#8220;default&#8220; custom_padding=&#8220;||55px|||&#8220;][et_pb_column type=&#8220;3_5&#8243; _builder_version=&#8220;4.7.7&#8243; _module_preset=&#8220;default&#8220;][et_pb_text _builder_version=&#8220;4.7.7&#8243; _module_preset=&#8220;default&#8220; text_font=&#8220;||||||||&#8220; text_text_color=&#8220;#000000&#8243; text_font_size=&#8220;16px&#8220; text_line_height=&#8220;1.9em&#8220; header_font=&#8220;||||||||&#8220; header_4_font=&#8220;|700|||||||&#8220; header_4_font_size=&#8220;16px&#8220; header_4_line_height=&#8220;1.9em&#8220; custom_padding=&#8220;||||false|false&#8220; animation_style=&#8220;zoom&#8220; animation_intensity_zoom=&#8220;6%&#8220;]<\/p>\n<p><strong>Beedle bietet den idealen Rahmen f\u00fcr die Planung und Sequenzierung von Lerneinheiten.<\/strong> <br \/>Durch die hierarchische Struktur k\u00f6nnen Unterrichtspl\u00e4ne flexibel auf unterschiedliche Art gespeichert, referenziert und chronologisch oder als Unterrichtsplan gruppiert werden. Jeder Plan ist ein digitaler Aufbewahrungsort, der frei betitelt werden und Text, Anh\u00e4nge, Links, Lernziele und Microsoft Teams-Aufgaben enthalten kann. <\/p>\n<p>Mit jedem Plan k\u00f6nnen Lernziele aus Ihrer eigenen, ma\u00dfgeschneiderten Zielplanung verkn\u00fcpft werden. Ohne Beedle zu verlassen, k\u00f6nnen Microsoft Teams Aufgaben erstellt oder bestehende Aufgaben mit einem Plan verkn\u00fcpft werden.<\/p>\n<p> Jeder Plan kann mit einem gemeinsamen Kalender verkn\u00fcpft werden, der f\u00fcr Lehrer\/innen und Sch\u00fcler\/innen sichtbar ist, und eine direkte Navigation erlaubt das praktische \u00d6ffnen und Bearbeiten des Plans aus dem Kalender. <br \/>Einzelne oder alle Bereiche des Plans k\u00f6nnen kopiert und innerhalb desselben Teams, eines anderen Teams oder sogar w\u00e4hrend eines nachfolgenden Schuljahres wiederverwendet werden &#8211; einschlie\u00dflich aller Ressourcen und Microsoft Teams-Aufgaben, die mit den urspr\u00fcnglichen Pl\u00e4nen verbunden sind.<\/p>\n<p>[\/et_pb_text][\/et_pb_column][et_pb_column type=&#8220;2_5&#8243; _builder_version=&#8220;4.7.7&#8243; _module_preset=&#8220;default&#8220;][et_pb_image src=&#8220;https:\/\/beedle.co\/wp-content\/uploads\/2021\/06\/1172080618-huge-1-scaled.jpg&#8220; title_text=&#8220;Lehrer,Arbeiten,On,Laptop,When,Preparing,For,Klasse,At,Her&#8220; _builder_version=&#8220;4.7.7&#8243; _module_preset=&#8220;default&#8220;][\/et_pb_image][\/et_pb_column][\/et_pb_row][et_pb_row _builder_version=&#8220;4.7.7&#8243; _module_preset=&#8220;default&#8220; custom_padding=&#8220;||2px|||&#8220;][et_pb_column type=&#8220;4_4&#8243; _builder_version=&#8220;4.7.7&#8243; _module_preset=&#8220;default&#8220;][et_pb_text _builder_version=&#8220;4.7.7&#8243; _module_preset=&#8220;default&#8220; header_font_size=&#8220;40px&#8220; max_width=&#8220;1080px&#8220; module_alignment=&#8220;left&#8220; custom_margin=&#8220;-30px|||||&#8220;]<\/p>\n<h1 style=\"text-align: left;\">Unterrichten<\/h1>\n<p>[\/et_pb_text][\/et_pb_column][\/et_pb_row][et_pb_row column_structure=&#8220;2_5,3_5&#8243; _builder_version=&#8220;4.7.7&#8243; _module_preset=&#8220;default&#8220; custom_padding=&#8220;||55px|||&#8220;][et_pb_column type=&#8220;2_5&#8243; _builder_version=&#8220;4.7.7&#8243; _module_preset=&#8220;default&#8220;][et_pb_image src=&#8220;https:\/\/beedle.co\/wp-content\/uploads\/2021\/06\/shutterstock_1126036238-scaled.jpg&#8220; title_text=&#8220;High,Schule,Lehrer, Sprechen,Zu,Sch\u00fcler,Using,Digital,Ger\u00e4te,In&#8220; _builder_version=&#8220;4.7.7&#8243; _module_preset=&#8220;default&#8220;][\/et_pb_image][\/et_pb_column][et_pb_column type=&#8220;3_5&#8243; _builder_version=&#8220;4.7.7&#8243; _module_preset=&#8220;default&#8220;][et_pb_text _builder_version=&#8220;4.7.7&#8243; _module_preset=&#8220;default&#8220; text_font=&#8220;||||||||&#8220; text_text_color=&#8220;#000000&#8243; text_font_size=&#8220;16px&#8220; text_line_height=&#8220;1.9em&#8220; header_font=&#8220;||||||||&#8220; header_4_font=&#8220;|700|||||||&#8220; header_4_font_size=&#8220;16px&#8220; header_4_line_height=&#8220;1.9em&#8220; custom_padding=&#8220;||||false|false&#8220; animation_style=&#8220;zoom&#8220; animation_intensity_zoom=&#8220;6%&#8220;]<\/p>\n<p><strong>Beedle unterst\u00fctzt das Unterrichten w\u00e4hrend der Unterrichtsstunde auf vielf\u00e4ltige Weise.<\/strong> <br \/>Abwesenheiten k\u00f6nnen registriert und in unterschiedlichen Kategorien erfasst werden, sowohl direkt w\u00e4hrend des Unterrichts als auch f\u00fcr zur\u00fcckliegende und zuk\u00fcnftige Stunden. <br \/>Der Lernfortschritt der Sch\u00fcler\/innen kann entweder durch Ad-hoc-Bewertung oder \u00fcber das Bewerten definierter Lernziele erfasst werden.<\/p>\n<p>Die Sch\u00fcler\/innen k\u00f6nnen schnell und individuell in unterschiedliche Gruppen eingeteilt, die Gruppenmitglieder leicht verwaltet und die Gruppen f\u00fcr die weitere Verwendung gespeichert werden. Mit Hilfe des Zufallsgenerators werden Sch\u00fcler\/innen vorgeschlagen, die als n\u00e4chste\/r aufgerufen werden sollten und angezeigt, welche Sch\u00fcler\/innen bereits ausgew\u00e4hlt wurden.<\/p>\n<p>Beedle erleichtert Lehrer\/innen, ihre eigenen Reflexionen zu einer Unterrichtsstunde sofort zu erfassen und diese an \u00fcbersichtlicher Stelle im Unterrichtsplan festzuhalten.<\/p>\n<p>[\/et_pb_text][\/et_pb_column][\/et_pb_row][et_pb_row _builder_version=&#8220;4.7.7&#8243; _module_preset=&#8220;default&#8220; custom_padding=&#8220;||2px|||&#8220;][et_pb_column type=&#8220;4_4&#8243; _builder_version=&#8220;4.7.7&#8243; _module_preset=&#8220;default&#8220;][et_pb_text _builder_version=&#8220;4.7.7&#8243; _module_preset=&#8220;default&#8220; header_font_size=&#8220;40px&#8220; max_width=&#8220;1080px&#8220; custom_margin=&#8220;-30px|||||&#8220;]<\/p>\n<h1 style=\"text-align: left;\">Motivieren<\/h1>\n<p>[\/et_pb_text][\/et_pb_column][\/et_pb_row][et_pb_row column_structure=&#8220;3_5,2_5&#8243; _builder_version=&#8220;4.7.7&#8243; _module_preset=&#8220;default&#8220;][et_pb_column type=&#8220;3_5&#8243; _builder_version=&#8220;4.7.7&#8243; _module_preset=&#8220;default&#8220;][et_pb_text _builder_version=&#8220;4.7.7&#8243; _module_preset=&#8220;default&#8220; text_font=&#8220;||||||||&#8220; text_text_color=&#8220;#000000&#8243; text_font_size=&#8220;16px&#8220; text_line_height=&#8220;1.9em&#8220; header_font=&#8220;||||||||&#8220; header_4_font=&#8220;|700|||||||&#8220; header_4_font_size=&#8220;16px&#8220; header_4_line_height=&#8220;1.9em&#8220; custom_padding=&#8220;||||false|false&#8220; animation_style=&#8220;zoom&#8220; animation_intensity_zoom=&#8220;6%&#8220;]<\/p>\n<p><strong>Alle Links oder angeh\u00e4ngten Dokumente in Beedle k\u00f6nnen mit den Sch\u00fclern\/innen geteilt und zu einem gemeinsamen Kalender hinzugef\u00fcgt werden,<\/strong>wobei klar ersichtlich ist, welche Ressourcen geteilt werden &#8211; ohne Risiko, dass die Sch\u00fcler\/innen geteilte Ressourcen aus dem Plan l\u00f6schen k\u00f6nnten. So k\u00f6nnen leicht Informationen, die mit einer Lerneinheit verbunden sind, wie z. B. Lernziele, Lerninhalte, Arbeitsvorbereitungen und wichtige Termine, geteilt werden.<\/p>\n<p>Die hilfreiche Option, Feedback einzutragen und mit einzelnen Sch\u00fclern\/innen zu teilen oder Kommentare mit Lehrer\/innen des\/derselben Sch\u00fcler\/in der Schule zu teilen, ist ebenfalls gegeben. Die Kommentare k\u00f6nnen mit Rubriken versehen, systematisch durchsucht und f\u00fcr eine sp\u00e4tere Verwendung oder zur Berichterstellung zusammengestellt werden.<\/p>\n<p>Dar\u00fcber hinaus k\u00f6nnen Microsoft Team Aufgaben in Beedle verwaltet werden.<\/p>\n<p>[\/et_pb_text][\/et_pb_column][et_pb_column type=&#8220;2_5&#8243; _builder_version=&#8220;4.7.7&#8243; _module_preset=&#8220;default&#8220;][et_pb_image src=&#8220;https:\/\/beedle.co\/wp-content\/uploads\/2021\/06\/shutterstock_1721326255-scaled.jpg&#8220; title_text=&#8220;Multiracial,Workers,With,Female,Leader,,Coach,Giving,High,Five,At&#8220; _builder_version=&#8220;4.7.7&#8243; _module_preset=&#8220;default&#8220;][\/et_pb_image][\/et_pb_column][\/et_pb_row][\/et_pb_section][et_pb_section fb_built=&#8220;1&#8243; _builder_version=&#8220;4.7.7&#8243; _module_preset=&#8220;default&#8220; background_color=&#8220;#ffffff&#8220; custom_padding=&#8220;0px|||||&#8220;][et_pb_row column_structure=&#8220;1_2,1_2&#8243; _builder_version=&#8220;4.7.7&#8243; _module_preset=&#8220;default&#8220; background_enable_image=&#8220;off&#8220; min_height=&#8220;343px&#8220; custom_margin=&#8220;-12px|auto|1px|auto||&#8220; custom_padding=&#8220;0px||0px|||&#8220;][et_pb_column type=&#8220;1_2&#8243; _builder_version=&#8220;4.7.7&#8243; _module_preset=&#8220;default&#8220;][et_pb_text _builder_version=&#8220;4.7.7&#8243; _module_preset=&#8220;default&#8220; header_font=&#8220;|700|||||||&#8220; header_font_size=&#8220;28px&#8220; header_line_height=&#8220;1.5em&#8220; custom_margin=&#8220;50px|||||&#8220; custom_padding=&#8220;||||false|false&#8220; header_font_size_tablet=&#8220;24px&#8220; header_font_size_phone=&#8220;&#8220; header_font_size_last_edited=&#8220;on|phone&#8220;]<\/p>\n<h1>Vertrauen von Schulen in 87 L\u00e4ndern<br \/> Holen Sie sich Beedle in Microsoft Teams Today.<\/h1>\n<p>[\/et_pb_text][et_pb_text _builder_version=&#8220;4.7.7&#8243; _module_preset=&#8220;default&#8220; text_font=&#8220;Mark FF Pro|600|||||||&#8220; text_text_color=&#8220;#ffffff&#8220; text_font_size=&#8220;16px&#8220; background_color=&#8220;#00d3a3&#8243; width=&#8220;200px&#8220; width_tablet=&#8220;&#8220; width_phone=&#8220;&#8220; width_last_edited=&#8220;on|phone&#8220; custom_margin=&#8220;|10px|||false|false&#8220; custom_padding=&#8220;||||false|false&#8220; link_option_url=&#8220;https:\/\/beedle.co\/de\/beginnen\/&#8220; custom_css_main_element=&#8220;display: inline-block; float: left;&#8220; border_width_all=&#8220;2px&#8220; border_color_all=&#8220;#00d3a3&#8243; locked=&#8220;off&#8220; background_color__hover=&#8220;#ffffff&#8220; background_enable_color__hover=&#8220;on&#8220; text_text_color__hover_enabled=&#8220;on|hover&#8220; text_text_color__hover=&#8220;#00d3a3&#8243; border_width_all__hover_enabled=&#8220;on|desktop&#8220; background__hover_enabled=&#8220;on|desktop&#8220;]<\/p>\n<p style=\"text-align: center;\">Get Beedle<br \/>  in Microsoft Teams<\/p>\n<p>[\/et_pb_text][et_pb_text _builder_version=&#8220;4.7.7&#8243; _module_preset=&#8220;default&#8220; text_font=&#8220;Mark FF Pro|600|||||||&#8220; text_text_color=&#8220;#ffffff&#8220; text_font_size=&#8220;16px&#8220; background_color=&#8220;#00d3a3&#8243; width=&#8220;200px&#8220; width_tablet=&#8220;&#8220; width_phone=&#8220;&#8220; width_last_edited=&#8220;on|phone&#8220; custom_margin=&#8220;|10px|||false|false&#8220; custom_padding=&#8220;||||false|false&#8220; link_option_url=&#8220;mailto:support@beedle.co?subject=Anfrage f\u00fcr Live Demo &#8211; Teachers&#038;body=Hi! Ich m\u00f6chte um eine Live-Demonstration von Beedle bitten.&#8220; custom_css_main_element=&#8220;display: inline-block; float: left;&#8220; border_width_all=&#8220;2px&#8220; border_color_all=&#8220;#00d3a3&#8243; locked=&#8220;off&#8220; background_color__hover=&#8220;#ffffff&#8220; background_enable_color__hover=&#8220;on&#8220; text_text_color__hover_enabled=&#8220;on|hover&#8220; text_text_color__hover=&#8220;#00d3a3&#8243; border_width_all__hover_enabled=&#8220;on|desktop&#8220; background__hover_enabled=&#8220;on|desktop&#8220;]<\/p>\n<p style=\"text-align: center;\">Fordern Sie eine<br \/>  Live-Demo<\/p>\n<p>[\/et_pb_text][\/et_pb_column][et_pb_column type=&#8220;1_2&#8243; _builder_version=&#8220;4.7.7&#8243; _module_preset=&#8220;default&#8220;][et_pb_image src=&#8220;https:\/\/beedle.co\/wp-content\/uploads\/2021\/06\/Beedle-illustrations_teams_2-1-e1624449572996.png&#8220; title_text=&#8220;Beedle-illustrations_teams_2 1&#8243; _builder_version=&#8220;4.7.7&#8243; _module_preset=&#8220;default&#8220; width_tablet=&#8220;&#8220; width_phone=&#8220;&#8220; width_last_edited=&#8220;on|phone&#8220; module_alignment=&#8220;center&#8220; custom_margin=&#8220;0px|113px|||false|false&#8220; custom_padding=&#8220;8px|||0px|false|false&#8220; module_alignment_tablet=&#8220;&#8220; module_alignment_phone=&#8220;center&#8220; module_alignment_last_edited=&#8220;on|desktop&#8220;][\/et_pb_image][\/et_pb_column][\/et_pb_row][\/et_pb_section][et_pb_section fb_built=&#8220;1&#8243; _builder_version=&#8220;4.7.7&#8243; _module_preset=&#8220;default&#8220; background_color=&#8220;#262942&#8243; custom_padding=&#8220;||153px|||&#8220; saved_tabs=&#8220;all&#8220;][et_pb_row column_structure=&#8220;1_4,1_4,1_4,1_4&#8243; _builder_version=&#8220;4.7.7&#8243; _module_preset=&#8220;default&#8220; max_width=&#8220;1920px&#8220;][et_pb_column type=&#8220;1_4&#8243; _builder_version=&#8220;4.7.7&#8243; _module_preset=&#8220;default&#8220;][et_pb_text _builder_version=&#8220;4.7.7&#8243; _module_preset=&#8220;default&#8220;]<\/p>\n<h3><span style=\"color: #ffffff;\">Produkt<\/span><\/h3>\n<p><span style=\"color: #ffffff;\"><a href=\"\/solution\" style=\"color: #ffffff;\">L\u00f6sung<\/a><\/span><br \/><span style=\"color: #ffffff;\"><a href=\"\/teachers\" style=\"color: #ffffff;\"> Lehrerinnen und Lehrer<\/a><\/span><br \/><span style=\"color: #ffffff;\"><a href=\"\/guardians\" style=\"color: #ffffff;\">  W\u00e4chter<\/a><\/span><br \/><span style=\"color: #ffffff;\"><a href=\"\/get-started\" style=\"color: #ffffff;\">  Get Beedle<\/a><\/span><br \/><span style=\"color: #ffffff;\"><a href=\"mailto:support@beedle.co\" style=\"color: #ffffff;\">  Unterst\u00fctzung<\/a><\/span><\/p>\n<p>[\/et_pb_text][\/et_pb_column][et_pb_column type=&#8220;1_4&#8243; _builder_version=&#8220;4.7.7&#8243; _module_preset=&#8220;default&#8220;][et_pb_text _builder_version=&#8220;4.7.7&#8243; _module_preset=&#8220;default&#8220; custom_margin=&#8220;||-2px|||&#8220;]<\/p>\n<h3><span style=\"color: #ffffff;\">Social Media<\/span><\/h3>\n<p><span style=\"color: #ffffff;\"> <\/span><\/p>\n<p>[\/et_pb_text][et_pb_social_media_follow _builder_version=&#8220;3.29.3&#8243; text_orientation=&#8220;left&#8220; locked=&#8220;off&#8220;][et_pb_social_media_follow_network social_network=&#8220;linkedin&#8220; url=&#8220;https:\/\/www.linkedin.com\/company\/beedle-co\/&#8220; _builder_version=&#8220;3.29.3&#8243; background_color=&#8220;#007bb6&#8243; follow_button=&#8220;off&#8220; url_new_window=&#8220;on&#8220;]linkedin[\/et_pb_social_media_follow_network][et_pb_social_media_follow_network social_network=&#8220;twitter&#8220; url=&#8220;https:\/\/twitter.com\/Beedle_co&#8220; _builder_version=&#8220;3.29.3&#8243; background_color=&#8220;#00aced&#8220; follow_button=&#8220;off&#8220; url_new_window=&#8220;on&#8220;]twitter[\/et_pb_social_media_follow_network][et_pb_social_media_follow_network social_network=&#8220;facebook&#8220; url=&#8220;https:\/\/www.facebook.com\/beedle.co&#8220; _builder_version=&#8220;3.29.3&#8243; background_color=&#8220;#3b5998&#8243; follow_button=&#8220;off&#8220; url_new_window=&#8220;on&#8220;]facebook[\/et_pb_social_media_follow_network][\/et_pb_social_media_follow][\/et_pb_column][et_pb_column type=&#8220;1_4&#8243; _builder_version=&#8220;4.7.7&#8243; _module_preset=&#8220;default&#8220;][et_pb_text _builder_version=&#8220;4.7.7&#8243; _module_preset=&#8220;default&#8220;]<\/p>\n<h3><span style=\"color: #ffffff;\">Unternehmen<\/span><\/h3>\n<p><span style=\"color: #ffffff;\"><a href=\"https:\/\/beedle.co\/de\/ueber-uns\/\" style=\"color: #ffffff;\">\u00dcber uns<\/a><br \/> <a href=\"https:\/\/beedle.co\/de\/nutzungsbedingungen\/\" style=\"color: #ffffff;\">Nutzungsbedingungen<\/a><\/span><br \/> <span style=\"color: #ffffff;\"><a href=\"https:\/\/beedle.co\/de\/datenschutz\/\" style=\"color: #ffffff;\"> Datenschutz<\/a><\/span><br \/> <span style=\"color: #ffffff;\"><a href=\"https:\/\/beedle.co\/data-processing-agreement\/\" style=\"color: #ffffff;\">  Datenverarbeitungsvertrag<\/a><\/span><br \/> <span style=\"color: #ffffff;\"><a href=\"mailto:support@beedle.co?subject=Request%20from%20press&amp;body=Please%20write%20your%20press%20request%20here%20below.\" style=\"color: #ffffff;\">  Presse<\/a><\/span><\/p>\n<p>[\/et_pb_text][\/et_pb_column][et_pb_column type=&#8220;1_4&#8243; _builder_version=&#8220;4.7.7&#8243; _module_preset=&#8220;default&#8220;][et_pb_image src=&#8220;https:\/\/beedle.co\/wp-content\/uploads\/2021\/06\/MS_badge_white-removebg-preview.png&#8220; title_text=&#8220;MS_badge_white-removebg-vorschau&#8220; _builder_version=&#8220;4.7.7&#8243; _module_preset=&#8220;default&#8220;][\/et_pb_image][\/et_pb_column][\/et_pb_row][\/et_pb_section]<\/p>\n","protected":false},"excerpt":{"rendered":"<p>Leistungsstarke neue Funktionalit\u00e4ten f\u00fcr den Unterricht in Microsoft TeamsPlanenBeedle bietet den idealen Rahmen f\u00fcr die Planung und Sequenzierung von Lerneinheiten. Durch die hierarchische Struktur k\u00f6nnen Unterrichtspl\u00e4ne flexibel auf unterschiedliche Art gespeichert, referenziert und chronologisch oder als Unterrichtsplan gruppiert werden. Jeder Plan ist ein digitaler Aufbewahrungsort, der frei betitelt werden und Text, Anh\u00e4nge, Links, Lernziele und [&hellip;]<\/p>\n","protected":false},"author":8,"featured_media":0,"parent":0,"menu_order":0,"comment_status":"closed","ping_status":"closed","template":"","meta":{"_acf_changed":false,"_et_pb_use_builder":"on","_et_pb_old_content":"","_et_gb_content_width":"","content-type":"","footnotes":""},"acf":[],"yoast_head":"<!-- This site is optimized with the Yoast SEO plugin v23.0 - https:\/\/yoast.com\/wordpress\/plugins\/seo\/ -->\n<title>Lehrerinnen und Lehrer | Beedle<\/title>\n<meta name=\"description\" content=\"Beedle is a tool for teachers using Microsoft Teams. Supercharge your Microsoft Teams with all of the unique possibilities Beedle provides.\" \/>\n<meta name=\"robots\" content=\"index, follow, max-snippet:-1, max-image-preview:large, max-video-preview:-1\" \/>\n<link rel=\"canonical\" href=\"https:\/\/beedle.co\/de\/lehrerinnen-und-lehrer\/\" \/>\n<meta property=\"og:locale\" content=\"de_DE\" \/>\n<meta property=\"og:type\" content=\"article\" \/>\n<meta property=\"og:title\" content=\"Lehrerinnen und Lehrer | Beedle\" \/>\n<meta property=\"og:description\" content=\"Beedle is a tool for teachers using Microsoft Teams. Supercharge your Microsoft Teams with all of the unique possibilities Beedle provides.\" \/>\n<meta property=\"og:url\" content=\"https:\/\/beedle.co\/de\/lehrerinnen-und-lehrer\/\" \/>\n<meta property=\"og:site_name\" content=\"Beedle\" \/>\n<meta property=\"article:publisher\" content=\"https:\/\/www.facebook.com\/beedle.co\" \/>\n<meta property=\"article:modified_time\" content=\"2021-09-06T08:35:18+00:00\" \/>\n<meta name=\"twitter:card\" content=\"summary_large_image\" \/>\n<meta name=\"twitter:site\" content=\"@Beedle_co\" \/>\n<meta name=\"twitter:label1\" content=\"Gesch\u00e4tzte Lesezeit\" \/>\n\t<meta name=\"twitter:data1\" content=\"9\u00a0Minuten\" \/>\n<script type=\"application\/ld+json\" class=\"yoast-schema-graph\">{\"@context\":\"https:\/\/schema.org\",\"@graph\":[{\"@type\":\"WebPage\",\"@id\":\"https:\/\/beedle.co\/de\/lehrerinnen-und-lehrer\/\",\"url\":\"https:\/\/beedle.co\/de\/lehrerinnen-und-lehrer\/\",\"name\":\"Lehrerinnen und Lehrer | Beedle\",\"isPartOf\":{\"@id\":\"https:\/\/beedle.co\/#website\"},\"datePublished\":\"2021-06-15T14:09:47+00:00\",\"dateModified\":\"2021-09-06T08:35:18+00:00\",\"description\":\"Beedle is a tool for teachers using Microsoft Teams. Supercharge your Microsoft Teams with all of the unique possibilities Beedle provides.\",\"breadcrumb\":{\"@id\":\"https:\/\/beedle.co\/de\/lehrerinnen-und-lehrer\/#breadcrumb\"},\"inLanguage\":\"de\",\"potentialAction\":[{\"@type\":\"ReadAction\",\"target\":[\"https:\/\/beedle.co\/de\/lehrerinnen-und-lehrer\/\"]}]},{\"@type\":\"BreadcrumbList\",\"@id\":\"https:\/\/beedle.co\/de\/lehrerinnen-und-lehrer\/#breadcrumb\",\"itemListElement\":[{\"@type\":\"ListItem\",\"position\":1,\"name\":\"Home\",\"item\":\"https:\/\/beedle.co\/de\/\"},{\"@type\":\"ListItem\",\"position\":2,\"name\":\"Lehrerinnen und Lehrer\"}]},{\"@type\":\"WebSite\",\"@id\":\"https:\/\/beedle.co\/#website\",\"url\":\"https:\/\/beedle.co\/\",\"name\":\"Beedle\",\"description\":\"Tools for Teachers in Microsoft Teams.\",\"publisher\":{\"@id\":\"https:\/\/beedle.co\/#organization\"},\"potentialAction\":[{\"@type\":\"SearchAction\",\"target\":{\"@type\":\"EntryPoint\",\"urlTemplate\":\"https:\/\/beedle.co\/?s={search_term_string}\"},\"query-input\":\"required name=search_term_string\"}],\"inLanguage\":\"de\"},{\"@type\":\"Organization\",\"@id\":\"https:\/\/beedle.co\/#organization\",\"name\":\"Beedle\",\"url\":\"https:\/\/beedle.co\/\",\"logo\":{\"@type\":\"ImageObject\",\"inLanguage\":\"de\",\"@id\":\"https:\/\/beedle.co\/#\/schema\/logo\/image\/\",\"url\":\"https:\/\/staging.beedle.co\/wp-content\/uploads\/2019\/10\/Beedle-Logo-Green@4x.png\",\"contentUrl\":\"https:\/\/staging.beedle.co\/wp-content\/uploads\/2019\/10\/Beedle-Logo-Green@4x.png\",\"width\":373,\"height\":396,\"caption\":\"Beedle\"},\"image\":{\"@id\":\"https:\/\/beedle.co\/#\/schema\/logo\/image\/\"},\"sameAs\":[\"https:\/\/www.facebook.com\/beedle.co\",\"https:\/\/x.com\/Beedle_co\",\"https:\/\/www.linkedin.com\/company\/beedle-co\/\",\"https:\/\/www.youtube.com\/channel\/UC_ENnS8BLCo3cGPVPSclfpQ\"]}]}<\/script>\n<!-- \/ Yoast SEO plugin. -->","yoast_head_json":{"title":"Lehrerinnen und Lehrer | Beedle","description":"Beedle is a tool for teachers using Microsoft Teams. Supercharge your Microsoft Teams with all of the unique possibilities Beedle provides.","robots":{"index":"index","follow":"follow","max-snippet":"max-snippet:-1","max-image-preview":"max-image-preview:large","max-video-preview":"max-video-preview:-1"},"canonical":"https:\/\/beedle.co\/de\/lehrerinnen-und-lehrer\/","og_locale":"de_DE","og_type":"article","og_title":"Lehrerinnen und Lehrer | Beedle","og_description":"Beedle is a tool for teachers using Microsoft Teams. Supercharge your Microsoft Teams with all of the unique possibilities Beedle provides.","og_url":"https:\/\/beedle.co\/de\/lehrerinnen-und-lehrer\/","og_site_name":"Beedle","article_publisher":"https:\/\/www.facebook.com\/beedle.co","article_modified_time":"2021-09-06T08:35:18+00:00","twitter_card":"summary_large_image","twitter_site":"@Beedle_co","twitter_misc":{"Gesch\u00e4tzte Lesezeit":"9\u00a0Minuten"},"schema":{"@context":"https:\/\/schema.org","@graph":[{"@type":"WebPage","@id":"https:\/\/beedle.co\/de\/lehrerinnen-und-lehrer\/","url":"https:\/\/beedle.co\/de\/lehrerinnen-und-lehrer\/","name":"Lehrerinnen und Lehrer | Beedle","isPartOf":{"@id":"https:\/\/beedle.co\/#website"},"datePublished":"2021-06-15T14:09:47+00:00","dateModified":"2021-09-06T08:35:18+00:00","description":"Beedle is a tool for teachers using Microsoft Teams. Supercharge your Microsoft Teams with all of the unique possibilities Beedle provides.","breadcrumb":{"@id":"https:\/\/beedle.co\/de\/lehrerinnen-und-lehrer\/#breadcrumb"},"inLanguage":"de","potentialAction":[{"@type":"ReadAction","target":["https:\/\/beedle.co\/de\/lehrerinnen-und-lehrer\/"]}]},{"@type":"BreadcrumbList","@id":"https:\/\/beedle.co\/de\/lehrerinnen-und-lehrer\/#breadcrumb","itemListElement":[{"@type":"ListItem","position":1,"name":"Home","item":"https:\/\/beedle.co\/de\/"},{"@type":"ListItem","position":2,"name":"Lehrerinnen und Lehrer"}]},{"@type":"WebSite","@id":"https:\/\/beedle.co\/#website","url":"https:\/\/beedle.co\/","name":"Beedle","description":"Tools for Teachers in Microsoft Teams.","publisher":{"@id":"https:\/\/beedle.co\/#organization"},"potentialAction":[{"@type":"SearchAction","target":{"@type":"EntryPoint","urlTemplate":"https:\/\/beedle.co\/?s={search_term_string}"},"query-input":"required name=search_term_string"}],"inLanguage":"de"},{"@type":"Organization","@id":"https:\/\/beedle.co\/#organization","name":"Beedle","url":"https:\/\/beedle.co\/","logo":{"@type":"ImageObject","inLanguage":"de","@id":"https:\/\/beedle.co\/#\/schema\/logo\/image\/","url":"https:\/\/staging.beedle.co\/wp-content\/uploads\/2019\/10\/Beedle-Logo-Green@4x.png","contentUrl":"https:\/\/staging.beedle.co\/wp-content\/uploads\/2019\/10\/Beedle-Logo-Green@4x.png","width":373,"height":396,"caption":"Beedle"},"image":{"@id":"https:\/\/beedle.co\/#\/schema\/logo\/image\/"},"sameAs":["https:\/\/www.facebook.com\/beedle.co","https:\/\/x.com\/Beedle_co","https:\/\/www.linkedin.com\/company\/beedle-co\/","https:\/\/www.youtube.com\/channel\/UC_ENnS8BLCo3cGPVPSclfpQ"]}]}},"_links":{"self":[{"href":"https:\/\/beedle.co\/de\/wp-json\/wp\/v2\/pages\/8062"}],"collection":[{"href":"https:\/\/beedle.co\/de\/wp-json\/wp\/v2\/pages"}],"about":[{"href":"https:\/\/beedle.co\/de\/wp-json\/wp\/v2\/types\/page"}],"author":[{"embeddable":true,"href":"https:\/\/beedle.co\/de\/wp-json\/wp\/v2\/users\/8"}],"replies":[{"embeddable":true,"href":"https:\/\/beedle.co\/de\/wp-json\/wp\/v2\/comments?post=8062"}],"version-history":[{"count":0,"href":"https:\/\/beedle.co\/de\/wp-json\/wp\/v2\/pages\/8062\/revisions"}],"wp:attachment":[{"href":"https:\/\/beedle.co\/de\/wp-json\/wp\/v2\/media?parent=8062"}],"curies":[{"name":"wp","href":"https:\/\/api.w.org\/{rel}","templated":true}]}}