{"id":5863,"date":"2021-03-12T10:27:51","date_gmt":"2021-03-12T10:27:51","guid":{"rendered":"https:\/\/beedle.co\/willkommen\/"},"modified":"2021-03-26T08:17:04","modified_gmt":"2021-03-26T08:17:04","slug":"welcome","status":"publish","type":"page","link":"https:\/\/beedle.co\/de\/welcome\/","title":{"rendered":"Welcome"},"content":{"rendered":"\n[et_pb_section fb_built=&#8220;1&#8243; _builder_version=&#8220;3.29.3&#8243; background_color=&#8220;#202542&#8243; min_height=&#8220;120px&#8220;][et_pb_row _builder_version=&#8220;3.29.3&#8243;][et_pb_column type=&#8220;4_4&#8243; _builder_version=&#8220;3.29.3&#8243;][et_pb_text _builder_version=&#8220;4.5.3&#8243; text_font=&#8220;||||||||&#8220; header_font=&#8220;Open Sans|600|||||||&#8220; header_text_align=&#8220;center&#8220; header_text_color=&#8220;#ffffff&#8220; header_font_size=&#8220;48px&#8220;]<h1 style=\"text-align: center\">Willkommen bei Beedle!<\/h1>[\/et_pb_text][\/et_pb_column][\/et_pb_row][\/et_pb_section][et_pb_section fb_built=&#8220;1&#8243; _builder_version=&#8220;3.29.3&#8243; custom_margin=&#8220;34px|||||&#8220; custom_padding=&#8220;0px|||||&#8220;][et_pb_row _builder_version=&#8220;3.29.3&#8243; custom_margin=&#8220;|||||false&#8220; custom_padding=&#8220;|||||false&#8220; custom_css_main_element=&#8220;display:flex;||flex-direction: column;||justify-content: center;||&#8220;][et_pb_column type=&#8220;4_4&#8243; _builder_version=&#8220;3.29.3&#8243;][et_pb_image src=&#8220;https:\/\/beedle.co\/wp-content\/uploads\/2021\/03\/Beedle-illustrations_teams_2.png&#8220; alt=&#8220;Beedle-Erfolg&#8220; title_text=&#8220;Beedle-illustrations_teams_2&#8243; align=&#8220;center&#8220; _builder_version=&#8220;4.7.7&#8243; _module_preset=&#8220;default&#8220; width=&#8220;35%&#8220; width_tablet=&#8220;&#8220; width_phone=&#8220;50%&#8220; width_last_edited=&#8220;on|phone&#8220; max_width=&#8220;100%&#8220; custom_margin=&#8220;auto||auto||false|false&#8220; custom_padding=&#8220;||||false|false&#8220;][\/et_pb_image][et_pb_text _builder_version=&#8220;4.7.7&#8243; text_font=&#8220;Open Sans|700|||||||&#8220; text_font_size=&#8220;22px&#8220; text_orientation=&#8220;center&#8220;]<p>Es ist toll, Sie an Bord zu haben.<\/p>[\/et_pb_text][et_pb_text _builder_version=&#8220;4.7.7&#8243; text_text_color=&#8220;#929295&#8243; text_font_size=&#8220;15px&#8220; text_orientation=&#8220;center&#8220; max_width=&#8220;44%&#8220; max_width_tablet=&#8220;81%&#8220; max_width_phone=&#8220;100%&#8220; max_width_last_edited=&#8220;on|desktop&#8220; module_alignment=&#8220;center&#8220;]<p>Hilfe zu den ersten Informationen finden Sie in unseren Modul-Tutorials im <a href=\"https:\/\/beedle.co\/beedle-training-center\/\">Beedle Training Center<\/a>oder in unseren <a href=\"https:\/\/education.microsoft.com\/en-us\/course\/d5b9d94a\/overview\">Microsoft Educator Centre-Kursen<\/a>.<\/p>\n<p>Wussten Sie schon, dass Beedle sechs Module innerhalb von Microsoft Teams f\u00fcr Lehrkr\u00e4fte und eine App f\u00fcr Eltern und Erziehungsberechtigte anbietet?<br> <a href=\"\/#eduspace\">Hier erfahren Sie mehr dazu.<\/a><\/p>\n<p>Wir erg\u00e4nzen Beedle st\u00e4ndig mit neuen Funktionen. Bleiben Sie daher mit unserem Newsletter und Updates auf dem Laufenden.<\/p>\n<p>F\u00fcr unsere Unterst\u00fctzung oder Ihr Feedback, kontaktieren Sie uns bitte \u00fcber <a href=\"mailto:support@beedle.co\">support@beedle.co <br><\/a> <br> Viele Gr\u00fc\u00dfe<br> Ihr Beedle Team<\/p>[\/et_pb_text][et_pb_text admin_label=&#8220;Text&#8220; _builder_version=&#8220;4.5.3&#8243; text_font=&#8220;|600|||||||&#8220; text_text_color=&#8220;#00d3a3&#8243; text_font_size=&#8220;16px&#8220; text_orientation=&#8220;center&#8220; link_option_url=&#8220;https:\/\/beedle.co\/?lang=de&#8220;]<p>Zur Homepage<\/p>[\/et_pb_text][\/et_pb_column][\/et_pb_row][\/et_pb_section]\n","protected":false},"excerpt":{"rendered":"<p>Willkommen bei Beedle!Es ist toll, Sie an Bord zu haben.Hilfe zu den ersten Informationen finden Sie in unseren Modul-Tutorials im Beedle Training Centeroder in unseren Microsoft Educator Centre-Kursen. Wussten Sie schon, dass Beedle sechs Module innerhalb von Microsoft Teams f\u00fcr Lehrkr\u00e4fte und eine App f\u00fcr Eltern und Erziehungsberechtigte anbietet? Hier erfahren Sie mehr dazu. Wir [&hellip;]<\/p>\n","protected":false},"author":8,"featured_media":0,"parent":0,"menu_order":0,"comment_status":"closed","ping_status":"closed","template":"","meta":{"_acf_changed":false,"_et_pb_use_builder":"on","_et_pb_old_content":"","_et_gb_content_width":"","content-type":"","footnotes":""},"acf":[],"yoast_head":"<!-- This site is optimized with the Yoast SEO plugin v23.0 - https:\/\/yoast.com\/wordpress\/plugins\/seo\/ -->\n<title>Welcome | Beedle<\/title>\n<meta name=\"description\" content=\"Beedle is a tool for teachers using Microsoft Teams. Supercharge your Microsoft Teams with all of the unique possibilities Beedle provides.\" \/>\n<meta name=\"robots\" content=\"index, follow, max-snippet:-1, max-image-preview:large, max-video-preview:-1\" \/>\n<link rel=\"canonical\" href=\"https:\/\/beedle.co\/de\/welcome\/\" \/>\n<meta property=\"og:locale\" content=\"de_DE\" \/>\n<meta property=\"og:type\" content=\"article\" \/>\n<meta property=\"og:title\" content=\"Welcome | Beedle\" \/>\n<meta property=\"og:description\" content=\"Beedle is a tool for teachers using Microsoft Teams. Supercharge your Microsoft Teams with all of the unique possibilities Beedle provides.\" \/>\n<meta property=\"og:url\" content=\"https:\/\/beedle.co\/de\/welcome\/\" \/>\n<meta property=\"og:site_name\" content=\"Beedle\" \/>\n<meta property=\"article:publisher\" content=\"https:\/\/www.facebook.com\/beedle.co\" \/>\n<meta property=\"article:modified_time\" content=\"2021-03-26T08:17:04+00:00\" \/>\n<meta name=\"twitter:card\" content=\"summary_large_image\" \/>\n<meta name=\"twitter:site\" content=\"@Beedle_co\" \/>\n<meta name=\"twitter:label1\" content=\"Gesch\u00e4tzte Lesezeit\" \/>\n\t<meta name=\"twitter:data1\" content=\"1\u00a0Minute\" \/>\n<script type=\"application\/ld+json\" class=\"yoast-schema-graph\">{\"@context\":\"https:\/\/schema.org\",\"@graph\":[{\"@type\":\"WebPage\",\"@id\":\"https:\/\/beedle.co\/de\/welcome\/\",\"url\":\"https:\/\/beedle.co\/de\/welcome\/\",\"name\":\"Welcome | Beedle\",\"isPartOf\":{\"@id\":\"https:\/\/beedle.co\/#website\"},\"datePublished\":\"2021-03-12T10:27:51+00:00\",\"dateModified\":\"2021-03-26T08:17:04+00:00\",\"description\":\"Beedle is a tool for teachers using Microsoft Teams. Supercharge your Microsoft Teams with all of the unique possibilities Beedle provides.\",\"breadcrumb\":{\"@id\":\"https:\/\/beedle.co\/de\/welcome\/#breadcrumb\"},\"inLanguage\":\"de\",\"potentialAction\":[{\"@type\":\"ReadAction\",\"target\":[\"https:\/\/beedle.co\/de\/welcome\/\"]}]},{\"@type\":\"BreadcrumbList\",\"@id\":\"https:\/\/beedle.co\/de\/welcome\/#breadcrumb\",\"itemListElement\":[{\"@type\":\"ListItem\",\"position\":1,\"name\":\"Home\",\"item\":\"https:\/\/beedle.co\/de\/\"},{\"@type\":\"ListItem\",\"position\":2,\"name\":\"Welcome\"}]},{\"@type\":\"WebSite\",\"@id\":\"https:\/\/beedle.co\/#website\",\"url\":\"https:\/\/beedle.co\/\",\"name\":\"Beedle\",\"description\":\"Tools for Teachers in Microsoft Teams.\",\"publisher\":{\"@id\":\"https:\/\/beedle.co\/#organization\"},\"potentialAction\":[{\"@type\":\"SearchAction\",\"target\":{\"@type\":\"EntryPoint\",\"urlTemplate\":\"https:\/\/beedle.co\/?s={search_term_string}\"},\"query-input\":\"required name=search_term_string\"}],\"inLanguage\":\"de\"},{\"@type\":\"Organization\",\"@id\":\"https:\/\/beedle.co\/#organization\",\"name\":\"Beedle\",\"url\":\"https:\/\/beedle.co\/\",\"logo\":{\"@type\":\"ImageObject\",\"inLanguage\":\"de\",\"@id\":\"https:\/\/beedle.co\/#\/schema\/logo\/image\/\",\"url\":\"https:\/\/staging.beedle.co\/wp-content\/uploads\/2019\/10\/Beedle-Logo-Green@4x.png\",\"contentUrl\":\"https:\/\/staging.beedle.co\/wp-content\/uploads\/2019\/10\/Beedle-Logo-Green@4x.png\",\"width\":373,\"height\":396,\"caption\":\"Beedle\"},\"image\":{\"@id\":\"https:\/\/beedle.co\/#\/schema\/logo\/image\/\"},\"sameAs\":[\"https:\/\/www.facebook.com\/beedle.co\",\"https:\/\/x.com\/Beedle_co\",\"https:\/\/www.linkedin.com\/company\/beedle-co\/\",\"https:\/\/www.youtube.com\/channel\/UC_ENnS8BLCo3cGPVPSclfpQ\"]}]}<\/script>\n<!-- \/ Yoast SEO plugin. -->","yoast_head_json":{"title":"Welcome | Beedle","description":"Beedle is a tool for teachers using Microsoft Teams. Supercharge your Microsoft Teams with all of the unique possibilities Beedle provides.","robots":{"index":"index","follow":"follow","max-snippet":"max-snippet:-1","max-image-preview":"max-image-preview:large","max-video-preview":"max-video-preview:-1"},"canonical":"https:\/\/beedle.co\/de\/welcome\/","og_locale":"de_DE","og_type":"article","og_title":"Welcome | Beedle","og_description":"Beedle is a tool for teachers using Microsoft Teams. Supercharge your Microsoft Teams with all of the unique possibilities Beedle provides.","og_url":"https:\/\/beedle.co\/de\/welcome\/","og_site_name":"Beedle","article_publisher":"https:\/\/www.facebook.com\/beedle.co","article_modified_time":"2021-03-26T08:17:04+00:00","twitter_card":"summary_large_image","twitter_site":"@Beedle_co","twitter_misc":{"Gesch\u00e4tzte Lesezeit":"1\u00a0Minute"},"schema":{"@context":"https:\/\/schema.org","@graph":[{"@type":"WebPage","@id":"https:\/\/beedle.co\/de\/welcome\/","url":"https:\/\/beedle.co\/de\/welcome\/","name":"Welcome | Beedle","isPartOf":{"@id":"https:\/\/beedle.co\/#website"},"datePublished":"2021-03-12T10:27:51+00:00","dateModified":"2021-03-26T08:17:04+00:00","description":"Beedle is a tool for teachers using Microsoft Teams. Supercharge your Microsoft Teams with all of the unique possibilities Beedle provides.","breadcrumb":{"@id":"https:\/\/beedle.co\/de\/welcome\/#breadcrumb"},"inLanguage":"de","potentialAction":[{"@type":"ReadAction","target":["https:\/\/beedle.co\/de\/welcome\/"]}]},{"@type":"BreadcrumbList","@id":"https:\/\/beedle.co\/de\/welcome\/#breadcrumb","itemListElement":[{"@type":"ListItem","position":1,"name":"Home","item":"https:\/\/beedle.co\/de\/"},{"@type":"ListItem","position":2,"name":"Welcome"}]},{"@type":"WebSite","@id":"https:\/\/beedle.co\/#website","url":"https:\/\/beedle.co\/","name":"Beedle","description":"Tools for Teachers in Microsoft Teams.","publisher":{"@id":"https:\/\/beedle.co\/#organization"},"potentialAction":[{"@type":"SearchAction","target":{"@type":"EntryPoint","urlTemplate":"https:\/\/beedle.co\/?s={search_term_string}"},"query-input":"required name=search_term_string"}],"inLanguage":"de"},{"@type":"Organization","@id":"https:\/\/beedle.co\/#organization","name":"Beedle","url":"https:\/\/beedle.co\/","logo":{"@type":"ImageObject","inLanguage":"de","@id":"https:\/\/beedle.co\/#\/schema\/logo\/image\/","url":"https:\/\/staging.beedle.co\/wp-content\/uploads\/2019\/10\/Beedle-Logo-Green@4x.png","contentUrl":"https:\/\/staging.beedle.co\/wp-content\/uploads\/2019\/10\/Beedle-Logo-Green@4x.png","width":373,"height":396,"caption":"Beedle"},"image":{"@id":"https:\/\/beedle.co\/#\/schema\/logo\/image\/"},"sameAs":["https:\/\/www.facebook.com\/beedle.co","https:\/\/x.com\/Beedle_co","https:\/\/www.linkedin.com\/company\/beedle-co\/","https:\/\/www.youtube.com\/channel\/UC_ENnS8BLCo3cGPVPSclfpQ"]}]}},"_links":{"self":[{"href":"https:\/\/beedle.co\/de\/wp-json\/wp\/v2\/pages\/5863"}],"collection":[{"href":"https:\/\/beedle.co\/de\/wp-json\/wp\/v2\/pages"}],"about":[{"href":"https:\/\/beedle.co\/de\/wp-json\/wp\/v2\/types\/page"}],"author":[{"embeddable":true,"href":"https:\/\/beedle.co\/de\/wp-json\/wp\/v2\/users\/8"}],"replies":[{"embeddable":true,"href":"https:\/\/beedle.co\/de\/wp-json\/wp\/v2\/comments?post=5863"}],"version-history":[{"count":0,"href":"https:\/\/beedle.co\/de\/wp-json\/wp\/v2\/pages\/5863\/revisions"}],"wp:attachment":[{"href":"https:\/\/beedle.co\/de\/wp-json\/wp\/v2\/media?parent=5863"}],"curies":[{"name":"wp","href":"https:\/\/api.w.org\/{rel}","templated":true}]}}