{"id":10402,"date":"2021-12-11T04:51:08","date_gmt":"2021-12-11T04:51:08","guid":{"rendered":"https:\/\/beedle.co\/ueber-uns-2\/"},"modified":"2024-06-18T17:47:44","modified_gmt":"2024-06-18T17:47:44","slug":"ueber-uns","status":"publish","type":"page","link":"https:\/\/beedle.co\/de\/ueber-uns\/","title":{"rendered":"\u00dcber uns"},"content":{"rendered":"<p>[et_pb_section fb_built=&#8220;1&#8243; custom_padding_last_edited=&#8220;on|phone&#8220; admin_label=&#8220;Hero&#8220; _builder_version=&#8220;4.16&#8243; background_enable_color=&#8220;off&#8220; background_enable_image=&#8220;off&#8220; custom_margin=&#8220;||0px||false|false&#8220; custom_padding=&#8220;0px|0px|0px|0px|false|false&#8220; custom_padding_tablet=&#8220;&#8220; custom_padding_phone=&#8220;20px||20px||false|false&#8220; animation_style=&#8220;zoom&#8220; animation_intensity_zoom=&#8220;4%&#8220; box_shadow_style=&#8220;preset3&#8243; box_shadow_color=&#8220;rgba(0,0,0,0.05)&#8220; locked=&#8220;off&#8220; global_colors_info=&#8220;{}&#8220;][et_pb_row column_structure=&#8220;1_2,1_2&#8243; use_custom_gutter=&#8220;on&#8220; gutter_width=&#8220;1&#8243; make_equal=&#8220;on&#8220; module_class=&#8220; et_pb_row_fullwidth&#8220; _builder_version=&#8220;4.16&#8243; background_color=&#8220;#ffffff&#8220; background_enable_image=&#8220;off&#8220; background_position=&#8220;top_left&#8220; background_repeat=&#8220;repeat&#8220; width=&#8220;100%&#8220; width_tablet=&#8220;100%&#8220; width_phone=&#8220;&#8220; width_last_edited=&#8220;on|desktop&#8220; max_width=&#8220;100%&#8220; max_width_tablet=&#8220;100%&#8220; max_width_phone=&#8220;&#8220; max_width_last_edited=&#8220;on|desktop&#8220; max_height=&#8220;100%&#8220; custom_padding=&#8220;0px||0px|&#8220; animation_style=&#8220;slide&#8220; animation_direction=&#8220;top&#8220; animation_intensity_slide=&#8220;3%&#8220; make_fullwidth=&#8220;on&#8220; global_colors_info=&#8220;{}&#8220;][et_pb_column type=&#8220;1_2&#8243; _builder_version=&#8220;4.16&#8243; background_image=&#8220;https:\/\/beedle.co\/wp-content\/uploads\/2021\/11\/employees-scaled.jpg&#8220; custom_padding=&#8220;200px||200px||false|false&#8220; custom_padding_tablet=&#8220;&#8220; custom_padding_phone=&#8220;&#8220; custom_padding_last_edited=&#8220;on|phone&#8220; global_colors_info=&#8220;{}&#8220; custom_padding__hover=&#8220;|||&#8220;][\/et_pb_column][et_pb_column type=&#8220;1_2&#8243; _builder_version=&#8220;4.16&#8243; custom_padding=&#8220;||||false|false&#8220; custom_padding_tablet=&#8220;&#8220; custom_padding_phone=&#8220;20px||||false|false&#8220; custom_padding_last_edited=&#8220;on|phone&#8220; global_colors_info=&#8220;{}&#8220; custom_padding__hover=&#8220;|||&#8220;][et_pb_text admin_label=&#8220;Title&#8220; _builder_version=&#8220;4.16&#8243; text_font=&#8220;||||||||&#8220; text_font_size=&#8220;18px&#8220; header_font=&#8220;||||||||&#8220; header_text_align=&#8220;left&#8220; header_text_color=&#8220;#00d4a3&#8243; header_2_font=&#8220;|700|||||||&#8220; header_2_text_color=&#8220;#00d4a3&#8243; header_2_font_size=&#8220;36px&#8220; header_2_line_height=&#8220;1.3em&#8220; header_3_text_color=&#8220;#262942&#8243; header_3_font_size=&#8220;24px&#8220; header_3_line_height=&#8220;1.3em&#8220; header_4_font=&#8220;|700|||||||&#8220; header_4_text_color=&#8220;#262942&#8243; header_4_font_size=&#8220;20px&#8220; header_4_line_height=&#8220;1.7em&#8220; background_color=&#8220;#ffffff&#8220; background_size=&#8220;initial&#8220; background_position=&#8220;top_left&#8220; background_repeat=&#8220;repeat&#8220; width=&#8220;100%&#8220; module_alignment=&#8220;center&#8220; height=&#8220;100%&#8220; custom_margin=&#8220;|||&#8220; custom_padding=&#8220;10%|10%|10%|10%&#8220; animation_style=&#8220;slide&#8220; animation_direction=&#8220;bottom&#8220; animation_intensity_slide=&#8220;4%&#8220; animation_starting_opacity=&#8220;100%&#8220; header_text_align_tablet=&#8220;center&#8220; header_text_align_phone=&#8220;&#8220; header_text_align_last_edited=&#8220;on|tablet&#8220; header_2_text_align_tablet=&#8220;center&#8220; header_2_text_align_phone=&#8220;&#8220; header_2_text_align_last_edited=&#8220;on|phone&#8220; locked=&#8220;off&#8220; global_colors_info=&#8220;{}&#8220;]<\/p>\n<h2><span>\u00dcber uns<\/span><\/h2>\n<p><span>Wir sind qualifizierte Lehrer, Entwickler und technische Spezialisten mit 20 Jahren <\/span> <span>Erfahrung im Bildungssektor, die sich f\u00fcr Bildung und Technologie begeistern.<\/span><\/p>\n<p><span>Unser Firmenhauptsitz ist in Reykjav\u00edk auf Island, <\/span> <span>aber unsere Beedle Ansprechpartner finden Sie auchin Gro\u00dfbritannien, Deutschland, den Niederlanden, der Schweiz, Spanien, Schweden und Polen.<\/span><\/p>\n<p>[\/et_pb_text][\/et_pb_column][\/et_pb_row][\/et_pb_section][et_pb_section fb_built=&#8220;1&#8243; admin_label=&#8220;Quote Section&#8220; _builder_version=&#8220;4.16&#8243; background_color=&#8220;#f1f7f9&#8243; custom_margin=&#8220;||||false|false&#8220; global_colors_info=&#8220;{}&#8220;][et_pb_row admin_label=&#8220;Zitieren&#8220; _builder_version=&#8220;4.16&#8243; global_colors_info=&#8220;{}&#8220;][et_pb_column type=&#8220;4_4&#8243; _builder_version=&#8220;4.16&#8243; custom_padding=&#8220;|||&#8220; global_colors_info=&#8220;{}&#8220; custom_padding__hover=&#8220;|||&#8220;][et_pb_text admin_label=&#8220;Quote&#8220; _builder_version=&#8220;4.16&#8243; text_text_color=&#8220;#262942&#8243; text_font_size=&#8220;26px&#8220; header_3_line_height=&#8220;1.3em&#8220; text_orientation=&#8220;center&#8220; module_alignment=&#8220;center&#8220; animation_style=&#8220;fade&#8220; animation_direction=&#8220;top&#8220; global_colors_info=&#8220;{}&#8220;]<\/p>\n<h3><span>M\u00f6chten Sie Teil unseres Teams werden? Wir sind immer auf der Suche nach gro\u00dfartigen Talenten. Bitte besuchen Sie unsere <a href=\"https:\/\/beedle.co\/careers\/\" title=\"Karriere bei Beedle\">Karriereseite,<\/a> um unsere offenen Stellen zu \u00fcberpr\u00fcfen.<\/span><\/h3>\n<p>[\/et_pb_text][\/et_pb_column][\/et_pb_row][\/et_pb_section][et_pb_section fb_built=&#8220;1&#8243; module_class=&#8220;footer-new&#8220; _builder_version=&#8220;4.16&#8243; _module_preset=&#8220;default&#8220; background_color=&#8220;#262942&#8243; custom_padding=&#8220;30px||10px||false|false&#8220; saved_tabs=&#8220;all&#8220; global_colors_info=&#8220;{}&#8220;][et_pb_row column_structure=&#8220;1_4,1_4,1_4,1_4&#8243; make_equal=&#8220;on&#8220; _builder_version=&#8220;4.16&#8243; _module_preset=&#8220;default&#8220; max_width=&#8220;1920px&#8220; custom_padding=&#8220;||0px||false|false&#8220; global_colors_info=&#8220;{}&#8220;][et_pb_column type=&#8220;1_4&#8243; _builder_version=&#8220;4.16&#8243; _module_preset=&#8220;default&#8220; global_colors_info=&#8220;{}&#8220;][et_pb_text module_class=&#8220;footer-navigation&#8220; _builder_version=&#8220;4.16&#8243; _module_preset=&#8220;default&#8220; text_text_color=&#8220;#FFFFFF&#8220; header_text_align=&#8220;center&#8220; header_3_text_align=&#8220;center&#8220; header_3_text_color=&#8220;#FFFFFF&#8220; header_3_font_size=&#8220;20px&#8220; text_orientation=&#8220;center&#8220; custom_margin=&#8220;||||false|false&#8220; header_text_align_tablet=&#8220;&#8220; header_text_align_phone=&#8220;&#8220; header_text_align_last_edited=&#8220;on|desktop&#8220; text_orientation_tablet=&#8220;&#8220; text_orientation_phone=&#8220;&#8220; text_orientation_last_edited=&#8220;on|tablet&#8220; global_colors_info=&#8220;{}&#8220;]<\/p>\n<h3><span style=\"color: #ffffff;\">Produkt<\/span><\/h3>\n<p><span style=\"color: #ffffff;\"><a href=\"https:\/\/beedle.co\/de\/loesungen\/\" style=\"color: #ffffff;\">L\u00f6sung<\/a><\/span><br \/><span style=\"color: #ffffff;\"> <a href=\"https:\/\/beedle.co\/de\/lehrerinnen-und-lehrer\/\" style=\"color: #ffffff;\">Lehrer\/innen<\/a><\/span><br \/><span style=\"color: #ffffff;\"> <a href=\"https:\/\/beedle.co\/de\/schulen\/\" style=\"color: #ffffff;\">Schulen<\/a><\/span><br \/><span style=\"color: #ffffff;\"> <a href=\"https:\/\/beedle.co\/de\/eltern-app\/\" style=\"color: #ffffff;\">App f\u00fcr Eltern<\/a><\/span><br \/><span style=\"color: #ffffff;\"> <a href=\"https:\/\/beedle.co\/de\/beginnen\/\" style=\"color: #ffffff;\">Beedle Installieren<\/a><\/span><\/p>\n<p>[\/et_pb_text][\/et_pb_column][et_pb_column type=&#8220;1_4&#8243; _builder_version=&#8220;4.16&#8243; _module_preset=&#8220;default&#8220; global_colors_info=&#8220;{}&#8220;][et_pb_text module_class=&#8220;footer-navigation&#8220; _builder_version=&#8220;4.16&#8243; _module_preset=&#8220;default&#8220; header_text_align=&#8220;center&#8220; header_3_text_color=&#8220;#FFFFFF&#8220; header_3_font_size=&#8220;20px&#8220; text_orientation=&#8220;center&#8220; header_3_text_align_tablet=&#8220;center&#8220; header_3_text_align_phone=&#8220;center&#8220; header_3_text_align_last_edited=&#8220;on|tablet&#8220; header_3_font_size_tablet=&#8220;20px&#8220; header_3_font_size_phone=&#8220;20px&#8220; header_3_font_size_last_edited=&#8220;on|desktop&#8220; text_orientation_tablet=&#8220;&#8220; text_orientation_phone=&#8220;center&#8220; text_orientation_last_edited=&#8220;on|desktop&#8220; global_colors_info=&#8220;{}&#8220;]<\/p>\n<h3><span style=\"color: #ffffff;\">Unternehmen<\/span><\/h3>\n<p><span style=\"color: #ffffff;\"><a href=\"https:\/\/beedle.co\/de\/ueber-uns\/\" style=\"color: #ffffff;\">\u00dcber uns<\/a><\/span><br \/><span style=\"color: #ffffff;\"><a href=\"https:\/\/beedle.co\/careers\/\" style=\"color: #ffffff;\">Karrieren<\/a><\/span><br \/><span style=\"color: #ffffff;\"><a href=\"https:\/\/beedle.co\/de\/partners\/\" style=\"color: #ffffff;\">Partner<\/a><\/span><br \/><span style=\"color: #ffffff;\"> <a href=\"mailto:support@beedle.co?subject=Request%20from%20press&amp;body=Please%20write%20your%20press%20request%20here%20below.\" style=\"color: #ffffff;\">Presse<\/a><\/span><br \/><span style=\"color: #ffffff;\"> <a href=\"https:\/\/beedle.co\/de\/beruehrung\/\" style=\"color: #ffffff;\">Ber\u00fchrung<\/a><\/span><\/p>\n<p>[\/et_pb_text][\/et_pb_column][et_pb_column type=&#8220;1_4&#8243; _builder_version=&#8220;4.16&#8243; _module_preset=&#8220;default&#8220; global_colors_info=&#8220;{}&#8220;][et_pb_text _builder_version=&#8220;4.16&#8243; _module_preset=&#8220;default&#8220; text_orientation=&#8220;center&#8220; custom_margin=&#8220;||10px||false|false&#8220; custom_padding=&#8220;||0px||false|false&#8220; global_colors_info=&#8220;{}&#8220;]<\/p>\n<h3><span style=\"color: #ffffff;\">Unterst\u00fctzen<\/span><\/h3>\n<p><span style=\"color: #ffffff;\"><a href=\"mailto:support@beedle.co?subject=Beedle%20inquiry\" title=\"E-Mail an den Beedle-Support senden\" style=\"color: #ffffff;\">support@beedle.co<\/a><\/span>[\/et_pb_text][et_pb_text _builder_version=&#8220;4.16&#8243; _module_preset=&#8220;default&#8220; text_orientation=&#8220;center&#8220; custom_margin=&#8220;||10px||false|false&#8220; custom_padding=&#8220;10px||0px||false|false&#8220; global_colors_info=&#8220;{}&#8220;]<\/p>\n<h3><span style=\"color: #ffffff;\">Gemeinschaft<\/span><\/h3>\n<p>[\/et_pb_text][et_pb_social_media_follow icon_color=&#8220;#FFFFFF&#8220; use_icon_font_size=&#8220;on&#8220; _builder_version=&#8220;4.16&#8243; background_color=&#8220;RGBA(255,255,255,0)&#8220; text_orientation=&#8220;center&#8220; locked=&#8220;off&#8220; global_colors_info=&#8220;{}&#8220;][et_pb_social_media_follow_network social_network=&#8220;linkedin&#8220; url=&#8220;https:\/\/www.linkedin.com\/company\/beedle-co\/&#8220; icon_color=&#8220;#0072b1&#8243; _builder_version=&#8220;4.16&#8243; background_color=&#8220;#FFFFFF&#8220; background_enable_color=&#8220;on&#8220; global_colors_info=&#8220;{}&#8220; follow_button=&#8220;off&#8220; url_new_window=&#8220;on&#8220;]linkedin[\/et_pb_social_media_follow_network][et_pb_social_media_follow_network social_network=&#8220;twitter&#8220; url=&#8220;https:\/\/twitter.com\/Beedle_co&#8220; icon_color=&#8220;#1da1f2&#8243; _builder_version=&#8220;4.16&#8243; background_color=&#8220;#FFFFFF&#8220; background_enable_color=&#8220;on&#8220; global_colors_info=&#8220;{}&#8220; follow_button=&#8220;off&#8220; url_new_window=&#8220;on&#8220;]twitter[\/et_pb_social_media_follow_network][et_pb_social_media_follow_network social_network=&#8220;facebook&#8220; url=&#8220;https:\/\/www.facebook.com\/beedle.co&#8220; icon_color=&#8220;#4267b2&#8243; _builder_version=&#8220;4.16&#8243; background_color=&#8220;#FFFFFF&#8220; background_enable_color=&#8220;on&#8220; global_colors_info=&#8220;{}&#8220; follow_button=&#8220;off&#8220; url_new_window=&#8220;on&#8220;]facebook[\/et_pb_social_media_follow_network][\/et_pb_social_media_follow][\/et_pb_column][et_pb_column type=&#8220;1_4&#8243; _builder_version=&#8220;4.16&#8243; _module_preset=&#8220;default&#8220; global_colors_info=&#8220;{}&#8220;][et_pb_image src=&#8220;https:\/\/beedle.co\/wp-content\/uploads\/2021\/12\/Microsoft-Education-Specialist-Partner-badge_HR_White-1.png&#8220; title_text=&#8220;Microsoft Education Specialist Partner badge_HR_White&#8220; align=&#8220;center&#8220; _builder_version=&#8220;4.16&#8243; _module_preset=&#8220;default&#8220; module_alignment=&#8220;center&#8220; max_height=&#8220;120px&#8220; custom_margin=&#8220;auto|auto|auto|auto|false|false&#8220; global_colors_info=&#8220;{}&#8220;][\/et_pb_image][\/et_pb_column][\/et_pb_row][et_pb_row _builder_version=&#8220;4.16&#8243; _module_preset=&#8220;default&#8220; custom_padding=&#8220;||10px||false|false&#8220; global_colors_info=&#8220;{}&#8220;][et_pb_column type=&#8220;4_4&#8243; _builder_version=&#8220;4.16&#8243; _module_preset=&#8220;default&#8220; global_colors_info=&#8220;{}&#8220;][et_pb_text module_class=&#8220;legal&#8220; _builder_version=&#8220;4.16&#8243; _module_preset=&#8220;default&#8220; text_font_size=&#8220;10px&#8220; text_orientation=&#8220;center&#8220; custom_margin=&#8220;0px||0px||false|false&#8220; custom_padding=&#8220;0px||0px||false|false&#8220; global_colors_info=&#8220;{}&#8220;]<\/p>\n<p><span style=\"color: #ffffff;\"><a href=\"https:\/\/beedle.co\/de\/nutzungsbedingungen\/\" title=\"Nutzungsbedingungen\" style=\"color: #ffffff;\">Nutzungsbedingungen<\/a> \u2022 <a href=\"https:\/\/beedle.co\/de\/datenschutz\/\" title=\"Datenschutz\" style=\"color: #ffffff;\">Datenschutzerkl\u00e4rung<\/a> \u2022 <a href=\"https:\/\/beedle.co\/data-processing-agreement\/\" title=\"Datenverarbeitungsvertrag\" style=\"color: #ffffff;\">Datenverarbeitungsvertrag<\/a><\/span><\/p>\n<p>[\/et_pb_text][\/et_pb_column][\/et_pb_row][\/et_pb_section]<\/p>\n","protected":false},"excerpt":{"rendered":"<p>\u00dcber uns Wir sind qualifizierte Lehrer, Entwickler und technische Spezialisten mit 20 Jahren Erfahrung im Bildungssektor, die sich f\u00fcr Bildung und Technologie begeistern. Unser Firmenhauptsitz ist in Reykjav\u00edk auf Island, aber unsere Beedle Ansprechpartner finden Sie auchin Gro\u00dfbritannien, Deutschland, den Niederlanden, der Schweiz, Spanien, Schweden und Polen.M\u00f6chten Sie Teil unseres Teams werden? Wir sind immer [&hellip;]<\/p>\n","protected":false},"author":8,"featured_media":13129,"parent":0,"menu_order":0,"comment_status":"closed","ping_status":"closed","template":"","meta":{"_acf_changed":false,"_et_pb_use_builder":"on","_et_pb_old_content":"","_et_gb_content_width":"","content-type":"","footnotes":""},"acf":[],"yoast_head":"<!-- This site is optimized with the Yoast SEO plugin v23.0 - https:\/\/yoast.com\/wordpress\/plugins\/seo\/ -->\n<title>\u00dcber uns | Beedle<\/title>\n<meta name=\"description\" content=\"Beedle is a tool for teachers using Microsoft Teams. Supercharge your Microsoft Teams with all of the unique possibilities Beedle provides.\" \/>\n<meta name=\"robots\" content=\"index, follow, max-snippet:-1, max-image-preview:large, max-video-preview:-1\" \/>\n<link rel=\"canonical\" href=\"https:\/\/beedle.co\/de\/ueber-uns\/\" \/>\n<meta property=\"og:locale\" content=\"de_DE\" \/>\n<meta property=\"og:type\" content=\"article\" \/>\n<meta property=\"og:title\" content=\"\u00dcber uns | Beedle\" \/>\n<meta property=\"og:description\" content=\"Beedle is a tool for teachers using Microsoft Teams. Supercharge your Microsoft Teams with all of the unique possibilities Beedle provides.\" \/>\n<meta property=\"og:url\" content=\"https:\/\/beedle.co\/de\/ueber-uns\/\" \/>\n<meta property=\"og:site_name\" content=\"Beedle\" \/>\n<meta property=\"article:publisher\" content=\"https:\/\/www.facebook.com\/beedle.co\" \/>\n<meta property=\"article:modified_time\" content=\"2024-06-18T17:47:44+00:00\" \/>\n<meta property=\"og:image\" content=\"https:\/\/beedle.co\/wp-content\/uploads\/2021\/11\/partner-with-beedle-300x300.jpg\" \/>\n<meta name=\"twitter:card\" content=\"summary_large_image\" \/>\n<meta name=\"twitter:image\" content=\"https:\/\/beedle.co\/wp-content\/uploads\/2021\/11\/partner-with-beedle-1024x1024.jpg\" \/>\n<meta name=\"twitter:site\" content=\"@Beedle_co\" \/>\n<meta name=\"twitter:label1\" content=\"Gesch\u00e4tzte Lesezeit\" \/>\n\t<meta name=\"twitter:data1\" content=\"6\u00a0Minuten\" \/>\n<script type=\"application\/ld+json\" class=\"yoast-schema-graph\">{\"@context\":\"https:\/\/schema.org\",\"@graph\":[{\"@type\":\"WebPage\",\"@id\":\"https:\/\/beedle.co\/de\/ueber-uns\/\",\"url\":\"https:\/\/beedle.co\/de\/ueber-uns\/\",\"name\":\"\u00dcber uns | Beedle\",\"isPartOf\":{\"@id\":\"https:\/\/beedle.co\/#website\"},\"primaryImageOfPage\":{\"@id\":\"https:\/\/beedle.co\/de\/ueber-uns\/#primaryimage\"},\"image\":{\"@id\":\"https:\/\/beedle.co\/de\/ueber-uns\/#primaryimage\"},\"thumbnailUrl\":\"https:\/\/beedle.co\/wp-content\/uploads\/2022\/05\/About-us-1.svg\",\"datePublished\":\"2021-12-11T04:51:08+00:00\",\"dateModified\":\"2024-06-18T17:47:44+00:00\",\"description\":\"Beedle is a tool for teachers using Microsoft Teams. Supercharge your Microsoft Teams with all of the unique possibilities Beedle provides.\",\"breadcrumb\":{\"@id\":\"https:\/\/beedle.co\/de\/ueber-uns\/#breadcrumb\"},\"inLanguage\":\"de\",\"potentialAction\":[{\"@type\":\"ReadAction\",\"target\":[\"https:\/\/beedle.co\/de\/ueber-uns\/\"]}]},{\"@type\":\"ImageObject\",\"inLanguage\":\"de\",\"@id\":\"https:\/\/beedle.co\/de\/ueber-uns\/#primaryimage\",\"url\":\"https:\/\/beedle.co\/wp-content\/uploads\/2022\/05\/About-us-1.svg\",\"contentUrl\":\"https:\/\/beedle.co\/wp-content\/uploads\/2022\/05\/About-us-1.svg\"},{\"@type\":\"BreadcrumbList\",\"@id\":\"https:\/\/beedle.co\/de\/ueber-uns\/#breadcrumb\",\"itemListElement\":[{\"@type\":\"ListItem\",\"position\":1,\"name\":\"Home\",\"item\":\"https:\/\/beedle.co\/de\/\"},{\"@type\":\"ListItem\",\"position\":2,\"name\":\"\u00dcber uns\"}]},{\"@type\":\"WebSite\",\"@id\":\"https:\/\/beedle.co\/#website\",\"url\":\"https:\/\/beedle.co\/\",\"name\":\"Beedle\",\"description\":\"Tools for Teachers in Microsoft Teams.\",\"publisher\":{\"@id\":\"https:\/\/beedle.co\/#organization\"},\"potentialAction\":[{\"@type\":\"SearchAction\",\"target\":{\"@type\":\"EntryPoint\",\"urlTemplate\":\"https:\/\/beedle.co\/?s={search_term_string}\"},\"query-input\":\"required name=search_term_string\"}],\"inLanguage\":\"de\"},{\"@type\":\"Organization\",\"@id\":\"https:\/\/beedle.co\/#organization\",\"name\":\"Beedle\",\"url\":\"https:\/\/beedle.co\/\",\"logo\":{\"@type\":\"ImageObject\",\"inLanguage\":\"de\",\"@id\":\"https:\/\/beedle.co\/#\/schema\/logo\/image\/\",\"url\":\"https:\/\/staging.beedle.co\/wp-content\/uploads\/2019\/10\/Beedle-Logo-Green@4x.png\",\"contentUrl\":\"https:\/\/staging.beedle.co\/wp-content\/uploads\/2019\/10\/Beedle-Logo-Green@4x.png\",\"width\":373,\"height\":396,\"caption\":\"Beedle\"},\"image\":{\"@id\":\"https:\/\/beedle.co\/#\/schema\/logo\/image\/\"},\"sameAs\":[\"https:\/\/www.facebook.com\/beedle.co\",\"https:\/\/x.com\/Beedle_co\",\"https:\/\/www.linkedin.com\/company\/beedle-co\/\",\"https:\/\/www.youtube.com\/channel\/UC_ENnS8BLCo3cGPVPSclfpQ\"]}]}<\/script>\n<!-- \/ Yoast SEO plugin. -->","yoast_head_json":{"title":"\u00dcber uns | Beedle","description":"Beedle is a tool for teachers using Microsoft Teams. Supercharge your Microsoft Teams with all of the unique possibilities Beedle provides.","robots":{"index":"index","follow":"follow","max-snippet":"max-snippet:-1","max-image-preview":"max-image-preview:large","max-video-preview":"max-video-preview:-1"},"canonical":"https:\/\/beedle.co\/de\/ueber-uns\/","og_locale":"de_DE","og_type":"article","og_title":"\u00dcber uns | Beedle","og_description":"Beedle is a tool for teachers using Microsoft Teams. Supercharge your Microsoft Teams with all of the unique possibilities Beedle provides.","og_url":"https:\/\/beedle.co\/de\/ueber-uns\/","og_site_name":"Beedle","article_publisher":"https:\/\/www.facebook.com\/beedle.co","article_modified_time":"2024-06-18T17:47:44+00:00","og_image":[{"url":"https:\/\/beedle.co\/wp-content\/uploads\/2021\/11\/partner-with-beedle-300x300.jpg"}],"twitter_card":"summary_large_image","twitter_image":"https:\/\/beedle.co\/wp-content\/uploads\/2021\/11\/partner-with-beedle-1024x1024.jpg","twitter_site":"@Beedle_co","twitter_misc":{"Gesch\u00e4tzte Lesezeit":"6\u00a0Minuten"},"schema":{"@context":"https:\/\/schema.org","@graph":[{"@type":"WebPage","@id":"https:\/\/beedle.co\/de\/ueber-uns\/","url":"https:\/\/beedle.co\/de\/ueber-uns\/","name":"\u00dcber uns | Beedle","isPartOf":{"@id":"https:\/\/beedle.co\/#website"},"primaryImageOfPage":{"@id":"https:\/\/beedle.co\/de\/ueber-uns\/#primaryimage"},"image":{"@id":"https:\/\/beedle.co\/de\/ueber-uns\/#primaryimage"},"thumbnailUrl":"https:\/\/beedle.co\/wp-content\/uploads\/2022\/05\/About-us-1.svg","datePublished":"2021-12-11T04:51:08+00:00","dateModified":"2024-06-18T17:47:44+00:00","description":"Beedle is a tool for teachers using Microsoft Teams. Supercharge your Microsoft Teams with all of the unique possibilities Beedle provides.","breadcrumb":{"@id":"https:\/\/beedle.co\/de\/ueber-uns\/#breadcrumb"},"inLanguage":"de","potentialAction":[{"@type":"ReadAction","target":["https:\/\/beedle.co\/de\/ueber-uns\/"]}]},{"@type":"ImageObject","inLanguage":"de","@id":"https:\/\/beedle.co\/de\/ueber-uns\/#primaryimage","url":"https:\/\/beedle.co\/wp-content\/uploads\/2022\/05\/About-us-1.svg","contentUrl":"https:\/\/beedle.co\/wp-content\/uploads\/2022\/05\/About-us-1.svg"},{"@type":"BreadcrumbList","@id":"https:\/\/beedle.co\/de\/ueber-uns\/#breadcrumb","itemListElement":[{"@type":"ListItem","position":1,"name":"Home","item":"https:\/\/beedle.co\/de\/"},{"@type":"ListItem","position":2,"name":"\u00dcber uns"}]},{"@type":"WebSite","@id":"https:\/\/beedle.co\/#website","url":"https:\/\/beedle.co\/","name":"Beedle","description":"Tools for Teachers in Microsoft Teams.","publisher":{"@id":"https:\/\/beedle.co\/#organization"},"potentialAction":[{"@type":"SearchAction","target":{"@type":"EntryPoint","urlTemplate":"https:\/\/beedle.co\/?s={search_term_string}"},"query-input":"required name=search_term_string"}],"inLanguage":"de"},{"@type":"Organization","@id":"https:\/\/beedle.co\/#organization","name":"Beedle","url":"https:\/\/beedle.co\/","logo":{"@type":"ImageObject","inLanguage":"de","@id":"https:\/\/beedle.co\/#\/schema\/logo\/image\/","url":"https:\/\/staging.beedle.co\/wp-content\/uploads\/2019\/10\/Beedle-Logo-Green@4x.png","contentUrl":"https:\/\/staging.beedle.co\/wp-content\/uploads\/2019\/10\/Beedle-Logo-Green@4x.png","width":373,"height":396,"caption":"Beedle"},"image":{"@id":"https:\/\/beedle.co\/#\/schema\/logo\/image\/"},"sameAs":["https:\/\/www.facebook.com\/beedle.co","https:\/\/x.com\/Beedle_co","https:\/\/www.linkedin.com\/company\/beedle-co\/","https:\/\/www.youtube.com\/channel\/UC_ENnS8BLCo3cGPVPSclfpQ"]}]}},"_links":{"self":[{"href":"https:\/\/beedle.co\/de\/wp-json\/wp\/v2\/pages\/10402"}],"collection":[{"href":"https:\/\/beedle.co\/de\/wp-json\/wp\/v2\/pages"}],"about":[{"href":"https:\/\/beedle.co\/de\/wp-json\/wp\/v2\/types\/page"}],"author":[{"embeddable":true,"href":"https:\/\/beedle.co\/de\/wp-json\/wp\/v2\/users\/8"}],"replies":[{"embeddable":true,"href":"https:\/\/beedle.co\/de\/wp-json\/wp\/v2\/comments?post=10402"}],"version-history":[{"count":2,"href":"https:\/\/beedle.co\/de\/wp-json\/wp\/v2\/pages\/10402\/revisions"}],"predecessor-version":[{"id":16035,"href":"https:\/\/beedle.co\/de\/wp-json\/wp\/v2\/pages\/10402\/revisions\/16035"}],"wp:featuredmedia":[{"embeddable":true,"href":"https:\/\/beedle.co\/de\/wp-json\/wp\/v2\/media\/13129"}],"wp:attachment":[{"href":"https:\/\/beedle.co\/de\/wp-json\/wp\/v2\/media?parent=10402"}],"curies":[{"name":"wp","href":"https:\/\/api.w.org\/{rel}","templated":true}]}}